{"id":8511,"date":"2024-11-01T15:03:09","date_gmt":"2024-11-01T15:03:09","guid":{"rendered":"https:\/\/ruumistruumi.ee\/pood\/perlowa-zielen-kummut-stilig-st308-mdf-ja-roostevaba-teras\/"},"modified":"2025-04-10T11:58:30","modified_gmt":"2025-04-10T11:58:30","slug":"roheline-kummut-stilig-st308-mdf-ja-roostevaba-teras","status":"publish","type":"product","link":"https:\/\/blankpage.ee\/_ruumist-ruumi\/pood\/roheline-kummut-stilig-st308-mdf-ja-roostevaba-teras\/","title":{"rendered":"Roheline kummut Stilig ST308, MDF ja roostevaba teras"},"content":{"rendered":"<p>Stilig ST308 kummut elutuppa. See ainulaadne kummut toob teie elutuppa v\u00e4rskust ja stiili. Perloovroheline toon koos mustade jalgade ja kuldsete aktsentidega loob elegantse ja kaasaegse ilme. Kummuti esik\u00fcljed on kaunistatud s\u00fcmmeetrilise 3D struktuuriga, mis lisab ruumile s\u00fcgavust ja isikup\u00e4ra.<\/p>\n<p>Kummuti nelja ukse taga peitub kaks reguleeritavat riiulit, mis pakuvad piisavalt hoiuruumi teie elutoa tarvikutele. Milled k\u00e4epidemed ja push-to-open mehhanism tagavad sujuva ja mugava kasutuskogemuse. Pehme sulgumise funktsioon lisab veelgi mugavust ja hoiab \u00e4ra uste ja sahtlite \u00e4kilise sulgumise. Jalad on varustatud reguleeritavate libisemisvastaste alustega, mis tagavad stabiilsuse ka ebatasasel pinnal.<\/p>\n<p>Omadused:<br \/>\n<strong>Materjal:<\/strong> MDF ja roostevaba teras.<br \/>\n<strong>V\u00e4rv:<\/strong> Perloovroheline esik\u00fclg, mustad jalad kuldsete aktsentidega.<br \/>\n<strong>M\u00f5\u00f5tmed:<\/strong> Laius 150 cm, s\u00fcgavus 40 cm, k\u00f5rgus 88 cm.<br \/>\n<strong>T\u00e4iendavad detailid:<\/strong> Parametrilised esik\u00fcljed geomeetrilise mustriga, reguleeritav sisemine riiul, pehme sulgumine.<br \/>\n<strong>Kokkupanek:<\/strong> Kokkupandud, ei vaja paigaldust. S\u00e4\u00e4stab aega ja vaeva.<\/p>\n<p>&nbsp;<\/p>\n","protected":false},"excerpt":{"rendered":"<p>Stilig ST308 kummut elutuppa. See ainulaadne kummut toob teie elutuppa v\u00e4rskust ja stiili. Perloovroheline toon koos mustade jalgade ja kuldsete aktsentidega loob elegantse ja kaasaegse ilme. Kummuti esik\u00fcljed on kaunistatud s\u00fcmmeetrilise 3D struktuuriga, mis lisab ruumile s\u00fcgavust ja isikup\u00e4ra. Kummuti nelja ukse taga peitub kaks reguleeritavat riiulit, mis pakuvad piisavalt hoiuruumi teie elutoa tarvikutele. Milled [&hellip;]<\/p>\n","protected":false},"featured_media":8512,"comment_status":"open","ping_status":"closed","template":"","meta":[],"product_brand":[],"product_cat":[81],"product_tag":[],"class_list":{"0":"post-8511","1":"product","2":"type-product","3":"status-publish","4":"has-post-thumbnail","6":"product_cat-kapid-riiulid-ja-kummutid","7":"product_shipping_class-livin-hill","8":"pa_kaepidemed-freesitud-kaepidemed","9":"pa_kollektsioon-stilig","10":"pa_materjal-mdf-roostevaba-teras","11":"pa_riiulite-arv-76","12":"pa_uste-arv-75","13":"pa_varv-roheline","15":"first","16":"instock","17":"sale","18":"taxable","19":"shipping-taxable","20":"purchasable","21":"product-type-simple"},"_links":{"self":[{"href":"https:\/\/blankpage.ee\/_ruumist-ruumi\/wp-json\/wp\/v2\/product\/8511","targetHints":{"allow":["GET"]}}],"collection":[{"href":"https:\/\/blankpage.ee\/_ruumist-ruumi\/wp-json\/wp\/v2\/product"}],"about":[{"href":"https:\/\/blankpage.ee\/_ruumist-ruumi\/wp-json\/wp\/v2\/types\/product"}],"replies":[{"embeddable":true,"href":"https:\/\/blankpage.ee\/_ruumist-ruumi\/wp-json\/wp\/v2\/comments?post=8511"}],"wp:featuredmedia":[{"embeddable":true,"href":"https:\/\/blankpage.ee\/_ruumist-ruumi\/wp-json\/wp\/v2\/media\/8512"}],"wp:attachment":[{"href":"https:\/\/blankpage.ee\/_ruumist-ruumi\/wp-json\/wp\/v2\/media?parent=8511"}],"wp:term":[{"taxonomy":"product_brand","embeddable":true,"href":"https:\/\/blankpage.ee\/_ruumist-ruumi\/wp-json\/wp\/v2\/product_brand?post=8511"},{"taxonomy":"product_cat","embeddable":true,"href":"https:\/\/blankpage.ee\/_ruumist-ruumi\/wp-json\/wp\/v2\/product_cat?post=8511"},{"taxonomy":"product_tag","embeddable":true,"href":"https:\/\/blankpage.ee\/_ruumist-ruumi\/wp-json\/wp\/v2\/product_tag?post=8511"}],"curies":[{"name":"wp","href":"https:\/\/api.w.org\/{rel}","templated":true}]}}