{"id":8514,"date":"2024-11-01T15:03:42","date_gmt":"2024-11-01T15:03:42","guid":{"rendered":"https:\/\/ruumistruumi.ee\/pood\/helehall-ja-kuldsete-detailidega-kummut-stilig-st310-mdf-ja-roostevabast-terasest\/"},"modified":"2025-04-10T11:58:30","modified_gmt":"2025-04-10T11:58:30","slug":"helehall-kummut-stilig-st310-mdf-ja-roostevaba-teras","status":"publish","type":"product","link":"https:\/\/blankpage.ee\/_ruumist-ruumi\/pood\/helehall-kummut-stilig-st310-mdf-ja-roostevaba-teras\/","title":{"rendered":"Helehall kummut Stilig ST310, MDF ja roostevaba teras"},"content":{"rendered":"<p>Stilig ST310 kummut elutuppa. See elegantne helehall kummut kuldsete aktsentidega on ideaalne lisa igasse elutuppa. Kuldsete k\u00e4epidemete ja jalgadega detailid lisavad luksuslikkust ja stiili. Uste esik\u00fcljed on kaunistatud reljeefsete kaarekujundustega, mis harmoneeruvad ideaalselt k\u00e4epidemete kujuga.<\/p>\n<p>Kummutil on neli ust ja kaks reguleeritavat riiulit, pakkudes piisavalt ruumi teie esemete hoidmiseks. Pehme sulgumise mehhanism tagab sujuva ja vaikse kasutamise. Reguleeritavad jalad v\u00f5imaldavad kummutit h\u00f5lpsasti kohandada eba\u00fchtlasele p\u00f5randale. Valmistatud MDF-ist ja roostevabast terasest, see kummut on vastupidav ja kauakestev.<\/p>\n<p>Omadused:<br \/>\n<strong>Materjal:<\/strong> MDF ja roostevaba teras.<br \/>\n<strong>V\u00e4rv:<\/strong> Helehall kuldsete aktsentidega.<br \/>\n<strong>M\u00f5\u00f5tmed:<\/strong> Laius 180 cm, s\u00fcgavus 40 cm, k\u00f5rgus 88 cm.<br \/>\n<strong>T\u00e4iendavad detailid:<\/strong> Reljeefsed kaared esik\u00fclgedel, metallist k\u00e4epidemed, reguleeritav sisemine riiul, pehme sulgumine, reguleeritavad jalad.<br \/>\n<strong>Kokkupanek:<\/strong> Kokkupandud, ei vaja paigaldust. S\u00e4\u00e4stab aega ja vaeva.<\/p>\n<p>&nbsp;<\/p>\n","protected":false},"excerpt":{"rendered":"<p>Stilig ST310 kummut elutuppa. See elegantne helehall kummut kuldsete aktsentidega on ideaalne lisa igasse elutuppa. Kuldsete k\u00e4epidemete ja jalgadega detailid lisavad luksuslikkust ja stiili. Uste esik\u00fcljed on kaunistatud reljeefsete kaarekujundustega, mis harmoneeruvad ideaalselt k\u00e4epidemete kujuga. Kummutil on neli ust ja kaks reguleeritavat riiulit, pakkudes piisavalt ruumi teie esemete hoidmiseks. Pehme sulgumise mehhanism tagab sujuva ja [&hellip;]<\/p>\n","protected":false},"featured_media":8515,"comment_status":"open","ping_status":"closed","template":"","meta":[],"product_brand":[],"product_cat":[81],"product_tag":[],"class_list":{"0":"post-8514","1":"product","2":"type-product","3":"status-publish","4":"has-post-thumbnail","6":"product_cat-kapid-riiulid-ja-kummutid","7":"product_shipping_class-livin-hill","8":"pa_kaepidemed-metall","9":"pa_kollektsioon-stilig","10":"pa_materjal-mdf-roostevaba-teras","11":"pa_riiulite-arv-76","12":"pa_uste-arv-75","13":"pa_varv-hall","15":"first","16":"instock","17":"sale","18":"taxable","19":"shipping-taxable","20":"purchasable","21":"product-type-simple"},"_links":{"self":[{"href":"https:\/\/blankpage.ee\/_ruumist-ruumi\/wp-json\/wp\/v2\/product\/8514","targetHints":{"allow":["GET"]}}],"collection":[{"href":"https:\/\/blankpage.ee\/_ruumist-ruumi\/wp-json\/wp\/v2\/product"}],"about":[{"href":"https:\/\/blankpage.ee\/_ruumist-ruumi\/wp-json\/wp\/v2\/types\/product"}],"replies":[{"embeddable":true,"href":"https:\/\/blankpage.ee\/_ruumist-ruumi\/wp-json\/wp\/v2\/comments?post=8514"}],"wp:featuredmedia":[{"embeddable":true,"href":"https:\/\/blankpage.ee\/_ruumist-ruumi\/wp-json\/wp\/v2\/media\/8515"}],"wp:attachment":[{"href":"https:\/\/blankpage.ee\/_ruumist-ruumi\/wp-json\/wp\/v2\/media?parent=8514"}],"wp:term":[{"taxonomy":"product_brand","embeddable":true,"href":"https:\/\/blankpage.ee\/_ruumist-ruumi\/wp-json\/wp\/v2\/product_brand?post=8514"},{"taxonomy":"product_cat","embeddable":true,"href":"https:\/\/blankpage.ee\/_ruumist-ruumi\/wp-json\/wp\/v2\/product_cat?post=8514"},{"taxonomy":"product_tag","embeddable":true,"href":"https:\/\/blankpage.ee\/_ruumist-ruumi\/wp-json\/wp\/v2\/product_tag?post=8514"}],"curies":[{"name":"wp","href":"https:\/\/api.w.org\/{rel}","templated":true}]}}