{"id":8593,"date":"2024-11-01T15:10:05","date_gmt":"2024-11-01T15:10:05","guid":{"rendered":"https:\/\/ruumistruumi.ee\/pood\/taupe-hall-kirjutuslaud-avola-av1356-48-akatsiapuust-vaneerist\/"},"modified":"2025-06-17T08:58:10","modified_gmt":"2025-06-17T08:58:10","slug":"hall-kirjutuslaud-avola-av1356-48-akaatsiapuidust","status":"publish","type":"product","link":"https:\/\/blankpage.ee\/_ruumist-ruumi\/pood\/hall-kirjutuslaud-avola-av1356-48-akaatsiapuidust\/","title":{"rendered":"Hall kirjutuslaud Avola AV1356-48, akaatsiapuidust"},"content":{"rendered":"<p>Avola AV1356-48 kirjutuslaud kodukontorisse. See klassikalise stiiliga laud on viimistletud hallikaspruuni tooniga, mis meenutab looduslikku puitu. Kirjutuslaual on funktsionaalsed sahtlid, millel on kalasabamuster, ning sisseehitatud pistikupesa ja USB pordid, mis muudavad t\u00f6\u00f6ruumi veelgi praktilisemaks.<\/p>\n<p>Laua valmistamisel on kasutatud vastupidavat akaatsiapuitu ja vineeri, mis tagavad selle pikaealisuse ja kvaliteedi. Metallist k\u00e4epidemed lisavad lauale elegantset viimistlust. Sahtlite m\u00f5\u00f5tmed on 26,5 x 28 x 5 cm, pakkudes piisavalt hoiuruumi igap\u00e4evaste t\u00f6\u00f6vahendite jaoks. Sisseehitatud toite\u00fchik kahe pistikupesa ja kahe USB pordiga v\u00f5imaldab mugavalt laadida seadmeid otse laua pealt.<\/p>\n<p>Omadused:<br \/>\n<strong>Materjal:<\/strong> Akaatsiapuit ja vineer.<br \/>\n<strong>V\u00e4rv:<\/strong> Taupe hall.<br \/>\n<strong>M\u00f5\u00f5tmed:<\/strong> Laius 122 cm, s\u00fcgavus 46 cm, k\u00f5rgus 76 cm.<br \/>\n<strong>T\u00e4iendavad detailid:<\/strong> Kalasabamustriga sahtlid, pistikupesa ja USB pordid.<br \/>\n<strong>Kokkupanek:<\/strong> Osaliselt kokku pandud, ei vaja paigaldust. S\u00e4\u00e4stab aega ja vaeva.<\/p>\n<p>&nbsp;<\/p>\n","protected":false},"excerpt":{"rendered":"<p>Avola AV1356-48 kirjutuslaud kodukontorisse. See klassikalise stiiliga laud on viimistletud hallikaspruuni tooniga, mis meenutab looduslikku puitu. Kirjutuslaual on funktsionaalsed sahtlid, millel on kalasabamuster, ning sisseehitatud pistikupesa ja USB pordid, mis muudavad t\u00f6\u00f6ruumi veelgi praktilisemaks. Laua valmistamisel on kasutatud vastupidavat akaatsiapuitu ja vineeri, mis tagavad selle pikaealisuse ja kvaliteedi. Metallist k\u00e4epidemed lisavad lauale elegantset viimistlust. Sahtlite [&hellip;]<\/p>\n","protected":false},"featured_media":8594,"comment_status":"open","ping_status":"closed","template":"","meta":[],"product_brand":[],"product_cat":[116],"product_tag":[],"class_list":{"0":"post-8593","1":"product","2":"type-product","3":"status-publish","4":"has-post-thumbnail","6":"product_cat-kontorilauad","7":"product_shipping_class-livin-hill","8":"pa_kaepidemed-metall","9":"pa_kollektsioon-avola","10":"pa_materjal-akaatsiapuit","11":"pa_sahtlite-arv-95","12":"pa_varv-hall","14":"first","15":"instock","16":"sale","17":"taxable","18":"shipping-taxable","19":"purchasable","20":"product-type-simple"},"_links":{"self":[{"href":"https:\/\/blankpage.ee\/_ruumist-ruumi\/wp-json\/wp\/v2\/product\/8593","targetHints":{"allow":["GET"]}}],"collection":[{"href":"https:\/\/blankpage.ee\/_ruumist-ruumi\/wp-json\/wp\/v2\/product"}],"about":[{"href":"https:\/\/blankpage.ee\/_ruumist-ruumi\/wp-json\/wp\/v2\/types\/product"}],"replies":[{"embeddable":true,"href":"https:\/\/blankpage.ee\/_ruumist-ruumi\/wp-json\/wp\/v2\/comments?post=8593"}],"wp:featuredmedia":[{"embeddable":true,"href":"https:\/\/blankpage.ee\/_ruumist-ruumi\/wp-json\/wp\/v2\/media\/8594"}],"wp:attachment":[{"href":"https:\/\/blankpage.ee\/_ruumist-ruumi\/wp-json\/wp\/v2\/media?parent=8593"}],"wp:term":[{"taxonomy":"product_brand","embeddable":true,"href":"https:\/\/blankpage.ee\/_ruumist-ruumi\/wp-json\/wp\/v2\/product_brand?post=8593"},{"taxonomy":"product_cat","embeddable":true,"href":"https:\/\/blankpage.ee\/_ruumist-ruumi\/wp-json\/wp\/v2\/product_cat?post=8593"},{"taxonomy":"product_tag","embeddable":true,"href":"https:\/\/blankpage.ee\/_ruumist-ruumi\/wp-json\/wp\/v2\/product_tag?post=8593"}],"curies":[{"name":"wp","href":"https:\/\/api.w.org\/{rel}","templated":true}]}}