{"id":8624,"date":"2024-11-01T15:12:20","date_gmt":"2024-11-01T15:12:20","guid":{"rendered":"https:\/\/ruumistruumi.ee\/pood\/valge-korge-kummut-avola-av2293-33-akatsiapuust-ja-vineerist\/"},"modified":"2025-04-10T11:58:32","modified_gmt":"2025-04-10T11:58:32","slug":"valge-korge-kummut-avola-av2293-33-akatsiapuust-ja-vineerist","status":"publish","type":"product","link":"https:\/\/blankpage.ee\/_ruumist-ruumi\/pood\/valge-korge-kummut-avola-av2293-33-akatsiapuust-ja-vineerist\/","title":{"rendered":"Valge vitriinkapp Avola AV2293-33, akaatsiapuidust"},"content":{"rendered":"<p>Avola AV2293-33 k\u00f5rge kapp elutuppa. See elegantne valge k\u00f5rge kapp on kaunistatud kahe klaasuksega, millel on dekoratiivsed kaared ja peened piklikud k\u00e4epidemed. Lihtne vorm on rikastatud freesitud servade ja n\u00e4htava vineerstruktuuriga, mis lisab isikup\u00e4ra igasse elutuppa.<\/p>\n<p>Kapi funktsionaalsus ja esteetika on kombineeritud, pakkudes praktilist hoiuruumi ja stiilset v\u00e4limust. Kaks ust avavad ruumi, kus on \u00fcks reguleeritav riiul, mis v\u00f5imaldab mugavalt paigutada erinevaid esemeid. Klaasist uksed on valmistatud 5mm karastatud klaasist, mis tagab vastupidavuse ja turvalisuse. Metallist k\u00e4epidemed lisavad modernset puudutust ja on samas praktilised igap\u00e4evaseks kasutamiseks.<\/p>\n<p>Omadused:<br \/>\n<strong>Materjal:<\/strong> Akaatsiapuit ja vineer.<br \/>\n<strong>V\u00e4rv:<\/strong> Valge v\u00e4rv v\u00e4ljast, naturaalne puidu interj\u00f6\u00f6r.<br \/>\n<strong>M\u00f5\u00f5tmed:<\/strong> Laius 84 cm, s\u00fcgavus 43 cm, k\u00f5rgus 91,5 cm.<br \/>\n<strong>T\u00e4iendavad detailid:<\/strong> 2 ust, 1 reguleeritav riiul, 5mm karastatud klaas.<br \/>\n<strong>Kokkupanek:<\/strong> Kokkupandud, ei vaja paigaldust. S\u00e4\u00e4stab aega ja vaeva.<\/p>\n<p>&nbsp;<\/p>\n","protected":false},"excerpt":{"rendered":"<p>Avola AV2293-33 k\u00f5rge kapp elutuppa. See elegantne valge k\u00f5rge kapp on kaunistatud kahe klaasuksega, millel on dekoratiivsed kaared ja peened piklikud k\u00e4epidemed. Lihtne vorm on rikastatud freesitud servade ja n\u00e4htava vineerstruktuuriga, mis lisab isikup\u00e4ra igasse elutuppa. Kapi funktsionaalsus ja esteetika on kombineeritud, pakkudes praktilist hoiuruumi ja stiilset v\u00e4limust. Kaks ust avavad ruumi, kus on \u00fcks [&hellip;]<\/p>\n","protected":false},"featured_media":8625,"comment_status":"open","ping_status":"open","template":"","meta":[],"product_brand":[],"product_cat":[71],"product_tag":[],"class_list":{"0":"post-8624","1":"product","2":"type-product","3":"status-publish","4":"has-post-thumbnail","6":"product_cat-moobel","7":"product_shipping_class-livin-hill","8":"pa_kaepidemed-metall","9":"pa_kollektsioon-avola","10":"pa_materjal-akaatsiapuit","11":"pa_riiulite-arv-99","12":"pa_uste-arv-94","13":"pa_varv-valge","15":"first","16":"instock","17":"sale","18":"taxable","19":"shipping-taxable","20":"purchasable","21":"product-type-simple"},"_links":{"self":[{"href":"https:\/\/blankpage.ee\/_ruumist-ruumi\/wp-json\/wp\/v2\/product\/8624","targetHints":{"allow":["GET"]}}],"collection":[{"href":"https:\/\/blankpage.ee\/_ruumist-ruumi\/wp-json\/wp\/v2\/product"}],"about":[{"href":"https:\/\/blankpage.ee\/_ruumist-ruumi\/wp-json\/wp\/v2\/types\/product"}],"replies":[{"embeddable":true,"href":"https:\/\/blankpage.ee\/_ruumist-ruumi\/wp-json\/wp\/v2\/comments?post=8624"}],"wp:featuredmedia":[{"embeddable":true,"href":"https:\/\/blankpage.ee\/_ruumist-ruumi\/wp-json\/wp\/v2\/media\/8625"}],"wp:attachment":[{"href":"https:\/\/blankpage.ee\/_ruumist-ruumi\/wp-json\/wp\/v2\/media?parent=8624"}],"wp:term":[{"taxonomy":"product_brand","embeddable":true,"href":"https:\/\/blankpage.ee\/_ruumist-ruumi\/wp-json\/wp\/v2\/product_brand?post=8624"},{"taxonomy":"product_cat","embeddable":true,"href":"https:\/\/blankpage.ee\/_ruumist-ruumi\/wp-json\/wp\/v2\/product_cat?post=8624"},{"taxonomy":"product_tag","embeddable":true,"href":"https:\/\/blankpage.ee\/_ruumist-ruumi\/wp-json\/wp\/v2\/product_tag?post=8624"}],"curies":[{"name":"wp","href":"https:\/\/api.w.org\/{rel}","templated":true}]}}