{"id":8629,"date":"2024-11-01T15:41:56","date_gmt":"2024-11-01T15:41:56","guid":{"rendered":"https:\/\/ruumistruumi.ee\/pood\/valge-avola-av2293-96-kummut-akatsiapuust\/"},"modified":"2025-04-10T11:58:33","modified_gmt":"2025-04-10T11:58:33","slug":"valge-avola-av2293-96-kummut-akatsiapuust","status":"publish","type":"product","link":"https:\/\/blankpage.ee\/_ruumist-ruumi\/pood\/valge-avola-av2293-96-kummut-akatsiapuust\/","title":{"rendered":"Valge Avola AV2293-96 kummut, akaatsiapuidust"},"content":{"rendered":"<p>Avola AV2293-96 kummut elutuppa. See elegantne valge kummut on loodud lisama teie eluruumile nii stiili kui ka praktilisust. Kuus klaasitud ust dekoratiivsete kaarte ja peente piklike k\u00e4epidemetega annavad sellele m\u00f6\u00f6bliesemele unikaalse v\u00e4limuse. Lihtne vorm on rikastatud freesitud servade ja n\u00e4htava spoonistruktuuriga, mis lisavad sellele iseloomu.<\/p>\n<p>Kummuti kuus ust ja kolm reguleeritavat riiulit pakuvad rohkelt hoiuruumi, et hoida teie elutuba korras ja organiseeritud. Uste klaasid on valmistatud 5 mm karastatud klaasist, mis tagab vastupidavuse ja turvalisuse. Metallist k\u00e4epidemed lisavad modernset elegantsi ja muudavad uste avamise lihtsaks.<\/p>\n<p>Avola kollektsiooni kuuluv kummut on valmistatud kvaliteetsest akaatsiapuidust ja spoonist, mis tagavad vastupidavuse ja pikaealisuse. Selle sisemus on naturaalses puidutoonis, mis loob meeldiva kontrasti valge v\u00e4lisviimistlusega. Kummuti laius on 244 cm, s\u00fcgavus 43 cm ja k\u00f5rgus 91,5 cm, pakkudes piisavalt ruumi k\u00f5ikidele teie esemetele.<\/p>\n<p>Omadused:<br \/>\n<strong>Materjal:<\/strong> Akaatsiapuit ja spoon.<br \/>\n<strong>V\u00e4rv:<\/strong> Valge v\u00e4lisviimistlus, naturaalne puidu sisemus.<br \/>\n<strong>M\u00f5\u00f5tmed:<\/strong> Laius 244 cm, s\u00fcgavus 43 cm, k\u00f5rgus 91,5 cm.<br \/>\n<strong>T\u00e4iendavad detailid:<\/strong> Kuus ust, kolm reguleeritavat riiulit, 5 mm karastatud klaas, metallist k\u00e4epidemed.<br \/>\n<strong>Kokkupanek:<\/strong> Kokkupandud, ei vaja paigaldust. S\u00e4\u00e4stab aega ja vaeva.<\/p>\n<p>&nbsp;<\/p>\n","protected":false},"excerpt":{"rendered":"<p>Avola AV2293-96 kummut elutuppa. See elegantne valge kummut on loodud lisama teie eluruumile nii stiili kui ka praktilisust. Kuus klaasitud ust dekoratiivsete kaarte ja peente piklike k\u00e4epidemetega annavad sellele m\u00f6\u00f6bliesemele unikaalse v\u00e4limuse. Lihtne vorm on rikastatud freesitud servade ja n\u00e4htava spoonistruktuuriga, mis lisavad sellele iseloomu. Kummuti kuus ust ja kolm reguleeritavat riiulit pakuvad rohkelt hoiuruumi, [&hellip;]<\/p>\n","protected":false},"featured_media":8630,"comment_status":"open","ping_status":"closed","template":"","meta":[],"product_brand":[],"product_cat":[81],"product_tag":[],"class_list":{"0":"post-8629","1":"product","2":"type-product","3":"status-publish","4":"has-post-thumbnail","6":"product_cat-kapid-riiulid-ja-kummutid","7":"product_shipping_class-livin-hill","8":"pa_kaepidemed-metall","9":"pa_kollektsioon-avola","10":"pa_materjal-akaatsiapuit","11":"pa_riiulite-arv-89","12":"pa_uste-arv-241","13":"pa_varv-valge","15":"first","16":"instock","17":"sale","18":"taxable","19":"shipping-taxable","20":"purchasable","21":"product-type-simple"},"_links":{"self":[{"href":"https:\/\/blankpage.ee\/_ruumist-ruumi\/wp-json\/wp\/v2\/product\/8629","targetHints":{"allow":["GET"]}}],"collection":[{"href":"https:\/\/blankpage.ee\/_ruumist-ruumi\/wp-json\/wp\/v2\/product"}],"about":[{"href":"https:\/\/blankpage.ee\/_ruumist-ruumi\/wp-json\/wp\/v2\/types\/product"}],"replies":[{"embeddable":true,"href":"https:\/\/blankpage.ee\/_ruumist-ruumi\/wp-json\/wp\/v2\/comments?post=8629"}],"wp:featuredmedia":[{"embeddable":true,"href":"https:\/\/blankpage.ee\/_ruumist-ruumi\/wp-json\/wp\/v2\/media\/8630"}],"wp:attachment":[{"href":"https:\/\/blankpage.ee\/_ruumist-ruumi\/wp-json\/wp\/v2\/media?parent=8629"}],"wp:term":[{"taxonomy":"product_brand","embeddable":true,"href":"https:\/\/blankpage.ee\/_ruumist-ruumi\/wp-json\/wp\/v2\/product_brand?post=8629"},{"taxonomy":"product_cat","embeddable":true,"href":"https:\/\/blankpage.ee\/_ruumist-ruumi\/wp-json\/wp\/v2\/product_cat?post=8629"},{"taxonomy":"product_tag","embeddable":true,"href":"https:\/\/blankpage.ee\/_ruumist-ruumi\/wp-json\/wp\/v2\/product_tag?post=8629"}],"curies":[{"name":"wp","href":"https:\/\/api.w.org\/{rel}","templated":true}]}}