{"id":8650,"date":"2024-11-01T15:43:48","date_gmt":"2024-11-01T15:43:48","guid":{"rendered":"https:\/\/ruumistruumi.ee\/pood\/helepruun-polsterdatud-tool-leith-let71c-100-poluester\/"},"modified":"2025-06-17T08:58:12","modified_gmt":"2025-06-17T08:58:12","slug":"kaneelitooni-polsterdatud-tool-leith-let71c-100-poluester","status":"publish","type":"product","link":"https:\/\/blankpage.ee\/_ruumist-ruumi\/pood\/kaneelitooni-polsterdatud-tool-leith-let71c-100-poluester\/","title":{"rendered":"Kaneelitooni polsterdatud tool Leith LET71C, 100% pol\u00fcester"},"content":{"rendered":"<p>Leith LET71C polsterdatud tool s\u00f6\u00f6gituppa. See elegantne kaneelitooni polsterdatud tool on valmistatud k\u00f5rgeima kvaliteediga chenille-kangast. M\u00f6\u00f6bli lihtne vorm, mis p\u00f5hineb moekatel \u00fcmardatud kujunditel, toob igasse s\u00f6\u00f6gituppa luksuslikkust ja stiili.<\/p>\n<p>Leith kollektsiooni kuuluv tool pakub mitte ainult visuaalset naudingut, vaid ka suurep\u00e4rast istumismugavust. Tooli raam on valmistatud vastupidavast paplipuidust vineerist, mis tagab pikaajalise vastupidavuse ja stabiilsuse. Istmeosa on t\u00e4idetud k\u00f5rge tihedusega vahuga, mis koos lainelise vedrustuse ja rihmav\u00f6\u00f6dega tagab optimaalse toe ja mugavuse. Lopsakas chenille-polster on pehme ja vastupidav, pakkudes meeldivat istumiskogemust igal s\u00f6\u00f6gikorral.<\/p>\n<p>Kaneelitooni polster lisab ruumile soojust ja elegantsi, sobitudes suurep\u00e4raselt erinevate interj\u00f6\u00f6ristiilidega. Tool on kokkupandud, ei vaja paigaldust, s\u00e4\u00e4stes seel\u00e4bi teie aega ja vaeva.<\/p>\n<p>Omadused:<br \/>\n<strong>Materjal:<\/strong> 100% pol\u00fcesterpolster; alus: paplipuidust vineer.<br \/>\n<strong>V\u00e4rv:<\/strong> Kaneel.<br \/>\n<strong>M\u00f5\u00f5tmed:<\/strong> Laius: 62 cm, s\u00fcgavus: 58 cm, k\u00f5rgus: 75 cm.<br \/>\n<strong>T\u00e4iendavad detailid:<\/strong> Istme m\u00f5\u00f5tmed &#8211; 45,5 x 45,5 cm; istme k\u00e4etugi &#8211; 23 cm; istme k\u00f5rgus &#8211; 47 cm. Puhastuskood SW = lahusti v\u00f5i vesi; laineline vedrustus ja rihmav\u00f6\u00f6d; k\u00f5rge tihedusega vaht; lopsakas chenille-polster.<br \/>\n<strong>Kokkupanek:<\/strong> Kokkupandud, ei vaja paigaldust. S\u00e4\u00e4stab aega ja vaeva.<\/p>\n<p>&nbsp;<\/p>\n","protected":false},"excerpt":{"rendered":"<p>Leith LET71C polsterdatud tool s\u00f6\u00f6gituppa. See elegantne kaneelitooni polsterdatud tool on valmistatud k\u00f5rgeima kvaliteediga chenille-kangast. M\u00f6\u00f6bli lihtne vorm, mis p\u00f5hineb moekatel \u00fcmardatud kujunditel, toob igasse s\u00f6\u00f6gituppa luksuslikkust ja stiili. Leith kollektsiooni kuuluv tool pakub mitte ainult visuaalset naudingut, vaid ka suurep\u00e4rast istumismugavust. Tooli raam on valmistatud vastupidavast paplipuidust vineerist, mis tagab pikaajalise vastupidavuse ja stabiilsuse. [&hellip;]<\/p>\n","protected":false},"featured_media":8651,"comment_status":"open","ping_status":"closed","template":"","meta":[],"product_brand":[],"product_cat":[108],"product_tag":[],"class_list":{"0":"post-8650","1":"product","2":"type-product","3":"status-publish","4":"has-post-thumbnail","6":"product_cat-soogitoolid","7":"product_shipping_class-livin-hill","8":"pa_kollektsioon-leith","9":"pa_materjal-poluester","10":"pa_varv-pruun","12":"first","13":"instock","14":"sale","15":"taxable","16":"shipping-taxable","17":"purchasable","18":"product-type-simple"},"_links":{"self":[{"href":"https:\/\/blankpage.ee\/_ruumist-ruumi\/wp-json\/wp\/v2\/product\/8650","targetHints":{"allow":["GET"]}}],"collection":[{"href":"https:\/\/blankpage.ee\/_ruumist-ruumi\/wp-json\/wp\/v2\/product"}],"about":[{"href":"https:\/\/blankpage.ee\/_ruumist-ruumi\/wp-json\/wp\/v2\/types\/product"}],"replies":[{"embeddable":true,"href":"https:\/\/blankpage.ee\/_ruumist-ruumi\/wp-json\/wp\/v2\/comments?post=8650"}],"wp:featuredmedia":[{"embeddable":true,"href":"https:\/\/blankpage.ee\/_ruumist-ruumi\/wp-json\/wp\/v2\/media\/8651"}],"wp:attachment":[{"href":"https:\/\/blankpage.ee\/_ruumist-ruumi\/wp-json\/wp\/v2\/media?parent=8650"}],"wp:term":[{"taxonomy":"product_brand","embeddable":true,"href":"https:\/\/blankpage.ee\/_ruumist-ruumi\/wp-json\/wp\/v2\/product_brand?post=8650"},{"taxonomy":"product_cat","embeddable":true,"href":"https:\/\/blankpage.ee\/_ruumist-ruumi\/wp-json\/wp\/v2\/product_cat?post=8650"},{"taxonomy":"product_tag","embeddable":true,"href":"https:\/\/blankpage.ee\/_ruumist-ruumi\/wp-json\/wp\/v2\/product_tag?post=8650"}],"curies":[{"name":"wp","href":"https:\/\/api.w.org\/{rel}","templated":true}]}}