{"id":86564,"date":"2025-01-18T08:41:30","date_gmt":"2025-01-18T08:41:30","guid":{"rendered":"https:\/\/ruumistruumi.ee\/pood\/raskustekk-kattega-hall-122x183-cm-9-kg-kangas\/"},"modified":"2025-08-21T02:15:43","modified_gmt":"2025-08-21T02:15:43","slug":"raskustekk-kattega-hall-122x183-cm-9-kg-kangas","status":"publish","type":"product","link":"https:\/\/blankpage.ee\/_ruumist-ruumi\/pood\/raskustekk-kattega-hall-122x183-cm-9-kg-kangas\/","title":{"rendered":"Raskustekk kattega, hall, 122&#215;183 cm, 9 kg, kangas"},"content":{"rendered":"<p>Kas teil on probleeme magamisega? Kattega raskustekk aitab uinuda. Tekk avaldab pehmet ja mugavat survet ning aitab kehal ja vaimul puhata. Mugav kangas: puuvillane kangas on puhta v\u00e4limusega, hingav, vastupidav ja puudutamisel pehme.H\u00fcpoallergeenne t\u00e4idis: tekk on t\u00e4idetud pol\u00fcesterkiudude ja h\u00fcpoallergeensete l\u00f5hnatute klaashelmestega.\u00dchtlane raskuse jaotus: raskustekk peaks moodustama 10% teie kehakaalust. Selle kompaktsed tepitud taskud jaotavad raskuse \u00fchtlaselt kogu kehale.Eemaldatav kate: katte \u00fcks k\u00fclg on valmistatud l\u00fchikesest niidikangast ja teine pool on harjatud kangast. Saate selle eemaldada, et suvel jahedas hoida, ja kasutada katet talvel soojuse lisamiseks.Praktilised siseaasad: siseaasadega rahustava teki saab kinnitada katte k\u00fclge.<\/p>\n<ul>\n<li>V\u00e4rvus: hall<\/li>\n<li>Teki v\u00e4lismaterjal: kangas (100% puuvill)<\/li>\n<li>T\u00e4idise materjal: pol\u00fcester, h\u00fcpoallergeensed l\u00f5hnatud klaashelmed<\/li>\n<li>Suurus: 122 x 183 cm (L x P)<\/li>\n<li>Vateeritud ruudu suurus: 10 x 10 cm (P x L)<\/li>\n<li>Kaal: 9 kg<\/li>\n<li><strong>Komplekti kuulub:<\/strong><\/li>\n<li>1 x raskustekk<\/li>\n<li>1 x kate<\/li>\n<\/ul>\n","protected":false},"excerpt":{"rendered":"<p>Kas teil on probleeme magamisega? Kattega raskustekk aitab uinuda. Tekk avaldab pehmet ja mugavat survet ning aitab kehal ja vaimul puhata. Mugav kangas: puuvillane kangas on puhta v\u00e4limusega, hingav, vastupidav ja puudutamisel pehme.H\u00fcpoallergeenne t\u00e4idis: tekk on t\u00e4idetud pol\u00fcesterkiudude ja h\u00fcpoallergeensete l\u00f5hnatute klaashelmestega.\u00dchtlane raskuse jaotus: raskustekk peaks moodustama 10% teie kehakaalust. Selle kompaktsed tepitud taskud jaotavad [&hellip;]<\/p>\n","protected":false},"featured_media":86565,"comment_status":"open","ping_status":"open","template":"","meta":[],"product_brand":[],"product_cat":[1219],"product_tag":[],"class_list":{"0":"post-86564","1":"product","2":"type-product","3":"status-publish","4":"has-post-thumbnail","6":"product_cat-tekid","7":"product_shipping_class-vidaxl","8":"pa_varv-hall","10":"first","11":"outofstock","12":"taxable","13":"shipping-taxable","14":"purchasable","15":"product-type-simple"},"_links":{"self":[{"href":"https:\/\/blankpage.ee\/_ruumist-ruumi\/wp-json\/wp\/v2\/product\/86564","targetHints":{"allow":["GET"]}}],"collection":[{"href":"https:\/\/blankpage.ee\/_ruumist-ruumi\/wp-json\/wp\/v2\/product"}],"about":[{"href":"https:\/\/blankpage.ee\/_ruumist-ruumi\/wp-json\/wp\/v2\/types\/product"}],"replies":[{"embeddable":true,"href":"https:\/\/blankpage.ee\/_ruumist-ruumi\/wp-json\/wp\/v2\/comments?post=86564"}],"wp:featuredmedia":[{"embeddable":true,"href":"https:\/\/blankpage.ee\/_ruumist-ruumi\/wp-json\/wp\/v2\/media\/86565"}],"wp:attachment":[{"href":"https:\/\/blankpage.ee\/_ruumist-ruumi\/wp-json\/wp\/v2\/media?parent=86564"}],"wp:term":[{"taxonomy":"product_brand","embeddable":true,"href":"https:\/\/blankpage.ee\/_ruumist-ruumi\/wp-json\/wp\/v2\/product_brand?post=86564"},{"taxonomy":"product_cat","embeddable":true,"href":"https:\/\/blankpage.ee\/_ruumist-ruumi\/wp-json\/wp\/v2\/product_cat?post=86564"},{"taxonomy":"product_tag","embeddable":true,"href":"https:\/\/blankpage.ee\/_ruumist-ruumi\/wp-json\/wp\/v2\/product_tag?post=86564"}],"curies":[{"name":"wp","href":"https:\/\/api.w.org\/{rel}","templated":true}]}}