{"id":8661,"date":"2024-11-01T15:44:41","date_gmt":"2024-11-01T15:44:41","guid":{"rendered":"https:\/\/ruumistruumi.ee\/pood\/oliivroheline-polsterdatud-tool-leith-let71o-100-poluestrist-polsterdus-alus-popliipuidust\/"},"modified":"2025-06-17T08:58:12","modified_gmt":"2025-06-17T08:58:12","slug":"oliivroheline-polsterdatud-tool-leith-let71o-100-poluester","status":"publish","type":"product","link":"https:\/\/blankpage.ee\/_ruumist-ruumi\/pood\/oliivroheline-polsterdatud-tool-leith-let71o-100-poluester\/","title":{"rendered":"Oliivroheline polsterdatud tool Leith LET71O, 100% pol\u00fcester"},"content":{"rendered":"<p>Leith LET71O polsterdatud tool s\u00f6\u00f6gituppa. See elegantne oliiviv\u00e4rvi tool on valmistatud k\u00f5rgeima kvaliteediga \u0161enillkangast, mis lisab igale s\u00f6\u00f6gitoale stiili ja mugavust. M\u00f6\u00f6bli lihtne vorm koos moekate \u00fcmarate kujunditega loob ruumis hubase ja kaasaegse atmosf\u00e4\u00e4ri.<\/p>\n<p>Tooli eristavad omadused sisaldavad luksuslikku \u0161enillpolstrit, mis on kombineeritud vastupidava paplipuust vineerist alusega. Sellel on lainelised vedrud ja rihmad, mis tagavad pikaajalise mugavuse ja vastupidavuse. K\u00f5rge tihedusega vahtpolsterdus lisab istumismugavust, tehes sellest ideaalse valiku nii igap\u00e4evaseks kasutamiseks kui ka pidulikumateks s\u00fcndmusteks.<\/p>\n<p>Omadused:<br \/>\n<strong>Materjal:<\/strong> 100% pol\u00fcesterpolsterdus; alus: paplipuust vineer.<br \/>\n<strong>V\u00e4rv:<\/strong> Oliiv.<br \/>\n<strong>M\u00f5\u00f5tmed:<\/strong> Laius: 62 cm, S\u00fcgavus: 58 cm, K\u00f5rgus: 75 cm.<br \/>\n<strong>T\u00e4iendavad detailid:<\/strong> Istme m\u00f5\u00f5tmed &#8211; 45,5 x 45,5 cm; k\u00e4etoe k\u00f5rgus &#8211; 23 cm; istme k\u00f5rgus &#8211; 47 cm. Puhastuskood SW = LAHUSTI V\u00d5I VESI.<br \/>\n<strong>Kokkupanek:<\/strong> Kokkupandud, ei vaja paigaldust. S\u00e4\u00e4stab aega ja vaeva.<\/p>\n<p>&nbsp;<\/p>\n","protected":false},"excerpt":{"rendered":"<p>Leith LET71O polsterdatud tool s\u00f6\u00f6gituppa. See elegantne oliiviv\u00e4rvi tool on valmistatud k\u00f5rgeima kvaliteediga \u0161enillkangast, mis lisab igale s\u00f6\u00f6gitoale stiili ja mugavust. M\u00f6\u00f6bli lihtne vorm koos moekate \u00fcmarate kujunditega loob ruumis hubase ja kaasaegse atmosf\u00e4\u00e4ri. Tooli eristavad omadused sisaldavad luksuslikku \u0161enillpolstrit, mis on kombineeritud vastupidava paplipuust vineerist alusega. Sellel on lainelised vedrud ja rihmad, mis tagavad [&hellip;]<\/p>\n","protected":false},"featured_media":8662,"comment_status":"open","ping_status":"closed","template":"","meta":[],"product_brand":[],"product_cat":[108],"product_tag":[],"class_list":{"0":"post-8661","1":"product","2":"type-product","3":"status-publish","4":"has-post-thumbnail","6":"product_cat-soogitoolid","7":"product_shipping_class-livin-hill","8":"pa_kollektsioon-leith","9":"pa_materjal-poluester","10":"pa_varv-roheline","12":"first","13":"instock","14":"sale","15":"taxable","16":"shipping-taxable","17":"purchasable","18":"product-type-simple"},"_links":{"self":[{"href":"https:\/\/blankpage.ee\/_ruumist-ruumi\/wp-json\/wp\/v2\/product\/8661","targetHints":{"allow":["GET"]}}],"collection":[{"href":"https:\/\/blankpage.ee\/_ruumist-ruumi\/wp-json\/wp\/v2\/product"}],"about":[{"href":"https:\/\/blankpage.ee\/_ruumist-ruumi\/wp-json\/wp\/v2\/types\/product"}],"replies":[{"embeddable":true,"href":"https:\/\/blankpage.ee\/_ruumist-ruumi\/wp-json\/wp\/v2\/comments?post=8661"}],"wp:featuredmedia":[{"embeddable":true,"href":"https:\/\/blankpage.ee\/_ruumist-ruumi\/wp-json\/wp\/v2\/media\/8662"}],"wp:attachment":[{"href":"https:\/\/blankpage.ee\/_ruumist-ruumi\/wp-json\/wp\/v2\/media?parent=8661"}],"wp:term":[{"taxonomy":"product_brand","embeddable":true,"href":"https:\/\/blankpage.ee\/_ruumist-ruumi\/wp-json\/wp\/v2\/product_brand?post=8661"},{"taxonomy":"product_cat","embeddable":true,"href":"https:\/\/blankpage.ee\/_ruumist-ruumi\/wp-json\/wp\/v2\/product_cat?post=8661"},{"taxonomy":"product_tag","embeddable":true,"href":"https:\/\/blankpage.ee\/_ruumist-ruumi\/wp-json\/wp\/v2\/product_tag?post=8661"}],"curies":[{"name":"wp","href":"https:\/\/api.w.org\/{rel}","templated":true}]}}