{"id":8672,"date":"2024-11-01T15:45:35","date_gmt":"2024-11-01T15:45:35","guid":{"rendered":"https:\/\/ruumistruumi.ee\/pood\/must-soogilaud-modig-m10-metallist-jalad-sintered-stone-peal\/"},"modified":"2025-04-10T11:58:33","modified_gmt":"2025-04-10T11:58:33","slug":"must-soogilaud-modig-m10-metallist-jalad-sunteetiline-kivi","status":"publish","type":"product","link":"https:\/\/blankpage.ee\/_ruumist-ruumi\/pood\/must-soogilaud-modig-m10-metallist-jalad-sunteetiline-kivi\/","title":{"rendered":"Must s\u00f6\u00f6gilaud Modig M10, metallist jalad, s\u00fcnteetiline kivi"},"content":{"rendered":"<p>Modig M10 s\u00f6\u00f6gilaud 180 cm s\u00f6\u00f6gituppa. See modernne laud on ideaalne valik, et lisada elegantsi ja funktsionaalsust igasse s\u00f6\u00f6gituppa. Laua mustad metallist X-kujulised jalad loovad tugeva ja stiilse aluse, samas kui valge, marmorimitatsiooniga lauaplaat lisab ruumile luksuslikku h\u00f5ngu.<\/p>\n<p>Omadused:<br \/>\n<strong>Materjal:<\/strong> Metallist jalad ja sintersitud kivist lauaplaat.<br \/>\n<strong>V\u00e4rv:<\/strong> Mustad jalad ja valge lauaplaat.<br \/>\n<strong>M\u00f5\u00f5tmed:<\/strong> Laius 180 cm, s\u00fcgavus 90 cm, k\u00f5rgus 75 cm.<br \/>\n<strong>T\u00e4iendavad detailid:<\/strong> Kunstmarmorist lauaplaat ja pulberv\u00e4rvitud jalad.<br \/>\n<strong>Kokkupanek:<\/strong> Osaliselt kokku pandud, ei vaja paigaldust. S\u00e4\u00e4stab aega ja vaeva.<\/p>\n<p>&nbsp;<\/p>\n","protected":false},"excerpt":{"rendered":"<p>Modig M10 s\u00f6\u00f6gilaud 180 cm s\u00f6\u00f6gituppa. See modernne laud on ideaalne valik, et lisada elegantsi ja funktsionaalsust igasse s\u00f6\u00f6gituppa. Laua mustad metallist X-kujulised jalad loovad tugeva ja stiilse aluse, samas kui valge, marmorimitatsiooniga lauaplaat lisab ruumile luksuslikku h\u00f5ngu. Omadused: Materjal: Metallist jalad ja sintersitud kivist lauaplaat. V\u00e4rv: Mustad jalad ja valge lauaplaat. M\u00f5\u00f5tmed: Laius 180 [&hellip;]<\/p>\n","protected":false},"featured_media":8673,"comment_status":"open","ping_status":"closed","template":"","meta":[],"product_brand":[],"product_cat":[93],"product_tag":[],"class_list":{"0":"post-8672","1":"product","2":"type-product","3":"status-publish","4":"has-post-thumbnail","6":"product_cat-soogilauad","7":"product_shipping_class-livin-hill","8":"pa_kollektsioon-modig","9":"pa_materjal-kuldne","10":"pa_varv-must","12":"first","13":"outofstock","14":"sale","15":"taxable","16":"shipping-taxable","17":"purchasable","18":"product-type-simple"},"_links":{"self":[{"href":"https:\/\/blankpage.ee\/_ruumist-ruumi\/wp-json\/wp\/v2\/product\/8672","targetHints":{"allow":["GET"]}}],"collection":[{"href":"https:\/\/blankpage.ee\/_ruumist-ruumi\/wp-json\/wp\/v2\/product"}],"about":[{"href":"https:\/\/blankpage.ee\/_ruumist-ruumi\/wp-json\/wp\/v2\/types\/product"}],"replies":[{"embeddable":true,"href":"https:\/\/blankpage.ee\/_ruumist-ruumi\/wp-json\/wp\/v2\/comments?post=8672"}],"wp:featuredmedia":[{"embeddable":true,"href":"https:\/\/blankpage.ee\/_ruumist-ruumi\/wp-json\/wp\/v2\/media\/8673"}],"wp:attachment":[{"href":"https:\/\/blankpage.ee\/_ruumist-ruumi\/wp-json\/wp\/v2\/media?parent=8672"}],"wp:term":[{"taxonomy":"product_brand","embeddable":true,"href":"https:\/\/blankpage.ee\/_ruumist-ruumi\/wp-json\/wp\/v2\/product_brand?post=8672"},{"taxonomy":"product_cat","embeddable":true,"href":"https:\/\/blankpage.ee\/_ruumist-ruumi\/wp-json\/wp\/v2\/product_cat?post=8672"},{"taxonomy":"product_tag","embeddable":true,"href":"https:\/\/blankpage.ee\/_ruumist-ruumi\/wp-json\/wp\/v2\/product_tag?post=8672"}],"curies":[{"name":"wp","href":"https:\/\/api.w.org\/{rel}","templated":true}]}}