{"id":8678,"date":"2024-11-01T15:46:08","date_gmt":"2024-11-01T15:46:08","guid":{"rendered":"https:\/\/ruumistruumi.ee\/pood\/kuldsete-jalgadega-soogilaud-modig-m13-roostevabast-terasest\/"},"modified":"2025-04-10T11:58:35","modified_gmt":"2025-04-10T11:58:35","slug":"kuldsete-jalgadega-soogilaud-modig-m13-roostevaba-teras","status":"publish","type":"product","link":"https:\/\/blankpage.ee\/_ruumist-ruumi\/pood\/kuldsete-jalgadega-soogilaud-modig-m13-roostevaba-teras\/","title":{"rendered":"Kuldsete jalgadega s\u00f6\u00f6gilaud Modig M13, roostevaba teras"},"content":{"rendered":"<p>Modig M13 s\u00f6\u00f6gilaud s\u00f6\u00f6gituppa. See elegantne laud \u00fchendab endas kaasaegse disaini ja funktsionaalsuse, olles ideaalne valik stiilse ja mugava s\u00f6\u00f6gitoa loomiseks. Laua kuldsed roostevabast terasest jalad ja valge marmorilaadne plaat annavad ruumile luksusliku ilme. S\u00fcmeetrilised, avatud Y-kujulised jalad sobivad suurep\u00e4raselt kokku laua ristk\u00fclikukujulise, \u00fcmardatud servadega plaadiga.<\/p>\n<p>Modig M13 s\u00f6\u00f6gilaud on loodud neile, kes hindavad nii esteetikat kui ka praktilisust. Kunstmarmorist lauaplaat on vastupidav ja kergesti hooldatav, muutes selle igap\u00e4evaseks kasutamiseks ideaalseks. Laua osaline kokkupanek t\u00e4hendab, et selle paigaldamine on kiire ja lihtne, s\u00e4\u00e4stes teie aega ja vaeva.<\/p>\n<p>Omadused:<br \/>\n<strong>Materjal:<\/strong> Laua jalad on valmistatud roostevabast terasest, lauaplaat sinters kivist.<br \/>\n<strong>V\u00e4rv:<\/strong> Kuldsed jalad, valge lauaplaat.<br \/>\n<strong>M\u00f5\u00f5tmed:<\/strong> Laua laius 160 cm, s\u00fcgavus 90 cm, k\u00f5rgus 75 cm.<br \/>\n<strong>T\u00e4iendavad detailid:<\/strong> Kunstmarmorist lauaplaat.<br \/>\n<strong>Kokkupanek:<\/strong> Osaliselt kokku pandud, h\u00f5lbustades paigaldamist.<\/p>\n<p>&nbsp;<\/p>\n","protected":false},"excerpt":{"rendered":"<p>Modig M13 s\u00f6\u00f6gilaud s\u00f6\u00f6gituppa. See elegantne laud \u00fchendab endas kaasaegse disaini ja funktsionaalsuse, olles ideaalne valik stiilse ja mugava s\u00f6\u00f6gitoa loomiseks. Laua kuldsed roostevabast terasest jalad ja valge marmorilaadne plaat annavad ruumile luksusliku ilme. S\u00fcmeetrilised, avatud Y-kujulised jalad sobivad suurep\u00e4raselt kokku laua ristk\u00fclikukujulise, \u00fcmardatud servadega plaadiga. Modig M13 s\u00f6\u00f6gilaud on loodud neile, kes hindavad nii [&hellip;]<\/p>\n","protected":false},"featured_media":8679,"comment_status":"open","ping_status":"closed","template":"","meta":[],"product_brand":[],"product_cat":[93],"product_tag":[],"class_list":{"0":"post-8678","1":"product","2":"type-product","3":"status-publish","4":"has-post-thumbnail","6":"product_cat-soogilauad","7":"product_shipping_class-livin-hill","8":"pa_kollektsioon-modig","9":"pa_materjal-roostevaba-teras","10":"pa_varv-kuldne","12":"first","13":"outofstock","14":"sale","15":"taxable","16":"shipping-taxable","17":"purchasable","18":"product-type-simple"},"_links":{"self":[{"href":"https:\/\/blankpage.ee\/_ruumist-ruumi\/wp-json\/wp\/v2\/product\/8678","targetHints":{"allow":["GET"]}}],"collection":[{"href":"https:\/\/blankpage.ee\/_ruumist-ruumi\/wp-json\/wp\/v2\/product"}],"about":[{"href":"https:\/\/blankpage.ee\/_ruumist-ruumi\/wp-json\/wp\/v2\/types\/product"}],"replies":[{"embeddable":true,"href":"https:\/\/blankpage.ee\/_ruumist-ruumi\/wp-json\/wp\/v2\/comments?post=8678"}],"wp:featuredmedia":[{"embeddable":true,"href":"https:\/\/blankpage.ee\/_ruumist-ruumi\/wp-json\/wp\/v2\/media\/8679"}],"wp:attachment":[{"href":"https:\/\/blankpage.ee\/_ruumist-ruumi\/wp-json\/wp\/v2\/media?parent=8678"}],"wp:term":[{"taxonomy":"product_brand","embeddable":true,"href":"https:\/\/blankpage.ee\/_ruumist-ruumi\/wp-json\/wp\/v2\/product_brand?post=8678"},{"taxonomy":"product_cat","embeddable":true,"href":"https:\/\/blankpage.ee\/_ruumist-ruumi\/wp-json\/wp\/v2\/product_cat?post=8678"},{"taxonomy":"product_tag","embeddable":true,"href":"https:\/\/blankpage.ee\/_ruumist-ruumi\/wp-json\/wp\/v2\/product_tag?post=8678"}],"curies":[{"name":"wp","href":"https:\/\/api.w.org\/{rel}","templated":true}]}}