{"id":8752,"date":"2024-11-01T15:51:24","date_gmt":"2024-11-01T15:51:24","guid":{"rendered":"https:\/\/ruumistruumi.ee\/pood\/must-modig-m39-aktsentlaud-metallist-alus-roostevabast-terasest-peal\/"},"modified":"2025-04-10T11:58:36","modified_gmt":"2025-04-10T11:58:36","slug":"must-modig-m39-lisalaud-metallist-alus","status":"publish","type":"product","link":"https:\/\/blankpage.ee\/_ruumist-ruumi\/pood\/must-modig-m39-lisalaud-metallist-alus\/","title":{"rendered":"Must Modig M39 lisalaud, metallist alus"},"content":{"rendered":"<p>Modig M39 aktsentlaud elutuppa. See elegantne laud \u00fchendab endas musta koonuskujulise aluse, mis imiteerib marmorit, ning \u00fcmmarguse kuldse roostevabast terasest lauaplaadi. Modig kollektsiooni kuuluv Modig M39 on ideaalne lisa igasse elutuppa, pakkudes stiilset ja funktsionaalset lahendust.<\/p>\n<p>Laua metallist alus ja roostevabast terasest pealispind tagavad vastupidavuse ja pikaealisuse. Must jalg lisab kontrasti ja elegantsi, samas kui kuldne pealispind toob ruumi luksuslikku s\u00e4ra. Koonuskujuline alus mitte ainult ei paku stabiilsust, vaid ka visuaalset huvi, muutes selle laua pilkup\u00fc\u00fcdvaks keskpunktiks igas toas.<\/p>\n<p>Omadused:<br \/>\n<strong>Materjal:<\/strong> Metallist alus ja roostevabast terasest pealispind.<br \/>\n<strong>V\u00e4rv:<\/strong> Must jalg ja kuldne pealispind.<br \/>\n<strong>M\u00f5\u00f5tmed:<\/strong> Laius 45 cm, s\u00fcgavus 45 cm, k\u00f5rgus 51 cm.<br \/>\n<strong>T\u00e4iendavad detailid:<\/strong> Marmorit imiteeriv jalg ja koonuskujuline alus.<br \/>\n<strong>Kokkupanek:<\/strong> Kokkupandud, ei vaja paigaldust. S\u00e4\u00e4stab aega ja vaeva.<\/p>\n<p>&nbsp;<\/p>\n","protected":false},"excerpt":{"rendered":"<p>Modig M39 aktsentlaud elutuppa. See elegantne laud \u00fchendab endas musta koonuskujulise aluse, mis imiteerib marmorit, ning \u00fcmmarguse kuldse roostevabast terasest lauaplaadi. Modig kollektsiooni kuuluv Modig M39 on ideaalne lisa igasse elutuppa, pakkudes stiilset ja funktsionaalset lahendust. Laua metallist alus ja roostevabast terasest pealispind tagavad vastupidavuse ja pikaealisuse. Must jalg lisab kontrasti ja elegantsi, samas kui [&hellip;]<\/p>\n","protected":false},"featured_media":8753,"comment_status":"open","ping_status":"closed","template":"","meta":[],"product_brand":[],"product_cat":[145],"product_tag":[],"class_list":{"0":"post-8752","1":"product","2":"type-product","3":"status-publish","4":"has-post-thumbnail","6":"product_cat-lisalauad","7":"product_shipping_class-livin-hill","8":"pa_kollektsioon-modig","9":"pa_materjal-roostevaba-teras","10":"pa_varv-must","12":"first","13":"instock","14":"sale","15":"taxable","16":"shipping-taxable","17":"purchasable","18":"product-type-simple"},"_links":{"self":[{"href":"https:\/\/blankpage.ee\/_ruumist-ruumi\/wp-json\/wp\/v2\/product\/8752","targetHints":{"allow":["GET"]}}],"collection":[{"href":"https:\/\/blankpage.ee\/_ruumist-ruumi\/wp-json\/wp\/v2\/product"}],"about":[{"href":"https:\/\/blankpage.ee\/_ruumist-ruumi\/wp-json\/wp\/v2\/types\/product"}],"replies":[{"embeddable":true,"href":"https:\/\/blankpage.ee\/_ruumist-ruumi\/wp-json\/wp\/v2\/comments?post=8752"}],"wp:featuredmedia":[{"embeddable":true,"href":"https:\/\/blankpage.ee\/_ruumist-ruumi\/wp-json\/wp\/v2\/media\/8753"}],"wp:attachment":[{"href":"https:\/\/blankpage.ee\/_ruumist-ruumi\/wp-json\/wp\/v2\/media?parent=8752"}],"wp:term":[{"taxonomy":"product_brand","embeddable":true,"href":"https:\/\/blankpage.ee\/_ruumist-ruumi\/wp-json\/wp\/v2\/product_brand?post=8752"},{"taxonomy":"product_cat","embeddable":true,"href":"https:\/\/blankpage.ee\/_ruumist-ruumi\/wp-json\/wp\/v2\/product_cat?post=8752"},{"taxonomy":"product_tag","embeddable":true,"href":"https:\/\/blankpage.ee\/_ruumist-ruumi\/wp-json\/wp\/v2\/product_tag?post=8752"}],"curies":[{"name":"wp","href":"https:\/\/api.w.org\/{rel}","templated":true}]}}