{"id":8760,"date":"2024-11-01T15:52:13","date_gmt":"2024-11-01T15:52:13","guid":{"rendered":"https:\/\/ruumistruumi.ee\/pood\/kuld-jalad-valge-pind-kuldsed-aktsendid-soogilaud-modig-m41-180cm-harjatud-roostevabast-terasest\/"},"modified":"2025-04-10T11:58:36","modified_gmt":"2025-04-10T11:58:36","slug":"valge-soogilaud-modig-m41-harjatud-roostevaba-teras","status":"publish","type":"product","link":"https:\/\/blankpage.ee\/_ruumist-ruumi\/pood\/valge-soogilaud-modig-m41-harjatud-roostevaba-teras\/","title":{"rendered":"Valge s\u00f6\u00f6gilaud Modig M41, harjatud roostevaba teras"},"content":{"rendered":"<p>Modig M41 s\u00f6\u00f6gilaud 180 cm s\u00f6\u00f6gituppa. Modig kollektsiooni kuuluv stiilne laud, mille alus on valmistatud valge marmori imitatsioonist ja kuldsetest harjatud roostevabast terasest jalgadest. Ristk\u00fclikukujuline valge lauaplaat on kaunistatud marmori mustriga, tuues ruumi elegantsi ja kaasaegset stiili.<\/p>\n<p>See laud on ideaalne valik neile, kes hindavad luksuslikku v\u00e4limust ja vastupidavust. Kuldsete jalgade ja valge lauaplaadi kombinatsioon loob silmapaistva kontrasti, mis t\u00e4iendab igat s\u00f6\u00f6gituba. Kunstmarmori pealispind ja jalad lisavad lauale eksklusiivsust, samas kui osaline kokkupanek muudab paigaldamise lihtsaks ja mugavaks.<\/p>\n<p>Omadused:<br \/>\n<strong>Materjal:<\/strong> Harjatud roostevabast terasest jalad, marmori imitatsioonist jalad ja pealispind.<br \/>\n<strong>V\u00e4rv:<\/strong> Kuldsete jalgade ja valge pealispinnaga, kuldsed aktsendid.<br \/>\n<strong>M\u00f5\u00f5tmed:<\/strong> Laius 180 cm, s\u00fcgavus 90 cm, k\u00f5rgus 75 cm.<br \/>\n<strong>T\u00e4iendavad detailid:<\/strong> Kunstmarmori pealispind ja jalad.<br \/>\n<strong>Kokkupanek:<\/strong> Osaliselt kokku pandud, h\u00f5lbustamaks paigaldamist.<\/p>\n<p>&nbsp;<\/p>\n","protected":false},"excerpt":{"rendered":"<p>Modig M41 s\u00f6\u00f6gilaud 180 cm s\u00f6\u00f6gituppa. Modig kollektsiooni kuuluv stiilne laud, mille alus on valmistatud valge marmori imitatsioonist ja kuldsetest harjatud roostevabast terasest jalgadest. Ristk\u00fclikukujuline valge lauaplaat on kaunistatud marmori mustriga, tuues ruumi elegantsi ja kaasaegset stiili. See laud on ideaalne valik neile, kes hindavad luksuslikku v\u00e4limust ja vastupidavust. Kuldsete jalgade ja valge lauaplaadi kombinatsioon [&hellip;]<\/p>\n","protected":false},"featured_media":8761,"comment_status":"open","ping_status":"closed","template":"","meta":[],"product_brand":[],"product_cat":[93],"product_tag":[],"class_list":{"0":"post-8760","1":"product","2":"type-product","3":"status-publish","4":"has-post-thumbnail","6":"product_cat-soogilauad","7":"product_shipping_class-livin-hill","8":"pa_kollektsioon-modig","9":"pa_materjal-hobe","10":"pa_varv-valge","11":"pa_varv-kuldne","13":"first","14":"instock","15":"sale","16":"taxable","17":"shipping-taxable","18":"purchasable","19":"product-type-simple"},"_links":{"self":[{"href":"https:\/\/blankpage.ee\/_ruumist-ruumi\/wp-json\/wp\/v2\/product\/8760","targetHints":{"allow":["GET"]}}],"collection":[{"href":"https:\/\/blankpage.ee\/_ruumist-ruumi\/wp-json\/wp\/v2\/product"}],"about":[{"href":"https:\/\/blankpage.ee\/_ruumist-ruumi\/wp-json\/wp\/v2\/types\/product"}],"replies":[{"embeddable":true,"href":"https:\/\/blankpage.ee\/_ruumist-ruumi\/wp-json\/wp\/v2\/comments?post=8760"}],"wp:featuredmedia":[{"embeddable":true,"href":"https:\/\/blankpage.ee\/_ruumist-ruumi\/wp-json\/wp\/v2\/media\/8761"}],"wp:attachment":[{"href":"https:\/\/blankpage.ee\/_ruumist-ruumi\/wp-json\/wp\/v2\/media?parent=8760"}],"wp:term":[{"taxonomy":"product_brand","embeddable":true,"href":"https:\/\/blankpage.ee\/_ruumist-ruumi\/wp-json\/wp\/v2\/product_brand?post=8760"},{"taxonomy":"product_cat","embeddable":true,"href":"https:\/\/blankpage.ee\/_ruumist-ruumi\/wp-json\/wp\/v2\/product_cat?post=8760"},{"taxonomy":"product_tag","embeddable":true,"href":"https:\/\/blankpage.ee\/_ruumist-ruumi\/wp-json\/wp\/v2\/product_tag?post=8760"}],"curies":[{"name":"wp","href":"https:\/\/api.w.org\/{rel}","templated":true}]}}