{"id":8793,"date":"2024-11-01T15:54:25","date_gmt":"2024-11-01T15:54:25","guid":{"rendered":"https:\/\/ruumistruumi.ee\/pood\/must-kohvilaudade-komplekt-modig-m61-metallist-alus-roostevabast-terasest-ja-klaasist\/"},"modified":"2025-08-22T10:06:57","modified_gmt":"2025-08-22T10:06:57","slug":"kuldne-kohvilaudade-komplekt-modig-m61-metallist-alus-roostevaba-teras-ja-klaas","status":"publish","type":"product","link":"https:\/\/blankpage.ee\/_ruumist-ruumi\/pood\/kuldne-kohvilaudade-komplekt-modig-m61-metallist-alus-roostevaba-teras-ja-klaas\/","title":{"rendered":"Kuldne kohvilaudade komplekt Modig M61, metallist alus, roostevaba teras ja klaas"},"content":{"rendered":"<p>Modig M61 kohvilaudade komplekt elutuppa. See kaasaegne kohvilaudade komplekt koosneb kahest lauast, millel on elegantne ja funktsionaalne disain. Suurem laud on kujundatud topelt silindri vormis, mille \u00fclemine osa on kuldne ja alumine osa must. V\u00e4iksem laud, millel on klaasist lauaplaat, omab kuldset jalga ja musta aluspinda, luues harmoonilise ja stiilse koosluse.<\/p>\n<p>Omadused:<br \/>\n<strong>Materjal:<\/strong> Lauad on valmistatud metallist alusest, roostevabast terasest lauaplaadist ja klaasist, tagades vastupidavuse ja kvaliteedi.<br \/>\n<strong>V\u00e4rv:<\/strong> Mustad jalad ja kuldne lauaplaat toovad esile elegantse kontrasti, mis sobib suurep\u00e4raselt erinevatesse interj\u00f6\u00f6ridesse.<br \/>\n<strong>M\u00f5\u00f5tmed:<\/strong> Suurema laua laius 80 cm, s\u00fcgavus 80 cm, k\u00f5rgus 32 cm; v\u00e4iksema laua laius 55 cm, s\u00fcgavus 55 cm, k\u00f5rgus 39 cm.<br \/>\n<strong>T\u00e4iendavad detailid:<\/strong> Lauad on valmistatud vanandatud metallist, mis lisab neile iseloomu ja ainulaadsust.<br \/>\n<strong>Kokkupanek:<\/strong> Osaliselt kokku pandud, ei vaja paigaldust. S\u00e4\u00e4stab aega ja vaeva.<\/p>\n<p>Modig M61 kohvilaudade komplekt on ideaalne valik, et t\u00e4iendada teie elutoa sisustust, pakkudes nii praktilisust kui ka esteetilist naudingut.<\/p>\n<p>&nbsp;<\/p>\n","protected":false},"excerpt":{"rendered":"<p>Modig M61 kohvilaudade komplekt elutuppa. See kaasaegne kohvilaudade komplekt koosneb kahest lauast, millel on elegantne ja funktsionaalne disain. Suurem laud on kujundatud topelt silindri vormis, mille \u00fclemine osa on kuldne ja alumine osa must. V\u00e4iksem laud, millel on klaasist lauaplaat, omab kuldset jalga ja musta aluspinda, luues harmoonilise ja stiilse koosluse. Omadused: Materjal: Lauad on [&hellip;]<\/p>\n","protected":false},"featured_media":8794,"comment_status":"open","ping_status":"closed","template":"","meta":[],"product_brand":[],"product_cat":[118],"product_tag":[],"class_list":{"0":"post-8793","1":"product","2":"type-product","3":"status-publish","4":"has-post-thumbnail","6":"product_cat-diivanilauad","7":"product_shipping_class-livin-hill","8":"pa_kollektsioon-modig","9":"pa_materjal-roostevaba-teras","10":"pa_varv-kuldne","12":"first","13":"outofstock","14":"sale","15":"taxable","16":"shipping-taxable","17":"purchasable","18":"product-type-simple"},"_links":{"self":[{"href":"https:\/\/blankpage.ee\/_ruumist-ruumi\/wp-json\/wp\/v2\/product\/8793","targetHints":{"allow":["GET"]}}],"collection":[{"href":"https:\/\/blankpage.ee\/_ruumist-ruumi\/wp-json\/wp\/v2\/product"}],"about":[{"href":"https:\/\/blankpage.ee\/_ruumist-ruumi\/wp-json\/wp\/v2\/types\/product"}],"replies":[{"embeddable":true,"href":"https:\/\/blankpage.ee\/_ruumist-ruumi\/wp-json\/wp\/v2\/comments?post=8793"}],"wp:featuredmedia":[{"embeddable":true,"href":"https:\/\/blankpage.ee\/_ruumist-ruumi\/wp-json\/wp\/v2\/media\/8794"}],"wp:attachment":[{"href":"https:\/\/blankpage.ee\/_ruumist-ruumi\/wp-json\/wp\/v2\/media?parent=8793"}],"wp:term":[{"taxonomy":"product_brand","embeddable":true,"href":"https:\/\/blankpage.ee\/_ruumist-ruumi\/wp-json\/wp\/v2\/product_brand?post=8793"},{"taxonomy":"product_cat","embeddable":true,"href":"https:\/\/blankpage.ee\/_ruumist-ruumi\/wp-json\/wp\/v2\/product_cat?post=8793"},{"taxonomy":"product_tag","embeddable":true,"href":"https:\/\/blankpage.ee\/_ruumist-ruumi\/wp-json\/wp\/v2\/product_tag?post=8793"}],"curies":[{"name":"wp","href":"https:\/\/api.w.org\/{rel}","templated":true}]}}