{"id":8896,"date":"2024-10-01T16:00:11","date_gmt":"2024-10-01T16:00:11","guid":{"rendered":"https:\/\/ruumistruumi.ee\/pood\/mitmevarviline-kohvilaud-modig-m75-90-laminaatklaasist\/"},"modified":"2025-04-10T11:58:38","modified_gmt":"2025-04-10T11:58:38","slug":"mitmevarviline-kohvilaud-modig-m75-90-lamineeritud-karastatud-klaasist","status":"publish","type":"product","link":"https:\/\/blankpage.ee\/_ruumist-ruumi\/pood\/mitmevarviline-kohvilaud-modig-m75-90-lamineeritud-karastatud-klaasist\/","title":{"rendered":"Mitmev\u00e4rviline kohvilaud Modig M75-90, lamineeritud karastatud klaasist"},"content":{"rendered":"<p>Modig M75-90 kohvilaud elutuppa. See ainulaadne laud on valmistatud l\u00e4bipaistvast, opalestsentsklaasist, mille valguse langemise nurk muudab v\u00e4rviefekte. Lihtne vorm ja elegantne viimistlus teevad sellest laua, mis sobib igasse interj\u00f6\u00f6ri.<\/p>\n<p>Modig kollektsiooni kohvilaud pakub visuaalset naudingut, kuna selle opalestsentsklaas peegeldab erinevaid v\u00e4rvitoone s\u00f5ltuvalt valguse langemisest. See lisab teie elutuppa kaasaegse ja stiilse elemendi, pakkudes samas ka praktilist pinda igap\u00e4evaste esemete hoidmiseks. Laua mitmev\u00e4rviline ja l\u00e4bipaistev disain muudab selle pilkup\u00fc\u00fcdvaks keskpunktiks.<\/p>\n<p>Omadused:<br \/>\n<strong>Materjal:<\/strong> Lamineeritud klaas, karastatud klaas.<br \/>\n<strong>V\u00e4rv:<\/strong> Mitmev\u00e4rviline, l\u00e4bipaistev opalestsents.<br \/>\n<strong>M\u00f5\u00f5tmed:<\/strong> Laius 90 cm, s\u00fcgavus 90 cm, k\u00f5rgus 42 cm.<br \/>\n<strong>T\u00e4iendavad detailid:<\/strong> Opalestsentsklaas, mis muudab v\u00e4rviefekte valguse langemise j\u00e4rgi.<br \/>\n<strong>Kokkupanek:<\/strong> Osaliselt kokku pandud, ei vaja paigaldust. S\u00e4\u00e4stab aega ja vaeva.<\/p>\n<p>&nbsp;<\/p>\n","protected":false},"excerpt":{"rendered":"<p>Modig M75-90 kohvilaud elutuppa. See ainulaadne laud on valmistatud l\u00e4bipaistvast, opalestsentsklaasist, mille valguse langemise nurk muudab v\u00e4rviefekte. Lihtne vorm ja elegantne viimistlus teevad sellest laua, mis sobib igasse interj\u00f6\u00f6ri. Modig kollektsiooni kohvilaud pakub visuaalset naudingut, kuna selle opalestsentsklaas peegeldab erinevaid v\u00e4rvitoone s\u00f5ltuvalt valguse langemisest. See lisab teie elutuppa kaasaegse ja stiilse elemendi, pakkudes samas ka [&hellip;]<\/p>\n","protected":false},"featured_media":8897,"comment_status":"open","ping_status":"closed","template":"","meta":[],"product_brand":[],"product_cat":[118],"product_tag":[],"class_list":{"0":"post-8896","1":"product","2":"type-product","3":"status-publish","4":"has-post-thumbnail","6":"product_cat-diivanilauad","7":"product_shipping_class-livin-hill","8":"pa_kollektsioon-modig","9":"pa_materjal-lamineeritud-klaas","10":"pa_varv-mitmevarviline","12":"first","13":"instock","14":"sale","15":"taxable","16":"shipping-taxable","17":"purchasable","18":"product-type-simple"},"_links":{"self":[{"href":"https:\/\/blankpage.ee\/_ruumist-ruumi\/wp-json\/wp\/v2\/product\/8896","targetHints":{"allow":["GET"]}}],"collection":[{"href":"https:\/\/blankpage.ee\/_ruumist-ruumi\/wp-json\/wp\/v2\/product"}],"about":[{"href":"https:\/\/blankpage.ee\/_ruumist-ruumi\/wp-json\/wp\/v2\/types\/product"}],"replies":[{"embeddable":true,"href":"https:\/\/blankpage.ee\/_ruumist-ruumi\/wp-json\/wp\/v2\/comments?post=8896"}],"wp:featuredmedia":[{"embeddable":true,"href":"https:\/\/blankpage.ee\/_ruumist-ruumi\/wp-json\/wp\/v2\/media\/8897"}],"wp:attachment":[{"href":"https:\/\/blankpage.ee\/_ruumist-ruumi\/wp-json\/wp\/v2\/media?parent=8896"}],"wp:term":[{"taxonomy":"product_brand","embeddable":true,"href":"https:\/\/blankpage.ee\/_ruumist-ruumi\/wp-json\/wp\/v2\/product_brand?post=8896"},{"taxonomy":"product_cat","embeddable":true,"href":"https:\/\/blankpage.ee\/_ruumist-ruumi\/wp-json\/wp\/v2\/product_cat?post=8896"},{"taxonomy":"product_tag","embeddable":true,"href":"https:\/\/blankpage.ee\/_ruumist-ruumi\/wp-json\/wp\/v2\/product_tag?post=8896"}],"curies":[{"name":"wp","href":"https:\/\/api.w.org\/{rel}","templated":true}]}}