{"id":8915,"date":"2024-11-01T16:01:33","date_gmt":"2024-11-01T16:01:33","guid":{"rendered":"https:\/\/ruumistruumi.ee\/pood\/kuldne-konsoollaud-modig-m81-roostevabast-terasest-ja-sinterdatud-kivist\/"},"modified":"2025-04-10T11:58:38","modified_gmt":"2025-04-10T11:58:38","slug":"kuldne-kohvilaud-modig-m81-roostevaba-teras-marmor","status":"publish","type":"product","link":"https:\/\/blankpage.ee\/_ruumist-ruumi\/pood\/kuldne-kohvilaud-modig-m81-roostevaba-teras-marmor\/","title":{"rendered":"Kuldne kohvilaud Modig M81, roostevaba teras, marmor"},"content":{"rendered":"<p>Modig M81 aktsentlaud elutuppa. See kaasaegne laud \u00fchendab endas elegantsuse ja funktsionaalsuse, olles ideaalne t\u00e4iendus igasse elutuppa. \u00dcmmargune pruunist marmorist imitatsiooniga pealispind koos kuldsete jalgadega, mis on valmistatud poolringikujulistest ja \u00fcmardatud roostevabast terasest paneelidest, loob luksusliku ja ajatu v\u00e4limuse.<\/p>\n<p>Modig kollektsiooni kuuluv Modig M81 aktsentlaud on loodud neile, kes hindavad kvaliteeti ja stiili. Laua pealispind on valmistatud kunstmarmorist, mis tagab vastupidavuse ja lihtsa hoolduse. Kuldsete toonidega jalad lisavad ruumile soojust ja elegantsi, olles samas stabiilsed ja vastupidavad. See laud on suurep\u00e4rane valik nii kohvilaua kui ka dekoratiivse elemendina, pakkudes ruumile nii praktilisust kui ka visuaalset huvi.<\/p>\n<p>Omadused:<br \/>\n<strong>Materjal:<\/strong> Jalad roostevabast terasest, pealispind sinters kivist.<br \/>\n<strong>V\u00e4rv:<\/strong> Kuldsete jalgadega ja pruun pealispind.<br \/>\n<strong>M\u00f5\u00f5tmed:<\/strong> Laius 60 cm, s\u00fcgavus 60 cm, k\u00f5rgus 50 cm.<br \/>\n<strong>T\u00e4iendavad detailid:<\/strong> Kunstmarmorist pealispind.<br \/>\n<strong>Kokkupanek:<\/strong> Osaliselt kokku pandud, h\u00f5lbustades paigaldamist.<\/p>\n<p>&nbsp;<\/p>\n","protected":false},"excerpt":{"rendered":"<p>Modig M81 aktsentlaud elutuppa. See kaasaegne laud \u00fchendab endas elegantsuse ja funktsionaalsuse, olles ideaalne t\u00e4iendus igasse elutuppa. \u00dcmmargune pruunist marmorist imitatsiooniga pealispind koos kuldsete jalgadega, mis on valmistatud poolringikujulistest ja \u00fcmardatud roostevabast terasest paneelidest, loob luksusliku ja ajatu v\u00e4limuse. Modig kollektsiooni kuuluv Modig M81 aktsentlaud on loodud neile, kes hindavad kvaliteeti ja stiili. Laua pealispind [&hellip;]<\/p>\n","protected":false},"featured_media":8916,"comment_status":"open","ping_status":"closed","template":"","meta":[],"product_brand":[],"product_cat":[145],"product_tag":[],"class_list":{"0":"post-8915","1":"product","2":"type-product","3":"status-publish","4":"has-post-thumbnail","6":"product_cat-lisalauad","7":"product_shipping_class-livin-hill","8":"pa_kollektsioon-modig","9":"pa_materjal-roostevaba-teras","10":"pa_varv-kuldne","12":"first","13":"instock","14":"sale","15":"taxable","16":"shipping-taxable","17":"purchasable","18":"product-type-simple"},"_links":{"self":[{"href":"https:\/\/blankpage.ee\/_ruumist-ruumi\/wp-json\/wp\/v2\/product\/8915","targetHints":{"allow":["GET"]}}],"collection":[{"href":"https:\/\/blankpage.ee\/_ruumist-ruumi\/wp-json\/wp\/v2\/product"}],"about":[{"href":"https:\/\/blankpage.ee\/_ruumist-ruumi\/wp-json\/wp\/v2\/types\/product"}],"replies":[{"embeddable":true,"href":"https:\/\/blankpage.ee\/_ruumist-ruumi\/wp-json\/wp\/v2\/comments?post=8915"}],"wp:featuredmedia":[{"embeddable":true,"href":"https:\/\/blankpage.ee\/_ruumist-ruumi\/wp-json\/wp\/v2\/media\/8916"}],"wp:attachment":[{"href":"https:\/\/blankpage.ee\/_ruumist-ruumi\/wp-json\/wp\/v2\/media?parent=8915"}],"wp:term":[{"taxonomy":"product_brand","embeddable":true,"href":"https:\/\/blankpage.ee\/_ruumist-ruumi\/wp-json\/wp\/v2\/product_brand?post=8915"},{"taxonomy":"product_cat","embeddable":true,"href":"https:\/\/blankpage.ee\/_ruumist-ruumi\/wp-json\/wp\/v2\/product_cat?post=8915"},{"taxonomy":"product_tag","embeddable":true,"href":"https:\/\/blankpage.ee\/_ruumist-ruumi\/wp-json\/wp\/v2\/product_tag?post=8915"}],"curies":[{"name":"wp","href":"https:\/\/api.w.org\/{rel}","templated":true}]}}