{"id":89501,"date":"2025-01-18T09:19:00","date_gmt":"2025-01-18T09:19:00","guid":{"rendered":"https:\/\/ruumistruumi.ee\/pood\/raskustekk-hall-200x200-cm-9-kg-kangas-2\/"},"modified":"2025-08-21T02:17:23","modified_gmt":"2025-08-21T02:17:23","slug":"raskustekk-hall-200x200-cm-9-kg-kangas-2","status":"publish","type":"product","link":"https:\/\/blankpage.ee\/_ruumist-ruumi\/pood\/raskustekk-hall-200x200-cm-9-kg-kangas-2\/","title":{"rendered":"Raskustekk hall 200&#215;200 cm 9 kg kangas"},"content":{"rendered":"<p>Kas teil on probleeme magamisega? Raskustekk pehmet ja mugavat survest, aidates kehal ja vaimul puhata. Mugav materjal: hingav ja vastupidav kangas on lihtsa ja puhta v\u00e4limusega. Teki \u00fcks pool on valmistatud sametisest kangast ja teine pool harjatud kangast.Pehme t\u00e4idis: tekk on t\u00e4idetud pol\u00fcesterkiudude ja l\u00f5hnatute klaashelmestega.\u00dchtlane raskuse jaotus: raskustekk peaks moodustama 10% teie kehakaalust. Selle kompaktsed tepitud taskud jaotavad raskuse \u00fchtlaselt kogu kehale.Praktilised siseaasad: siseaasadega rahustava teki saab kinnitada mis tahes sama suurusega tekikoti k\u00fclge.<\/p>\n<ul>\n<li>V\u00e4rvus: hall<\/li>\n<li>Teki v\u00e4lismaterjal: kangas (100% harjatud pol\u00fcester mikrokiud)<\/li>\n<li>T\u00e4idise materjal: pol\u00fcester, h\u00fcpoallergeensed m\u00fcrgivabad l\u00f5hnatud klaashelmed<\/li>\n<li>Suurus: 200 x 200 cm (L x P)<\/li>\n<li>Vateeritud ruudu suurus: 10 x 10 cm (P x L)<\/li>\n<li>Kaal: 9 kg<\/li>\n<\/ul>\n","protected":false},"excerpt":{"rendered":"<p>Kas teil on probleeme magamisega? Raskustekk pehmet ja mugavat survest, aidates kehal ja vaimul puhata. Mugav materjal: hingav ja vastupidav kangas on lihtsa ja puhta v\u00e4limusega. Teki \u00fcks pool on valmistatud sametisest kangast ja teine pool harjatud kangast.Pehme t\u00e4idis: tekk on t\u00e4idetud pol\u00fcesterkiudude ja l\u00f5hnatute klaashelmestega.\u00dchtlane raskuse jaotus: raskustekk peaks moodustama 10% teie kehakaalust. Selle [&hellip;]<\/p>\n","protected":false},"featured_media":89502,"comment_status":"open","ping_status":"open","template":"","meta":[],"product_brand":[],"product_cat":[1219],"product_tag":[],"class_list":{"0":"post-89501","1":"product","2":"type-product","3":"status-publish","4":"has-post-thumbnail","6":"product_cat-tekid","7":"product_shipping_class-vidaxl","8":"pa_varv-hall","10":"first","11":"outofstock","12":"taxable","13":"shipping-taxable","14":"purchasable","15":"product-type-simple"},"_links":{"self":[{"href":"https:\/\/blankpage.ee\/_ruumist-ruumi\/wp-json\/wp\/v2\/product\/89501","targetHints":{"allow":["GET"]}}],"collection":[{"href":"https:\/\/blankpage.ee\/_ruumist-ruumi\/wp-json\/wp\/v2\/product"}],"about":[{"href":"https:\/\/blankpage.ee\/_ruumist-ruumi\/wp-json\/wp\/v2\/types\/product"}],"replies":[{"embeddable":true,"href":"https:\/\/blankpage.ee\/_ruumist-ruumi\/wp-json\/wp\/v2\/comments?post=89501"}],"wp:featuredmedia":[{"embeddable":true,"href":"https:\/\/blankpage.ee\/_ruumist-ruumi\/wp-json\/wp\/v2\/media\/89502"}],"wp:attachment":[{"href":"https:\/\/blankpage.ee\/_ruumist-ruumi\/wp-json\/wp\/v2\/media?parent=89501"}],"wp:term":[{"taxonomy":"product_brand","embeddable":true,"href":"https:\/\/blankpage.ee\/_ruumist-ruumi\/wp-json\/wp\/v2\/product_brand?post=89501"},{"taxonomy":"product_cat","embeddable":true,"href":"https:\/\/blankpage.ee\/_ruumist-ruumi\/wp-json\/wp\/v2\/product_cat?post=89501"},{"taxonomy":"product_tag","embeddable":true,"href":"https:\/\/blankpage.ee\/_ruumist-ruumi\/wp-json\/wp\/v2\/product_tag?post=89501"}],"curies":[{"name":"wp","href":"https:\/\/api.w.org\/{rel}","templated":true}]}}