{"id":8960,"date":"2024-11-02T16:04:41","date_gmt":"2024-11-02T16:04:41","guid":{"rendered":"https:\/\/ruumistruumi.ee\/pood\/kuldne-soogilaud-modig-m96-roostevabast-terasest\/"},"modified":"2025-07-15T18:42:33","modified_gmt":"2025-07-15T18:42:33","slug":"valge-soogilaud-modig-m96-roostevabast-terasest","status":"publish","type":"product","link":"https:\/\/blankpage.ee\/_ruumist-ruumi\/pood\/valge-soogilaud-modig-m96-roostevabast-terasest\/","title":{"rendered":"Valge s\u00f6\u00f6gilaud Modig M96, roostevabast terasest"},"content":{"rendered":"<p>Modig M96 s\u00f6\u00f6gilaud s\u00f6\u00f6gituppa. See modernne laud \u00fchendab endas elegantsi ja funktsionaalsuse, olles ideaalne valik igasse kaasaegsesse s\u00f6\u00f6gituppa. Laua koonusekujuline alus on kaetud \u00f6koloogilise nahaga, mis loob vertikaalsed voldid ja on viimistletud kuldse aktsendiga. \u00dcmar valge lauaplaat imiteerib marmorit, lisades luksuslikku h\u00f5ngu.<\/p>\n<p>Omadused:<br \/>\n<strong>Materjal:<\/strong> Roostevabast terasest alus, sinterskivist lauaplaat, PU nahaga kaetud kere.<br \/>\n<strong>V\u00e4rv:<\/strong> Kuldne alus, valge ecru kere, valge lauaplaat.<br \/>\n<strong>M\u00f5\u00f5tmed:<\/strong> Laua laius 120 cm, s\u00fcgavus 120 cm, k\u00f5rgus 75 cm.<br \/>\n<strong>T\u00e4iendavad detailid:<\/strong> Kunstmarmorist lauaplaat; kere kaetud \u00f6koloogilise nahaga, mis loob vertikaalseid volte.<br \/>\n<strong>Kokkupanek:<\/strong> Osaliselt kokku pandud, h\u00f5lbustamaks paigaldamist.<\/p>\n<p>&nbsp;<\/p>\n","protected":false},"excerpt":{"rendered":"<p>Modig M96 s\u00f6\u00f6gilaud s\u00f6\u00f6gituppa. See modernne laud \u00fchendab endas elegantsi ja funktsionaalsuse, olles ideaalne valik igasse kaasaegsesse s\u00f6\u00f6gituppa. Laua koonusekujuline alus on kaetud \u00f6koloogilise nahaga, mis loob vertikaalsed voldid ja on viimistletud kuldse aktsendiga. \u00dcmar valge lauaplaat imiteerib marmorit, lisades luksuslikku h\u00f5ngu. Omadused: Materjal: Roostevabast terasest alus, sinterskivist lauaplaat, PU nahaga kaetud kere. V\u00e4rv: Kuldne [&hellip;]<\/p>\n","protected":false},"featured_media":8961,"comment_status":"open","ping_status":"closed","template":"","meta":[],"product_brand":[],"product_cat":[93],"product_tag":[],"class_list":{"0":"post-8960","1":"product","2":"type-product","3":"status-publish","4":"has-post-thumbnail","6":"product_cat-soogilauad","7":"product_shipping_class-livin-hill","8":"pa_kollektsioon-modig","9":"pa_materjal-roostevaba-teras","10":"pa_varv-valge","12":"first","13":"outofstock","14":"sale","15":"taxable","16":"shipping-taxable","17":"purchasable","18":"product-type-simple"},"_links":{"self":[{"href":"https:\/\/blankpage.ee\/_ruumist-ruumi\/wp-json\/wp\/v2\/product\/8960","targetHints":{"allow":["GET"]}}],"collection":[{"href":"https:\/\/blankpage.ee\/_ruumist-ruumi\/wp-json\/wp\/v2\/product"}],"about":[{"href":"https:\/\/blankpage.ee\/_ruumist-ruumi\/wp-json\/wp\/v2\/types\/product"}],"replies":[{"embeddable":true,"href":"https:\/\/blankpage.ee\/_ruumist-ruumi\/wp-json\/wp\/v2\/comments?post=8960"}],"wp:featuredmedia":[{"embeddable":true,"href":"https:\/\/blankpage.ee\/_ruumist-ruumi\/wp-json\/wp\/v2\/media\/8961"}],"wp:attachment":[{"href":"https:\/\/blankpage.ee\/_ruumist-ruumi\/wp-json\/wp\/v2\/media?parent=8960"}],"wp:term":[{"taxonomy":"product_brand","embeddable":true,"href":"https:\/\/blankpage.ee\/_ruumist-ruumi\/wp-json\/wp\/v2\/product_brand?post=8960"},{"taxonomy":"product_cat","embeddable":true,"href":"https:\/\/blankpage.ee\/_ruumist-ruumi\/wp-json\/wp\/v2\/product_cat?post=8960"},{"taxonomy":"product_tag","embeddable":true,"href":"https:\/\/blankpage.ee\/_ruumist-ruumi\/wp-json\/wp\/v2\/product_tag?post=8960"}],"curies":[{"name":"wp","href":"https:\/\/api.w.org\/{rel}","templated":true}]}}