{"id":8992,"date":"2024-11-01T16:06:54","date_gmt":"2024-11-01T16:06:54","guid":{"rendered":"https:\/\/ruumistruumi.ee\/pood\/helepruun-tool-nua-n2-30-veluuri-kangast\/"},"modified":"2025-06-17T08:58:17","modified_gmt":"2025-06-17T08:58:17","slug":"kaneelitooni-nua-n2-30-tool-veluurkangast","status":"publish","type":"product","link":"https:\/\/blankpage.ee\/_ruumist-ruumi\/pood\/kaneelitooni-nua-n2-30-tool-veluurkangast\/","title":{"rendered":"Kaneelitooni Nua N2-30 tool, veluurkangast"},"content":{"rendered":"<p>Nua N2-30 tool s\u00f6\u00f6gituppa. See moodne polsterdatud tool oran\u017eis toonis, mis on kaetud sametise kangaga, toob teie s\u00f6\u00f6gituppa kaasaegse ja stiilse ilme. Minimalistlik, geomeetriline vorm ja hoolikas viimistlus muudavad selle sobivaks igasse interj\u00f6\u00f6ri.<\/p>\n<p>Tooli veluurkangas pakub pehmet ja luksuslikku tunnetust, samal ajal kui kaneelitoon lisab soojust ja elegantsi. Nua kollektsiooni kuuluv N2-30 tool on loodud pakkuma mugavust ja vastupidavust, olles ideaalne valik nii igap\u00e4evasteks s\u00f6\u00f6gikordadeks kui ka pidulikumateks s\u00fcndmusteks. Selle tooli disain on hoolikalt l\u00e4bim\u00f5eldud, et pakkuda parimat istumiskogemust, toetades selga ja pakkudes mugavust pikemaks ajaks.<\/p>\n<p>Omadused:<br \/>\n<strong>Materjal:<\/strong> Veluurkangas.<br \/>\n<strong>V\u00e4rv:<\/strong> Kaneel.<br \/>\n<strong>M\u00f5\u00f5tmed:<\/strong> Laius 66 cm, s\u00fcgavus 65 cm, k\u00f5rgus 78 cm.<br \/>\n<strong>T\u00e4iendavad detailid:<\/strong> Sile sametkangas.<br \/>\n<strong>Kokkupanek:<\/strong> Kokkupandud, ei vaja paigaldust. S\u00e4\u00e4stab aega ja vaeva.<\/p>\n<p>&nbsp;<\/p>\n","protected":false},"excerpt":{"rendered":"<p>Nua N2-30 tool s\u00f6\u00f6gituppa. See moodne polsterdatud tool oran\u017eis toonis, mis on kaetud sametise kangaga, toob teie s\u00f6\u00f6gituppa kaasaegse ja stiilse ilme. Minimalistlik, geomeetriline vorm ja hoolikas viimistlus muudavad selle sobivaks igasse interj\u00f6\u00f6ri. Tooli veluurkangas pakub pehmet ja luksuslikku tunnetust, samal ajal kui kaneelitoon lisab soojust ja elegantsi. Nua kollektsiooni kuuluv N2-30 tool on loodud [&hellip;]<\/p>\n","protected":false},"featured_media":8993,"comment_status":"open","ping_status":"closed","template":"","meta":[],"product_brand":[],"product_cat":[108],"product_tag":[],"class_list":{"0":"post-8992","1":"product","2":"type-product","3":"status-publish","4":"has-post-thumbnail","6":"product_cat-soogitoolid","7":"product_shipping_class-livin-hill","8":"pa_kollektsioon-nua","9":"pa_materjal-veluurkangas","10":"pa_varv-pruun","12":"first","13":"instock","14":"sale","15":"taxable","16":"shipping-taxable","17":"purchasable","18":"product-type-simple"},"_links":{"self":[{"href":"https:\/\/blankpage.ee\/_ruumist-ruumi\/wp-json\/wp\/v2\/product\/8992","targetHints":{"allow":["GET"]}}],"collection":[{"href":"https:\/\/blankpage.ee\/_ruumist-ruumi\/wp-json\/wp\/v2\/product"}],"about":[{"href":"https:\/\/blankpage.ee\/_ruumist-ruumi\/wp-json\/wp\/v2\/types\/product"}],"replies":[{"embeddable":true,"href":"https:\/\/blankpage.ee\/_ruumist-ruumi\/wp-json\/wp\/v2\/comments?post=8992"}],"wp:featuredmedia":[{"embeddable":true,"href":"https:\/\/blankpage.ee\/_ruumist-ruumi\/wp-json\/wp\/v2\/media\/8993"}],"wp:attachment":[{"href":"https:\/\/blankpage.ee\/_ruumist-ruumi\/wp-json\/wp\/v2\/media?parent=8992"}],"wp:term":[{"taxonomy":"product_brand","embeddable":true,"href":"https:\/\/blankpage.ee\/_ruumist-ruumi\/wp-json\/wp\/v2\/product_brand?post=8992"},{"taxonomy":"product_cat","embeddable":true,"href":"https:\/\/blankpage.ee\/_ruumist-ruumi\/wp-json\/wp\/v2\/product_cat?post=8992"},{"taxonomy":"product_tag","embeddable":true,"href":"https:\/\/blankpage.ee\/_ruumist-ruumi\/wp-json\/wp\/v2\/product_tag?post=8992"}],"curies":[{"name":"wp","href":"https:\/\/api.w.org\/{rel}","templated":true}]}}