{"id":9011,"date":"2024-11-01T16:07:56","date_gmt":"2024-11-01T16:07:56","guid":{"rendered":"https:\/\/ruumistruumi.ee\/pood\/teal-nua-n2-52-tool-veluurist-kangast\/"},"modified":"2025-04-10T11:58:41","modified_gmt":"2025-04-10T11:58:41","slug":"sinakasroheline-nua-n2-52-tool-veluurkangast","status":"publish","type":"product","link":"https:\/\/blankpage.ee\/_ruumist-ruumi\/pood\/sinakasroheline-nua-n2-52-tool-veluurkangast\/","title":{"rendered":"Sinakasroheline Nua N2-52 tool, veluurkangast"},"content":{"rendered":"<p>Nua N2-52 tool s\u00f6\u00f6gituppa. See modernne, meresinine tool on kaetud sametise veluurkangaga, mis lisab igale s\u00f6\u00f6gitoale elegantsi ja mugavust. Minimalistlik ja geomeetriline vorm koos hoolika viimistlusega v\u00f5imaldab sellel sobituda sujuvalt igasse interj\u00f6\u00f6ri.<\/p>\n<p>Omadused:<br \/>\n<strong>Materjal:<\/strong> Pehme veluurkangas.<br \/>\n<strong>V\u00e4rv:<\/strong> Meresinine.<br \/>\n<strong>M\u00f5\u00f5tmed:<\/strong> Laius 66 cm, s\u00fcgavus 65 cm, k\u00f5rgus 78 cm.<br \/>\n<strong>T\u00e4iendavad detailid:<\/strong> Sile sametkangas.<br \/>\n<strong>Kokkupanek:<\/strong> Kokkupandud, ei vaja paigaldust. S\u00e4\u00e4stab aega ja vaeva.<\/p>\n<p>&nbsp;<\/p>\n","protected":false},"excerpt":{"rendered":"<p>Nua N2-52 tool s\u00f6\u00f6gituppa. See modernne, meresinine tool on kaetud sametise veluurkangaga, mis lisab igale s\u00f6\u00f6gitoale elegantsi ja mugavust. Minimalistlik ja geomeetriline vorm koos hoolika viimistlusega v\u00f5imaldab sellel sobituda sujuvalt igasse interj\u00f6\u00f6ri. Omadused: Materjal: Pehme veluurkangas. V\u00e4rv: Meresinine. M\u00f5\u00f5tmed: Laius 66 cm, s\u00fcgavus 65 cm, k\u00f5rgus 78 cm. T\u00e4iendavad detailid: Sile sametkangas. Kokkupanek: Kokkupandud, ei [&hellip;]<\/p>\n","protected":false},"featured_media":9012,"comment_status":"open","ping_status":"closed","template":"","meta":[],"product_brand":[],"product_cat":[71],"product_tag":[],"class_list":{"0":"post-9011","1":"product","2":"type-product","3":"status-publish","4":"has-post-thumbnail","6":"product_cat-moobel","7":"product_shipping_class-livin-hill","8":"pa_kollektsioon-nua","9":"pa_materjal-veluurkangas","10":"pa_varv-roheline","12":"first","13":"instock","14":"sale","15":"taxable","16":"shipping-taxable","17":"purchasable","18":"product-type-simple"},"_links":{"self":[{"href":"https:\/\/blankpage.ee\/_ruumist-ruumi\/wp-json\/wp\/v2\/product\/9011","targetHints":{"allow":["GET"]}}],"collection":[{"href":"https:\/\/blankpage.ee\/_ruumist-ruumi\/wp-json\/wp\/v2\/product"}],"about":[{"href":"https:\/\/blankpage.ee\/_ruumist-ruumi\/wp-json\/wp\/v2\/types\/product"}],"replies":[{"embeddable":true,"href":"https:\/\/blankpage.ee\/_ruumist-ruumi\/wp-json\/wp\/v2\/comments?post=9011"}],"wp:featuredmedia":[{"embeddable":true,"href":"https:\/\/blankpage.ee\/_ruumist-ruumi\/wp-json\/wp\/v2\/media\/9012"}],"wp:attachment":[{"href":"https:\/\/blankpage.ee\/_ruumist-ruumi\/wp-json\/wp\/v2\/media?parent=9011"}],"wp:term":[{"taxonomy":"product_brand","embeddable":true,"href":"https:\/\/blankpage.ee\/_ruumist-ruumi\/wp-json\/wp\/v2\/product_brand?post=9011"},{"taxonomy":"product_cat","embeddable":true,"href":"https:\/\/blankpage.ee\/_ruumist-ruumi\/wp-json\/wp\/v2\/product_cat?post=9011"},{"taxonomy":"product_tag","embeddable":true,"href":"https:\/\/blankpage.ee\/_ruumist-ruumi\/wp-json\/wp\/v2\/product_tag?post=9011"}],"curies":[{"name":"wp","href":"https:\/\/api.w.org\/{rel}","templated":true}]}}