{"id":9066,"date":"2024-11-01T16:13:04","date_gmt":"2024-11-01T16:13:04","guid":{"rendered":"https:\/\/ruumistruumi.ee\/pood\/tume-roheline-tugitool-nua-n24-15-koos-jalatoega-veluurkangast\/"},"modified":"2025-04-10T11:58:42","modified_gmt":"2025-04-10T11:58:42","slug":"tume-roheline-tugitool-nua-n24-15-koos-jalatoega-veluurkangast","status":"publish","type":"product","link":"https:\/\/blankpage.ee\/_ruumist-ruumi\/pood\/tume-roheline-tugitool-nua-n24-15-koos-jalatoega-veluurkangast\/","title":{"rendered":"Pudeliroheline tugitool Nua N24-15, veluurkangast"},"content":{"rendered":"<p>Nua N24-15 tugitool koos jalatoega elutuppa. See stiilne pudelroheline tugitool on valmistatud siledast veluurkangast, millel on h\u00f5bedane l\u00e4ige. Lihtne ja ergonoomiline kuju sobib suurep\u00e4raselt igasse interj\u00f6\u00f6ri, pakkudes mugavust ja elegantsi.<\/p>\n<p>Tugitooli ja jalatoe kombinatsioon loob t\u00e4iusliku puhkekoha, kus saate l\u00f5\u00f5gastuda p\u00e4rast pikka p\u00e4eva. Veluurkangas mitte ainult ei tundu pehme, vaid lisab ka luksuslikku v\u00e4limust, mis t\u00f5stab teie elutoa stiili. Pudelroheline toon toob ruumi rahu ja harmooniat, samas kui h\u00f5bedane l\u00e4ige lisab peent s\u00e4ra.<\/p>\n<p>Tugitooli m\u00f5\u00f5tmed on 86x102x70 cm ja kaal 15 kg, samas kui jalatoe m\u00f5\u00f5tmed on 85x80x34 cm ja kaal 8 kg. See on kokkupandud, ei vaja paigaldust, s\u00e4\u00e4stes teie aega ja vaeva. T\u00e4nu oma kompaktsusele ja kergusele on seda lihtne \u00fcmber paigutada vastavalt teie vajadustele.<\/p>\n<p>Omadused:<br \/>\n<strong>Materjal:<\/strong> Sile veluurkangas h\u00f5bedase l\u00e4ikega.<br \/>\n<strong>V\u00e4rv:<\/strong> Pudelroheline.<br \/>\n<strong>M\u00f5\u00f5tmed:<\/strong> Tugitool &#8211; laius 86 cm, s\u00fcgavus 102 cm, k\u00f5rgus 70 cm; Jalatoe &#8211; laius 85 cm, s\u00fcgavus 80 cm, k\u00f5rgus 34 cm.<br \/>\n<strong>T\u00e4iendavad detailid:<\/strong> Kokkupandud, ei vaja paigaldust, s\u00e4\u00e4stab aega ja vaeva.<\/p>\n<p>&nbsp;<\/p>\n","protected":false},"excerpt":{"rendered":"<p>Nua N24-15 tugitool koos jalatoega elutuppa. See stiilne pudelroheline tugitool on valmistatud siledast veluurkangast, millel on h\u00f5bedane l\u00e4ige. Lihtne ja ergonoomiline kuju sobib suurep\u00e4raselt igasse interj\u00f6\u00f6ri, pakkudes mugavust ja elegantsi. Tugitooli ja jalatoe kombinatsioon loob t\u00e4iusliku puhkekoha, kus saate l\u00f5\u00f5gastuda p\u00e4rast pikka p\u00e4eva. Veluurkangas mitte ainult ei tundu pehme, vaid lisab ka luksuslikku v\u00e4limust, mis [&hellip;]<\/p>\n","protected":false},"featured_media":9067,"comment_status":"open","ping_status":"closed","template":"","meta":[],"product_brand":[],"product_cat":[424],"product_tag":[],"class_list":{"0":"post-9066","1":"product","2":"type-product","3":"status-publish","4":"has-post-thumbnail","6":"product_cat-tugitoolid-ja-lounge-toolid","7":"product_shipping_class-livin-hill","8":"pa_kollektsioon-nua","9":"pa_materjal-veluurkangas","10":"pa_varv-roheline","12":"first","13":"instock","14":"sale","15":"taxable","16":"shipping-taxable","17":"purchasable","18":"product-type-simple"},"_links":{"self":[{"href":"https:\/\/blankpage.ee\/_ruumist-ruumi\/wp-json\/wp\/v2\/product\/9066","targetHints":{"allow":["GET"]}}],"collection":[{"href":"https:\/\/blankpage.ee\/_ruumist-ruumi\/wp-json\/wp\/v2\/product"}],"about":[{"href":"https:\/\/blankpage.ee\/_ruumist-ruumi\/wp-json\/wp\/v2\/types\/product"}],"replies":[{"embeddable":true,"href":"https:\/\/blankpage.ee\/_ruumist-ruumi\/wp-json\/wp\/v2\/comments?post=9066"}],"wp:featuredmedia":[{"embeddable":true,"href":"https:\/\/blankpage.ee\/_ruumist-ruumi\/wp-json\/wp\/v2\/media\/9067"}],"wp:attachment":[{"href":"https:\/\/blankpage.ee\/_ruumist-ruumi\/wp-json\/wp\/v2\/media?parent=9066"}],"wp:term":[{"taxonomy":"product_brand","embeddable":true,"href":"https:\/\/blankpage.ee\/_ruumist-ruumi\/wp-json\/wp\/v2\/product_brand?post=9066"},{"taxonomy":"product_cat","embeddable":true,"href":"https:\/\/blankpage.ee\/_ruumist-ruumi\/wp-json\/wp\/v2\/product_cat?post=9066"},{"taxonomy":"product_tag","embeddable":true,"href":"https:\/\/blankpage.ee\/_ruumist-ruumi\/wp-json\/wp\/v2\/product_tag?post=9066"}],"curies":[{"name":"wp","href":"https:\/\/api.w.org\/{rel}","templated":true}]}}