{"id":9119,"date":"2024-11-01T16:16:46","date_gmt":"2024-11-01T16:16:46","guid":{"rendered":"https:\/\/ruumistruumi.ee\/pood\/valge-ecru-diivan-nua-n49-1-boucle-kangast\/"},"modified":"2025-04-10T11:58:43","modified_gmt":"2025-04-10T11:58:43","slug":"valge-diivan-nua-n49-1-buklee-kangast","status":"publish","type":"product","link":"https:\/\/blankpage.ee\/_ruumist-ruumi\/pood\/valge-diivan-nua-n49-1-buklee-kangast\/","title":{"rendered":"Valge diivan Nua N49-1, buklee kangast"},"content":{"rendered":"<p>Nua N49-1 diivan elutuppa. See elegantne kaheistmeline diivan on kaetud moeka valge ecru boucle kangaga ning toetub kuldse tooniga roostevabast terasest jalgadele. Klassikalist kuju t\u00e4iendab k\u00f5rgekvaliteetne, pehme kangas ja horisontaalne \u00f5mblus, pakkudes nii mugavust kui ka stiili igasse elutuppa.<\/p>\n<p>Diivani erip\u00e4raks on selle luksuslik boucle kangas, mis sisaldab h\u00f5bedast niiti, lisades peene s\u00e4ra ja tekstuuri. Komplekti kuuluvad padjad loovad lisamugavust ja v\u00f5imaldavad luua hubase atmosf\u00e4\u00e4ri. Kokkupandud, ei vaja paigaldust, s\u00e4\u00e4stes teie aega ja vaeva.<\/p>\n<p>Omadused:<br \/>\n<strong>Materjal:<\/strong> Boucle kangas ja roostevabast terasest alus.<br \/>\n<strong>V\u00e4rv:<\/strong> Valge ecru.<br \/>\n<strong>M\u00f5\u00f5tmed:<\/strong> Laius 160 cm, s\u00fcgavus 85 cm, k\u00f5rgus 80 cm.<br \/>\n<strong>T\u00e4iendavad detailid:<\/strong> Padjad komplektis; boucle kangas h\u00f5bedase niidiga.<br \/>\n<strong>Kokkupanek:<\/strong> Kokkupandud, ei vaja paigaldust.<\/p>\n<p>&nbsp;<\/p>\n","protected":false},"excerpt":{"rendered":"<p>Nua N49-1 diivan elutuppa. See elegantne kaheistmeline diivan on kaetud moeka valge ecru boucle kangaga ning toetub kuldse tooniga roostevabast terasest jalgadele. Klassikalist kuju t\u00e4iendab k\u00f5rgekvaliteetne, pehme kangas ja horisontaalne \u00f5mblus, pakkudes nii mugavust kui ka stiili igasse elutuppa. Diivani erip\u00e4raks on selle luksuslik boucle kangas, mis sisaldab h\u00f5bedast niiti, lisades peene s\u00e4ra ja tekstuuri. [&hellip;]<\/p>\n","protected":false},"featured_media":9120,"comment_status":"open","ping_status":"closed","template":"","meta":[],"product_brand":[],"product_cat":[422],"product_tag":[],"class_list":{"0":"post-9119","1":"product","2":"type-product","3":"status-publish","4":"has-post-thumbnail","6":"product_cat-diivanid","7":"product_shipping_class-livin-hill","8":"pa_kollektsioon-nua","9":"pa_materjal-boucle-kangas-roostevaba-terasest-alus-beez","10":"pa_varv-valge","12":"first","13":"instock","14":"sale","15":"taxable","16":"shipping-taxable","17":"purchasable","18":"product-type-simple"},"_links":{"self":[{"href":"https:\/\/blankpage.ee\/_ruumist-ruumi\/wp-json\/wp\/v2\/product\/9119","targetHints":{"allow":["GET"]}}],"collection":[{"href":"https:\/\/blankpage.ee\/_ruumist-ruumi\/wp-json\/wp\/v2\/product"}],"about":[{"href":"https:\/\/blankpage.ee\/_ruumist-ruumi\/wp-json\/wp\/v2\/types\/product"}],"replies":[{"embeddable":true,"href":"https:\/\/blankpage.ee\/_ruumist-ruumi\/wp-json\/wp\/v2\/comments?post=9119"}],"wp:featuredmedia":[{"embeddable":true,"href":"https:\/\/blankpage.ee\/_ruumist-ruumi\/wp-json\/wp\/v2\/media\/9120"}],"wp:attachment":[{"href":"https:\/\/blankpage.ee\/_ruumist-ruumi\/wp-json\/wp\/v2\/media?parent=9119"}],"wp:term":[{"taxonomy":"product_brand","embeddable":true,"href":"https:\/\/blankpage.ee\/_ruumist-ruumi\/wp-json\/wp\/v2\/product_brand?post=9119"},{"taxonomy":"product_cat","embeddable":true,"href":"https:\/\/blankpage.ee\/_ruumist-ruumi\/wp-json\/wp\/v2\/product_cat?post=9119"},{"taxonomy":"product_tag","embeddable":true,"href":"https:\/\/blankpage.ee\/_ruumist-ruumi\/wp-json\/wp\/v2\/product_tag?post=9119"}],"curies":[{"name":"wp","href":"https:\/\/api.w.org\/{rel}","templated":true}]}}