{"id":91258,"date":"2025-01-18T09:44:01","date_gmt":"2025-01-18T09:44:01","guid":{"rendered":"https:\/\/ruumistruumi.ee\/pood\/saunalinad-4-tk-bordoopunane-100x150cm-360-gsm-100-puuvill\/"},"modified":"2025-08-21T02:17:22","modified_gmt":"2025-08-21T02:17:22","slug":"saunalinad-4-tk-bordoopunane-100x150cm-360-gsm-100-puuvill","status":"publish","type":"product","link":"https:\/\/blankpage.ee\/_ruumist-ruumi\/pood\/saunalinad-4-tk-bordoopunane-100x150cm-360-gsm-100-puuvill\/","title":{"rendered":"Saunalinad 4 tk, bordoopunane, 100x150cm, 360 gsm, 100% puuvill"},"content":{"rendered":"<p>Saunalinade komplekt sobib kasutamiseks nii kodus kui ka hotellis. Pehme ja nahas\u00f5bralik materjal: need r\u00e4tikud on valmistatud 100% r\u00f5ngaskedratud puuvillast, mis on pehme, vastupidav ja pleekimiskindel. Need on OEKO-TEX STANDARD 100 sertifikaadiga ja testitud kahjulike ainete suhtes, mis muudab need usaldusv\u00e4\u00e4rseks ja usaldusv\u00e4\u00e4rseks kasutamiseks.Imav: pehme puuvillane kangas muudab need r\u00e4tikud imavamaks.Mugav riputusaas: igal r\u00e4tikul on k\u00fclge \u00f5mmeldud riputusaas, mis v\u00f5imaldab neid h\u00f5lpsalt konksudele v\u00f5i r\u00e4tikutorudele riputada.Masipestav: puuvillased r\u00e4tikud on masinapestavad ning neid saab h\u00f5lpsasti pesta sooja vee ja \u00f5rnatoimelise seebilahusega.Mitmeotstarbeline kasutamine: r\u00e4tikud on pehmed ja vastupidavad. Need r\u00e4tikud on mitmek\u00fclgsed ja usaldusv\u00e4\u00e4rsed nii iluprotseduurite kui ka igap\u00e4evaste puhastustoimingute jaoks.<\/p>\n<ul>\n<li>V\u00e4rvus: bordoopunane<\/li>\n<li>Materjal: 100% puuvill<\/li>\n<li>Suurus: 100 x 150 cm (L x P)<\/li>\n<li>360 gsm<\/li>\n<li>Sertifitseeritud OEKO-TEX\u00ae STANDARD 100 j\u00e4rgi<\/li>\n<li>Masinpestav<\/li>\n<li><strong>Komplekti kuulub:<\/strong><\/li>\n<li>4 x saunalina<\/li>\n<\/ul>\n","protected":false},"excerpt":{"rendered":"<p>Saunalinade komplekt sobib kasutamiseks nii kodus kui ka hotellis. Pehme ja nahas\u00f5bralik materjal: need r\u00e4tikud on valmistatud 100% r\u00f5ngaskedratud puuvillast, mis on pehme, vastupidav ja pleekimiskindel. Need on OEKO-TEX STANDARD 100 sertifikaadiga ja testitud kahjulike ainete suhtes, mis muudab need usaldusv\u00e4\u00e4rseks ja usaldusv\u00e4\u00e4rseks kasutamiseks.Imav: pehme puuvillane kangas muudab need r\u00e4tikud imavamaks.Mugav riputusaas: igal r\u00e4tikul on [&hellip;]<\/p>\n","protected":false},"featured_media":91259,"comment_status":"open","ping_status":"open","template":"","meta":[],"product_brand":[],"product_cat":[1227],"product_tag":[],"class_list":{"0":"post-91258","1":"product","2":"type-product","3":"status-publish","4":"has-post-thumbnail","6":"product_cat-ratikud","7":"product_shipping_class-vidaxl","8":"pa_varv-punane","10":"first","11":"outofstock","12":"taxable","13":"shipping-taxable","14":"purchasable","15":"product-type-simple"},"_links":{"self":[{"href":"https:\/\/blankpage.ee\/_ruumist-ruumi\/wp-json\/wp\/v2\/product\/91258","targetHints":{"allow":["GET"]}}],"collection":[{"href":"https:\/\/blankpage.ee\/_ruumist-ruumi\/wp-json\/wp\/v2\/product"}],"about":[{"href":"https:\/\/blankpage.ee\/_ruumist-ruumi\/wp-json\/wp\/v2\/types\/product"}],"replies":[{"embeddable":true,"href":"https:\/\/blankpage.ee\/_ruumist-ruumi\/wp-json\/wp\/v2\/comments?post=91258"}],"wp:featuredmedia":[{"embeddable":true,"href":"https:\/\/blankpage.ee\/_ruumist-ruumi\/wp-json\/wp\/v2\/media\/91259"}],"wp:attachment":[{"href":"https:\/\/blankpage.ee\/_ruumist-ruumi\/wp-json\/wp\/v2\/media?parent=91258"}],"wp:term":[{"taxonomy":"product_brand","embeddable":true,"href":"https:\/\/blankpage.ee\/_ruumist-ruumi\/wp-json\/wp\/v2\/product_brand?post=91258"},{"taxonomy":"product_cat","embeddable":true,"href":"https:\/\/blankpage.ee\/_ruumist-ruumi\/wp-json\/wp\/v2\/product_cat?post=91258"},{"taxonomy":"product_tag","embeddable":true,"href":"https:\/\/blankpage.ee\/_ruumist-ruumi\/wp-json\/wp\/v2\/product_tag?post=91258"}],"curies":[{"name":"wp","href":"https:\/\/api.w.org\/{rel}","templated":true}]}}