{"id":9187,"date":"2024-11-01T16:21:32","date_gmt":"2024-11-01T16:21:32","guid":{"rendered":"https:\/\/ruumistruumi.ee\/pood\/pulberroosa-diivan-nua-n77-25-veluurkangast\/"},"modified":"2025-04-10T11:58:43","modified_gmt":"2025-04-10T11:58:43","slug":"pulberroosa-diivan-nua-n77-25-veluurkangast","status":"publish","type":"product","link":"https:\/\/blankpage.ee\/_ruumist-ruumi\/pood\/pulberroosa-diivan-nua-n77-25-veluurkangast\/","title":{"rendered":"Pulberroosa diivan Nua N77-25, veluurkangast"},"content":{"rendered":"<p>Nua N77-25 diivan elutuppa. See modernne Art Deco stiilis diivan lisab teie elutuppa elegantsi ja v\u00e4rskust. Minimalistlik ovaalne vorm koos C-kujulise alusega ja \u00fcmarate servadega loob kutsuva ja mugava atmosf\u00e4\u00e4ri. Diivan on kaetud pehme sametise veluurkangaga, mille \u00f5rn roosa toon toob ruumi pehmust ja stiili.<\/p>\n<p>Omadused:<br \/>\n<strong>Materjal:<\/strong> Pehme veluurkangas.<br \/>\n<strong>V\u00e4rv:<\/strong> Puudriroosa.<br \/>\n<strong>M\u00f5\u00f5tmed:<\/strong> Laius 260 cm, s\u00fcgavus 125 cm, k\u00f5rgus 75 cm.<br \/>\n<strong>T\u00e4iendavad detailid:<\/strong> Sile sametkangas.<br \/>\n<strong>Kokkupanek:<\/strong> Kokkupandud, ei vaja paigaldust. S\u00e4\u00e4stab aega ja vaeva.<\/p>\n<p>&nbsp;<\/p>\n","protected":false},"excerpt":{"rendered":"<p>Nua N77-25 diivan elutuppa. See modernne Art Deco stiilis diivan lisab teie elutuppa elegantsi ja v\u00e4rskust. Minimalistlik ovaalne vorm koos C-kujulise alusega ja \u00fcmarate servadega loob kutsuva ja mugava atmosf\u00e4\u00e4ri. Diivan on kaetud pehme sametise veluurkangaga, mille \u00f5rn roosa toon toob ruumi pehmust ja stiili. Omadused: Materjal: Pehme veluurkangas. V\u00e4rv: Puudriroosa. M\u00f5\u00f5tmed: Laius 260 cm, [&hellip;]<\/p>\n","protected":false},"featured_media":9188,"comment_status":"open","ping_status":"closed","template":"","meta":[],"product_brand":[],"product_cat":[422],"product_tag":[],"class_list":{"0":"post-9187","1":"product","2":"type-product","3":"status-publish","4":"has-post-thumbnail","6":"product_cat-diivanid","7":"product_shipping_class-livin-hill","8":"pa_kollektsioon-nua","9":"pa_materjal-veluurkangas","10":"pa_varv-roosa","12":"first","13":"instock","14":"sale","15":"taxable","16":"shipping-taxable","17":"purchasable","18":"product-type-simple"},"_links":{"self":[{"href":"https:\/\/blankpage.ee\/_ruumist-ruumi\/wp-json\/wp\/v2\/product\/9187","targetHints":{"allow":["GET"]}}],"collection":[{"href":"https:\/\/blankpage.ee\/_ruumist-ruumi\/wp-json\/wp\/v2\/product"}],"about":[{"href":"https:\/\/blankpage.ee\/_ruumist-ruumi\/wp-json\/wp\/v2\/types\/product"}],"replies":[{"embeddable":true,"href":"https:\/\/blankpage.ee\/_ruumist-ruumi\/wp-json\/wp\/v2\/comments?post=9187"}],"wp:featuredmedia":[{"embeddable":true,"href":"https:\/\/blankpage.ee\/_ruumist-ruumi\/wp-json\/wp\/v2\/media\/9188"}],"wp:attachment":[{"href":"https:\/\/blankpage.ee\/_ruumist-ruumi\/wp-json\/wp\/v2\/media?parent=9187"}],"wp:term":[{"taxonomy":"product_brand","embeddable":true,"href":"https:\/\/blankpage.ee\/_ruumist-ruumi\/wp-json\/wp\/v2\/product_brand?post=9187"},{"taxonomy":"product_cat","embeddable":true,"href":"https:\/\/blankpage.ee\/_ruumist-ruumi\/wp-json\/wp\/v2\/product_cat?post=9187"},{"taxonomy":"product_tag","embeddable":true,"href":"https:\/\/blankpage.ee\/_ruumist-ruumi\/wp-json\/wp\/v2\/product_tag?post=9187"}],"curies":[{"name":"wp","href":"https:\/\/api.w.org\/{rel}","templated":true}]}}