{"id":9224,"date":"2024-11-01T16:24:17","date_gmt":"2024-11-01T16:24:17","guid":{"rendered":"https:\/\/ruumistruumi.ee\/pood\/helehall-valge-tugitool-nua-n88-100-1-chenille-kangast\/"},"modified":"2024-12-17T14:16:30","modified_gmt":"2024-12-17T14:16:30","slug":"helehall-tugitool-nua-n88-100-1-chenille-kangast","status":"publish","type":"product","link":"https:\/\/blankpage.ee\/_ruumist-ruumi\/pood\/helehall-tugitool-nua-n88-100-1-chenille-kangast\/","title":{"rendered":"Helehall tugitool Nua N88-100-1, chenille kangast"},"content":{"rendered":"<p>Nua N88-100-1 tugitool elutuppa. Nua kollektsiooni kuuluv tugitool on kaasaegse disainiga, millel on kaared, C-kujuline seljatugi ja W-kujuline esiosa. Pehme helehall chenille kangas t\u00e4iendab ideaalselt tugitooli ebatavalist vormi, lisades igale interj\u00f6\u00f6rile unikaalse aktsendi.<\/p>\n<p>See tugitool pakub mitte ainult visuaalset naudingut, vaid ka mugavust, olles ideaalne koht l\u00f5\u00f5gastumiseks. As\u00fcmmeetriline struktuur ja s\u00f5lmeline chenille kangas annavad sellele esmaklassilise viimistluse, mis t\u00f5mbab pilku ja pakub hubasust. Tugitool on kokkupandud, ei vaja paigaldust, s\u00e4\u00e4stes aega ja vaeva.<\/p>\n<p>Omadused:<br \/>\n<strong>Materjal:<\/strong> Chenille kangas.<br \/>\n<strong>V\u00e4rv:<\/strong> Helehall-valge.<br \/>\n<strong>M\u00f5\u00f5tmed:<\/strong> Laius 100 cm, s\u00fcgavus 85 cm, k\u00f5rgus 75 cm.<br \/>\n<strong>T\u00e4iendavad detailid:<\/strong> Eba\u00fchtlase v\u00e4rviga s\u00f5lmeline chenille kangas ja as\u00fcmmeetriline struktuur.<br \/>\n<strong>Kokkupanek:<\/strong> Kokkupandud, ei vaja paigaldust. S\u00e4\u00e4stab aega ja vaeva.<\/p>\n<p>&nbsp;<\/p>\n","protected":false},"excerpt":{"rendered":"<p>Nua N88-100-1 tugitool elutuppa. Nua kollektsiooni kuuluv tugitool on kaasaegse disainiga, millel on kaared, C-kujuline seljatugi ja W-kujuline esiosa. Pehme helehall chenille kangas t\u00e4iendab ideaalselt tugitooli ebatavalist vormi, lisades igale interj\u00f6\u00f6rile unikaalse aktsendi. See tugitool pakub mitte ainult visuaalset naudingut, vaid ka mugavust, olles ideaalne koht l\u00f5\u00f5gastumiseks. As\u00fcmmeetriline struktuur ja s\u00f5lmeline chenille kangas annavad sellele [&hellip;]<\/p>\n","protected":false},"featured_media":9225,"comment_status":"open","ping_status":"closed","template":"","meta":[],"product_brand":[],"product_cat":[424],"product_tag":[],"class_list":{"0":"post-9224","1":"product","2":"type-product","3":"status-publish","4":"has-post-thumbnail","6":"product_cat-tugitoolid-ja-lounge-toolid","7":"product_shipping_class-livin-hill","8":"pa_kollektsioon-nua","9":"pa_materjal-kudumitekstiil","10":"pa_varv-helehall","12":"first","13":"instock","14":"sale","15":"taxable","16":"shipping-taxable","17":"purchasable","18":"product-type-simple"},"_links":{"self":[{"href":"https:\/\/blankpage.ee\/_ruumist-ruumi\/wp-json\/wp\/v2\/product\/9224","targetHints":{"allow":["GET"]}}],"collection":[{"href":"https:\/\/blankpage.ee\/_ruumist-ruumi\/wp-json\/wp\/v2\/product"}],"about":[{"href":"https:\/\/blankpage.ee\/_ruumist-ruumi\/wp-json\/wp\/v2\/types\/product"}],"replies":[{"embeddable":true,"href":"https:\/\/blankpage.ee\/_ruumist-ruumi\/wp-json\/wp\/v2\/comments?post=9224"}],"wp:featuredmedia":[{"embeddable":true,"href":"https:\/\/blankpage.ee\/_ruumist-ruumi\/wp-json\/wp\/v2\/media\/9225"}],"wp:attachment":[{"href":"https:\/\/blankpage.ee\/_ruumist-ruumi\/wp-json\/wp\/v2\/media?parent=9224"}],"wp:term":[{"taxonomy":"product_brand","embeddable":true,"href":"https:\/\/blankpage.ee\/_ruumist-ruumi\/wp-json\/wp\/v2\/product_brand?post=9224"},{"taxonomy":"product_cat","embeddable":true,"href":"https:\/\/blankpage.ee\/_ruumist-ruumi\/wp-json\/wp\/v2\/product_cat?post=9224"},{"taxonomy":"product_tag","embeddable":true,"href":"https:\/\/blankpage.ee\/_ruumist-ruumi\/wp-json\/wp\/v2\/product_tag?post=9224"}],"curies":[{"name":"wp","href":"https:\/\/api.w.org\/{rel}","templated":true}]}}