{"id":9240,"date":"2024-11-01T16:25:18","date_gmt":"2024-11-01T16:25:18","guid":{"rendered":"https:\/\/ruumistruumi.ee\/pood\/sinine-hall-must-tugitool-nua-n88-100-10-senillkangast\/"},"modified":"2025-04-10T11:58:45","modified_gmt":"2025-04-10T11:58:45","slug":"sinine-hall-must-tugitool-nua-n88-100-10-senillkangast","status":"publish","type":"product","link":"https:\/\/blankpage.ee\/_ruumist-ruumi\/pood\/sinine-hall-must-tugitool-nua-n88-100-10-senillkangast\/","title":{"rendered":"Sinine-hall-must tugitool Nua N88-100-10, chenille kangast"},"content":{"rendered":"<p>Nua N88-100-10 tugitool elutuppa. See kaasaegne tugitool on loodud kaarte baasil, millel on C-kujuline seljatugi ja W-kujuline esiosa. Pehme sinine chenille-kangas t\u00e4iustab ideaalselt tugitooli ebatavalist vormi, lisades igale interj\u00f6\u00f6rile unikaalsust ja stiili.<\/p>\n<p>Tugitooli erip\u00e4raks on selle s\u00f5lmitud chenille-kangas, mis loob mitmekesise v\u00e4rvitooni ja as\u00fcmmeetrilise struktuuri. Tugitool on kokkupandud, ei vaja paigaldust, s\u00e4\u00e4stes teie aega ja vaeva. Selle m\u00f5\u00f5tmed on 100 cm laius, 85 cm s\u00fcgavus ja 75 cm k\u00f5rgus, pakkudes mugavust ja toetust igap\u00e4evaseks kasutamiseks.<\/p>\n<p>Omadused:<br \/>\n<strong>Materjal:<\/strong> Chenille-kangas.<br \/>\n<strong>V\u00e4rv:<\/strong> Sinakashall-must.<br \/>\n<strong>M\u00f5\u00f5tmed:<\/strong> Laius 100 cm, s\u00fcgavus 85 cm, k\u00f5rgus 75 cm.<br \/>\n<strong>T\u00e4iendavad detailid:<\/strong> S\u00f5lmitud chenille-kangas, mitmekesine v\u00e4rv ja as\u00fcmmeetriline struktuur.<br \/>\n<strong>Kokkupanek:<\/strong> Kokkupandud, ei vaja paigaldust.<\/p>\n<p>&nbsp;<\/p>\n","protected":false},"excerpt":{"rendered":"<p>Nua N88-100-10 tugitool elutuppa. See kaasaegne tugitool on loodud kaarte baasil, millel on C-kujuline seljatugi ja W-kujuline esiosa. Pehme sinine chenille-kangas t\u00e4iustab ideaalselt tugitooli ebatavalist vormi, lisades igale interj\u00f6\u00f6rile unikaalsust ja stiili. Tugitooli erip\u00e4raks on selle s\u00f5lmitud chenille-kangas, mis loob mitmekesise v\u00e4rvitooni ja as\u00fcmmeetrilise struktuuri. Tugitool on kokkupandud, ei vaja paigaldust, s\u00e4\u00e4stes teie aega ja [&hellip;]<\/p>\n","protected":false},"featured_media":9241,"comment_status":"open","ping_status":"closed","template":"","meta":[],"product_brand":[],"product_cat":[424],"product_tag":[],"class_list":{"0":"post-9240","1":"product","2":"type-product","3":"status-publish","4":"has-post-thumbnail","6":"product_cat-tugitoolid-ja-lounge-toolid","7":"product_shipping_class-livin-hill","8":"pa_kollektsioon-nua","9":"pa_materjal-kardiganikangas","10":"pa_varv-sinine","12":"first","13":"instock","14":"sale","15":"taxable","16":"shipping-taxable","17":"purchasable","18":"product-type-simple"},"_links":{"self":[{"href":"https:\/\/blankpage.ee\/_ruumist-ruumi\/wp-json\/wp\/v2\/product\/9240","targetHints":{"allow":["GET"]}}],"collection":[{"href":"https:\/\/blankpage.ee\/_ruumist-ruumi\/wp-json\/wp\/v2\/product"}],"about":[{"href":"https:\/\/blankpage.ee\/_ruumist-ruumi\/wp-json\/wp\/v2\/types\/product"}],"replies":[{"embeddable":true,"href":"https:\/\/blankpage.ee\/_ruumist-ruumi\/wp-json\/wp\/v2\/comments?post=9240"}],"wp:featuredmedia":[{"embeddable":true,"href":"https:\/\/blankpage.ee\/_ruumist-ruumi\/wp-json\/wp\/v2\/media\/9241"}],"wp:attachment":[{"href":"https:\/\/blankpage.ee\/_ruumist-ruumi\/wp-json\/wp\/v2\/media?parent=9240"}],"wp:term":[{"taxonomy":"product_brand","embeddable":true,"href":"https:\/\/blankpage.ee\/_ruumist-ruumi\/wp-json\/wp\/v2\/product_brand?post=9240"},{"taxonomy":"product_cat","embeddable":true,"href":"https:\/\/blankpage.ee\/_ruumist-ruumi\/wp-json\/wp\/v2\/product_cat?post=9240"},{"taxonomy":"product_tag","embeddable":true,"href":"https:\/\/blankpage.ee\/_ruumist-ruumi\/wp-json\/wp\/v2\/product_tag?post=9240"}],"curies":[{"name":"wp","href":"https:\/\/api.w.org\/{rel}","templated":true}]}}