{"id":9284,"date":"2024-11-01T16:28:39","date_gmt":"2024-11-01T16:28:39","guid":{"rendered":"https:\/\/ruumistruumi.ee\/pood\/kroomitud-jalad-must-konsoollaud-modig-m19s-roostevabast-terasest-alus\/"},"modified":"2025-07-15T18:42:36","modified_gmt":"2025-07-15T18:42:36","slug":"must-konsoollaud-modig-m19s-roostevabast-terasest-alus-sunteetiline-marmor","status":"publish","type":"product","link":"https:\/\/blankpage.ee\/_ruumist-ruumi\/pood\/must-konsoollaud-modig-m19s-roostevabast-terasest-alus-sunteetiline-marmor\/","title":{"rendered":"Must konsoollaud Modig M19S, roostevabast terasest alus, s\u00fcnteetiline marmor"},"content":{"rendered":"<p>Modig M19S konsoollaud esikusse. See unikaalne kroomitud konsoollaud, millel on k\u00e4rgstruktuuriga alus ja k\u00f5rgl\u00e4ikega pind, lisab teie esikusse stiilse ja kaasaegse ilme. Must kunstmarmorist t\u00f6\u00f6pind t\u00e4iustab laua vormi, luues elegantse ja pilkup\u00fc\u00fcdva fookuspunkti.<\/p>\n<p>Modig kollektsiooni kuuluv konsoollaud pakub t\u00e4iuslikku kombinatsiooni funktsionaalsusest ja disainist. Roostevabast terasest alus tagab vastupidavuse ja stabiilsuse, samas kui kunstmarmorist t\u00f6\u00f6pind on praktiline ja kergesti hooldatav. Kroomitud jalad lisavad s\u00e4rtsu ja modernsust, muutes selle laua sobivaks erinevatesse interj\u00f6\u00f6ridesse.<\/p>\n<p>Omadused:<br \/>\n<strong>Materjal:<\/strong> Roostevabast terasest alus ja kunstmarmorist t\u00f6\u00f6pind.<br \/>\n<strong>V\u00e4rv:<\/strong> Kroomitud jalad, must t\u00f6\u00f6pind.<br \/>\n<strong>M\u00f5\u00f5tmed:<\/strong> Laius 150 cm, s\u00fcgavus 40 cm, k\u00f5rgus 80 cm.<br \/>\n<strong>T\u00e4iendavad detailid:<\/strong> Kunstmarmorist t\u00f6\u00f6pind; k\u00e4rgstruktuuriga alus.<br \/>\n<strong>Kokkupanek:<\/strong> Osaliselt kokku pandud, lihtsustades paigaldust.<\/p>\n<p>&nbsp;<\/p>\n","protected":false},"excerpt":{"rendered":"<p>Modig M19S konsoollaud esikusse. See unikaalne kroomitud konsoollaud, millel on k\u00e4rgstruktuuriga alus ja k\u00f5rgl\u00e4ikega pind, lisab teie esikusse stiilse ja kaasaegse ilme. Must kunstmarmorist t\u00f6\u00f6pind t\u00e4iustab laua vormi, luues elegantse ja pilkup\u00fc\u00fcdva fookuspunkti. Modig kollektsiooni kuuluv konsoollaud pakub t\u00e4iuslikku kombinatsiooni funktsionaalsusest ja disainist. Roostevabast terasest alus tagab vastupidavuse ja stabiilsuse, samas kui kunstmarmorist t\u00f6\u00f6pind on [&hellip;]<\/p>\n","protected":false},"featured_media":9285,"comment_status":"open","ping_status":"closed","template":"","meta":[],"product_brand":[],"product_cat":[83],"product_tag":[],"class_list":{"0":"post-9284","1":"product","2":"type-product","3":"status-publish","4":"has-post-thumbnail","6":"product_cat-konsoollauad","7":"product_shipping_class-livin-hill","8":"pa_kollektsioon-modig","9":"pa_materjal-roostevaba-teras","10":"pa_varv-must","12":"first","13":"outofstock","14":"sale","15":"taxable","16":"shipping-taxable","17":"purchasable","18":"product-type-simple"},"_links":{"self":[{"href":"https:\/\/blankpage.ee\/_ruumist-ruumi\/wp-json\/wp\/v2\/product\/9284","targetHints":{"allow":["GET"]}}],"collection":[{"href":"https:\/\/blankpage.ee\/_ruumist-ruumi\/wp-json\/wp\/v2\/product"}],"about":[{"href":"https:\/\/blankpage.ee\/_ruumist-ruumi\/wp-json\/wp\/v2\/types\/product"}],"replies":[{"embeddable":true,"href":"https:\/\/blankpage.ee\/_ruumist-ruumi\/wp-json\/wp\/v2\/comments?post=9284"}],"wp:featuredmedia":[{"embeddable":true,"href":"https:\/\/blankpage.ee\/_ruumist-ruumi\/wp-json\/wp\/v2\/media\/9285"}],"wp:attachment":[{"href":"https:\/\/blankpage.ee\/_ruumist-ruumi\/wp-json\/wp\/v2\/media?parent=9284"}],"wp:term":[{"taxonomy":"product_brand","embeddable":true,"href":"https:\/\/blankpage.ee\/_ruumist-ruumi\/wp-json\/wp\/v2\/product_brand?post=9284"},{"taxonomy":"product_cat","embeddable":true,"href":"https:\/\/blankpage.ee\/_ruumist-ruumi\/wp-json\/wp\/v2\/product_cat?post=9284"},{"taxonomy":"product_tag","embeddable":true,"href":"https:\/\/blankpage.ee\/_ruumist-ruumi\/wp-json\/wp\/v2\/product_tag?post=9284"}],"curies":[{"name":"wp","href":"https:\/\/api.w.org\/{rel}","templated":true}]}}