{"id":9292,"date":"2024-11-01T16:29:13","date_gmt":"2024-11-01T16:29:13","guid":{"rendered":"https:\/\/ruumistruumi.ee\/pood\/must-aktsentlaud-florence-fl01b-paulownia-puidust-mdf\/"},"modified":"2025-07-22T17:47:23","modified_gmt":"2025-07-22T17:47:23","slug":"must-kohvilaud-florence-fl01b-lehtpuu-mdf","status":"publish","type":"product","link":"https:\/\/blankpage.ee\/_ruumist-ruumi\/pood\/must-kohvilaud-florence-fl01b-lehtpuu-mdf\/","title":{"rendered":"Must kohvilaud Florence FL01B, lehtpuu, MDF"},"content":{"rendered":"<p>Florence FL01B aktsentlaud elutuppa. See minimalistlik k\u00f5rvallaud kuulub Zona-Light kollektsiooni ning on ideaalne lisand igasse elutuppa. \u00dcmar pealispind ja koonusekujuline alus loovad elegantse ja kaasaegse ilme. Laud on valmistatud pehmest Paulownia puidust ja MDF-ist, mille \u00fchtlane must v\u00e4rv r\u00f5hutab puidu struktuuri ja eba\u00fchtlast pinda.<\/p>\n<p>Florence FL01B aktsentlaud pakub mitmeid eeliseid, sealhulgas vastupidavust ja stiilset disaini. Selle kompaktsed m\u00f5\u00f5tmed &#8211; laius 40 cm, s\u00fcgavus 40 cm ja k\u00f5rgus 44,5 cm &#8211; teevad sellest ideaalse valiku v\u00e4iksematesse ruumidesse, lisades samas funktsionaalsust ja visuaalset huvi. Pehme puidu ja MDF-i kombinatsioon tagab laua kerguse ja vastupidavuse, samal ajal kui must v\u00e4rv lisab ruumile s\u00fcgavust ja elegantsi.<\/p>\n<p>Omadused:<br \/>\n<strong>Materjal:<\/strong> Paulownia puit ja MDF.<br \/>\n<strong>V\u00e4rv:<\/strong> Must.<br \/>\n<strong>M\u00f5\u00f5tmed:<\/strong> Laius 40 cm, s\u00fcgavus 40 cm, k\u00f5rgus 44,5 cm.<br \/>\n<strong>T\u00e4iendavad detailid:<\/strong> N\u00e4htav puidu struktuur ja eba\u00fchtlane pind.<br \/>\n<strong>Kokkupanek:<\/strong> Osaliselt kokku pandud, ei vaja paigaldust. S\u00e4\u00e4stab aega ja vaeva.<\/p>\n<p>&nbsp;<\/p>\n","protected":false},"excerpt":{"rendered":"<p>Florence FL01B aktsentlaud elutuppa. See minimalistlik k\u00f5rvallaud kuulub Zona-Light kollektsiooni ning on ideaalne lisand igasse elutuppa. \u00dcmar pealispind ja koonusekujuline alus loovad elegantse ja kaasaegse ilme. Laud on valmistatud pehmest Paulownia puidust ja MDF-ist, mille \u00fchtlane must v\u00e4rv r\u00f5hutab puidu struktuuri ja eba\u00fchtlast pinda. Florence FL01B aktsentlaud pakub mitmeid eeliseid, sealhulgas vastupidavust ja stiilset disaini. [&hellip;]<\/p>\n","protected":false},"featured_media":9293,"comment_status":"open","ping_status":"closed","template":"","meta":[],"product_brand":[],"product_cat":[145],"product_tag":[],"class_list":{"0":"post-9292","1":"product","2":"type-product","3":"status-publish","4":"has-post-thumbnail","6":"product_cat-lisalauad","7":"product_shipping_class-livin-hill","8":"pa_kollektsioon-zona-light","9":"pa_materjal-puit","10":"pa_varv-must","12":"first","13":"outofstock","14":"sale","15":"taxable","16":"shipping-taxable","17":"purchasable","18":"product-type-simple"},"_links":{"self":[{"href":"https:\/\/blankpage.ee\/_ruumist-ruumi\/wp-json\/wp\/v2\/product\/9292","targetHints":{"allow":["GET"]}}],"collection":[{"href":"https:\/\/blankpage.ee\/_ruumist-ruumi\/wp-json\/wp\/v2\/product"}],"about":[{"href":"https:\/\/blankpage.ee\/_ruumist-ruumi\/wp-json\/wp\/v2\/types\/product"}],"replies":[{"embeddable":true,"href":"https:\/\/blankpage.ee\/_ruumist-ruumi\/wp-json\/wp\/v2\/comments?post=9292"}],"wp:featuredmedia":[{"embeddable":true,"href":"https:\/\/blankpage.ee\/_ruumist-ruumi\/wp-json\/wp\/v2\/media\/9293"}],"wp:attachment":[{"href":"https:\/\/blankpage.ee\/_ruumist-ruumi\/wp-json\/wp\/v2\/media?parent=9292"}],"wp:term":[{"taxonomy":"product_brand","embeddable":true,"href":"https:\/\/blankpage.ee\/_ruumist-ruumi\/wp-json\/wp\/v2\/product_brand?post=9292"},{"taxonomy":"product_cat","embeddable":true,"href":"https:\/\/blankpage.ee\/_ruumist-ruumi\/wp-json\/wp\/v2\/product_cat?post=9292"},{"taxonomy":"product_tag","embeddable":true,"href":"https:\/\/blankpage.ee\/_ruumist-ruumi\/wp-json\/wp\/v2\/product_tag?post=9292"}],"curies":[{"name":"wp","href":"https:\/\/api.w.org\/{rel}","templated":true}]}}