{"id":9314,"date":"2024-11-01T16:30:40","date_gmt":"2024-11-01T16:30:40","guid":{"rendered":"https:\/\/ruumistruumi.ee\/pood\/helepruun-konsoollaud-florence-fl03-paulownia-puidust-metallist-jalad\/"},"modified":"2025-06-17T08:58:22","modified_gmt":"2025-06-17T08:58:22","slug":"helepruun-konsoollaud-florence-fl03-lehtpuu-mdf","status":"publish","type":"product","link":"https:\/\/blankpage.ee\/_ruumist-ruumi\/pood\/helepruun-konsoollaud-florence-fl03-lehtpuu-mdf\/","title":{"rendered":"Helepruun konsoollaud Florence FL03, lehtpuu, MDF"},"content":{"rendered":"<p>Florence FL03 konsoollaud esikusse. See Zona-Light kollektsiooni kuuluv konsoollaud toob ruumi retroh\u00f5ngu, \u00fchendades naturaalse puidust korpuse ja mustad metalljalad. Laud eristub oma akordionilaadsete liugustega, mis lisavad sellele unikaalsust ja praktilisust.<\/p>\n<p>Florence FL03 konsoollaud on valmistatud kvaliteetsest Paulownia puidust ja MDF-st, pakkudes vastupidavust ja elegantset v\u00e4limust. Mustad metalljalad annavad lauale kindla aluse ja stiilse kontrasti. Liuguksed v\u00f5imaldavad h\u00f5lpsat ligip\u00e4\u00e4su laua sisemusse, kus saate hoida vajalikke esemeid k\u00e4ep\u00e4rast. Osaliselt kokkupandud disain muudab paigaldamise lihtsaks ja mugavaks.<\/p>\n<p>Omadused:<br \/>\n<strong>Materjal:<\/strong> Paulownia puit, MDF ja metallist jalad.<br \/>\n<strong>V\u00e4rv:<\/strong> Naturaalne hele puit ja mustad jalad.<br \/>\n<strong>M\u00f5\u00f5tmed:<\/strong> Laius 79,5 cm, s\u00fcgavus 40 cm, k\u00f5rgus 79,5 cm.<br \/>\n<strong>T\u00e4iendavad detailid:<\/strong> Liuguksed ja jalak\u00f5rgus 62 cm.<br \/>\n<strong>Kokkupanek:<\/strong> Osaliselt kokku pandud, ei vaja paigaldust. S\u00e4\u00e4stab aega ja vaeva.<\/p>\n<p>&nbsp;<\/p>\n","protected":false},"excerpt":{"rendered":"<p>Florence FL03 konsoollaud esikusse. See Zona-Light kollektsiooni kuuluv konsoollaud toob ruumi retroh\u00f5ngu, \u00fchendades naturaalse puidust korpuse ja mustad metalljalad. Laud eristub oma akordionilaadsete liugustega, mis lisavad sellele unikaalsust ja praktilisust. Florence FL03 konsoollaud on valmistatud kvaliteetsest Paulownia puidust ja MDF-st, pakkudes vastupidavust ja elegantset v\u00e4limust. Mustad metalljalad annavad lauale kindla aluse ja stiilse kontrasti. Liuguksed [&hellip;]<\/p>\n","protected":false},"featured_media":9315,"comment_status":"open","ping_status":"closed","template":"","meta":[],"product_brand":[],"product_cat":[83],"product_tag":[],"class_list":{"0":"post-9314","1":"product","2":"type-product","3":"status-publish","4":"has-post-thumbnail","6":"product_cat-konsoollauad","7":"product_shipping_class-livin-hill","8":"pa_kollektsioon-zona-light","9":"pa_materjal-paulownia-puidust-mdf-metalljalad-paulownia-puit","10":"pa_varv-helepruun","12":"first","13":"instock","14":"sale","15":"taxable","16":"shipping-taxable","17":"purchasable","18":"product-type-simple"},"_links":{"self":[{"href":"https:\/\/blankpage.ee\/_ruumist-ruumi\/wp-json\/wp\/v2\/product\/9314","targetHints":{"allow":["GET"]}}],"collection":[{"href":"https:\/\/blankpage.ee\/_ruumist-ruumi\/wp-json\/wp\/v2\/product"}],"about":[{"href":"https:\/\/blankpage.ee\/_ruumist-ruumi\/wp-json\/wp\/v2\/types\/product"}],"replies":[{"embeddable":true,"href":"https:\/\/blankpage.ee\/_ruumist-ruumi\/wp-json\/wp\/v2\/comments?post=9314"}],"wp:featuredmedia":[{"embeddable":true,"href":"https:\/\/blankpage.ee\/_ruumist-ruumi\/wp-json\/wp\/v2\/media\/9315"}],"wp:attachment":[{"href":"https:\/\/blankpage.ee\/_ruumist-ruumi\/wp-json\/wp\/v2\/media?parent=9314"}],"wp:term":[{"taxonomy":"product_brand","embeddable":true,"href":"https:\/\/blankpage.ee\/_ruumist-ruumi\/wp-json\/wp\/v2\/product_brand?post=9314"},{"taxonomy":"product_cat","embeddable":true,"href":"https:\/\/blankpage.ee\/_ruumist-ruumi\/wp-json\/wp\/v2\/product_cat?post=9314"},{"taxonomy":"product_tag","embeddable":true,"href":"https:\/\/blankpage.ee\/_ruumist-ruumi\/wp-json\/wp\/v2\/product_tag?post=9314"}],"curies":[{"name":"wp","href":"https:\/\/api.w.org\/{rel}","templated":true}]}}