{"id":9326,"date":"2024-11-01T16:31:29","date_gmt":"2024-11-01T16:31:29","guid":{"rendered":"https:\/\/ruumistruumi.ee\/pood\/valge-ookapp-lyon-ly01-paulownia-puidust-mdf-ja-metallist-jalad\/"},"modified":"2025-07-15T18:42:38","modified_gmt":"2025-07-15T18:42:38","slug":"valge-ookapp-lyon-ly01-lehtpuu-mdf","status":"publish","type":"product","link":"https:\/\/blankpage.ee\/_ruumist-ruumi\/pood\/valge-ookapp-lyon-ly01-lehtpuu-mdf\/","title":{"rendered":"Valge \u00f6\u00f6kapp Lyon LY01, lehtpuu, MDF"},"content":{"rendered":"<p>Lyon LY01 \u00f6\u00f6kapp magamistuppa. See elegantne \u00f6\u00f6kapp on osa Zona-Light kollektsioonist ning toob teie magamistuppa stiili ja praktilisuse. Valge v\u00e4rv koos mustade metalljalgadega loob modernse kontrasti, samas kui sahtli horisontaalsed ja vertikaalsed kaared viitavad Mid-Century stiilile, lisades visuaalset huvi. Dekoratiivne messingist k\u00e4epide lisab luksuslikku puudutust.<\/p>\n<p>\u00d6\u00f6kapp on valmistatud kvaliteetsest Paulownia puidust ja MDF-ist, tagades vastupidavuse ja pikaealisuse. Selle kompaktsed m\u00f5\u00f5tmed &#8211; laius 40 cm, s\u00fcgavus 30 cm ja k\u00f5rgus 55,5 cm &#8211; teevad selle ideaalseks v\u00e4iksematesse ruumidesse, pakkudes samas piisavalt hoiuruumi. Sahtli m\u00f5\u00f5tmed on 35,5 x 27,5 x 11 cm, pakkudes ruumi k\u00f5ige vajaliku hoidmiseks. Kapi jalgade k\u00f5rgus on 15 cm ning riiuli ja sahtli vaheline kaugus on 24 cm, mis annab lisaruumi raamatute v\u00f5i dekoratiivsete esemete paigutamiseks.<\/p>\n<p>Omadused:<br \/>\n<strong>Materjal:<\/strong> Paulownia puit, MDF, metallist jalad.<br \/>\n<strong>V\u00e4rv:<\/strong> Valge kapp mustade jalgadega.<br \/>\n<strong>M\u00f5\u00f5tmed:<\/strong> Laius 40 cm, s\u00fcgavus 30 cm, k\u00f5rgus 55,5 cm.<br \/>\n<strong>T\u00e4iendavad detailid:<\/strong> Sahtli m\u00f5\u00f5tmed 35,5 x 27,5 x 11 cm; jalgade k\u00f5rgus 15 cm; riiuli ja sahtli vaheline kaugus 24 cm.<br \/>\n<strong>Kokkupanek:<\/strong> Kokkupandud, ei vaja paigaldust. S\u00e4\u00e4stab aega ja vaeva.<\/p>\n<p>&nbsp;<\/p>\n","protected":false},"excerpt":{"rendered":"<p>Lyon LY01 \u00f6\u00f6kapp magamistuppa. See elegantne \u00f6\u00f6kapp on osa Zona-Light kollektsioonist ning toob teie magamistuppa stiili ja praktilisuse. Valge v\u00e4rv koos mustade metalljalgadega loob modernse kontrasti, samas kui sahtli horisontaalsed ja vertikaalsed kaared viitavad Mid-Century stiilile, lisades visuaalset huvi. Dekoratiivne messingist k\u00e4epide lisab luksuslikku puudutust. \u00d6\u00f6kapp on valmistatud kvaliteetsest Paulownia puidust ja MDF-ist, tagades vastupidavuse [&hellip;]<\/p>\n","protected":false},"featured_media":9327,"comment_status":"open","ping_status":"closed","template":"","meta":[],"product_brand":[],"product_cat":[92],"product_tag":[],"class_list":{"0":"post-9326","1":"product","2":"type-product","3":"status-publish","4":"has-post-thumbnail","6":"product_cat-ookapid","7":"product_shipping_class-livin-hill","8":"pa_kollektsioon-zona-light","9":"pa_materjal-paulownia-puu","10":"pa_sahtlite-arv-87","11":"pa_varv-valge","13":"first","14":"outofstock","15":"sale","16":"taxable","17":"shipping-taxable","18":"purchasable","19":"product-type-simple"},"_links":{"self":[{"href":"https:\/\/blankpage.ee\/_ruumist-ruumi\/wp-json\/wp\/v2\/product\/9326","targetHints":{"allow":["GET"]}}],"collection":[{"href":"https:\/\/blankpage.ee\/_ruumist-ruumi\/wp-json\/wp\/v2\/product"}],"about":[{"href":"https:\/\/blankpage.ee\/_ruumist-ruumi\/wp-json\/wp\/v2\/types\/product"}],"replies":[{"embeddable":true,"href":"https:\/\/blankpage.ee\/_ruumist-ruumi\/wp-json\/wp\/v2\/comments?post=9326"}],"wp:featuredmedia":[{"embeddable":true,"href":"https:\/\/blankpage.ee\/_ruumist-ruumi\/wp-json\/wp\/v2\/media\/9327"}],"wp:attachment":[{"href":"https:\/\/blankpage.ee\/_ruumist-ruumi\/wp-json\/wp\/v2\/media?parent=9326"}],"wp:term":[{"taxonomy":"product_brand","embeddable":true,"href":"https:\/\/blankpage.ee\/_ruumist-ruumi\/wp-json\/wp\/v2\/product_brand?post=9326"},{"taxonomy":"product_cat","embeddable":true,"href":"https:\/\/blankpage.ee\/_ruumist-ruumi\/wp-json\/wp\/v2\/product_cat?post=9326"},{"taxonomy":"product_tag","embeddable":true,"href":"https:\/\/blankpage.ee\/_ruumist-ruumi\/wp-json\/wp\/v2\/product_tag?post=9326"}],"curies":[{"name":"wp","href":"https:\/\/api.w.org\/{rel}","templated":true}]}}