{"id":93366,"date":"2025-01-21T09:16:17","date_gmt":"2025-01-21T09:16:17","guid":{"rendered":"https:\/\/ruumistruumi.ee\/pood\/helepruun-aksentlaud-merano-me042-paulownia-puidust\/"},"modified":"2025-07-22T17:46:24","modified_gmt":"2025-07-22T17:46:24","slug":"helepruun-aksentlaud-merano-me042-paulownia-puidust","status":"publish","type":"product","link":"https:\/\/blankpage.ee\/_ruumist-ruumi\/pood\/helepruun-aksentlaud-merano-me042-paulownia-puidust\/","title":{"rendered":"Helepruun aksentlaud Merano ME042, Paulownia puidust"},"content":{"rendered":"<p>Merano ME042 aktsentlaud magamistuppa. See elegantne helepruun kapp, millel on kaunilt kaardus jalad, lisab teie magamistoale soojust ja isikup\u00e4ra. Valmistatud Paulownia puidust ja MDF-ist, on see m\u00f6\u00f6bliese nii vastupidav kui ka stiilne. Kapi harjatud ja pleegitatud viimistlus koos kulumisj\u00e4lgede, nikerduste ja dekoratiivsete metallist k\u00e4epidemetega loob ainulaadse ja v\u00f5luva ilme.<\/p>\n<p>Aktsentlaual on \u00fcks riiul, mis pakub praktilist hoiuruumi, hoides teie \u00f6\u00f6kapiesemeid k\u00e4eulatuses. Kapi m\u00f5\u00f5tmed on 60 cm lai, 35 cm s\u00fcgav ja 104 cm k\u00f5rge, mis teeb sellest ideaalse lisandi igasse magamistuppa, pakkudes piisavalt ruumi ilma liigselt ruumi v\u00f5tmata. Kapi pealmine osa on asetatud ilma p\u00fcsiva kinnitamiseta, andes teile paindlikkuse selle paigutamisel.<\/p>\n<p>Omadused:<br \/>\n<strong>Materjal:<\/strong> Paulownia puit ja MDF.<br \/>\n<strong>V\u00e4rv:<\/strong> Hele pruun.<br \/>\n<strong>M\u00f5\u00f5tmed:<\/strong> Laius 60 cm, s\u00fcgavus 35 cm, k\u00f5rgus 104 cm.<br \/>\n<strong>T\u00e4iendavad detailid:<\/strong> Pealmise serva ja sahtlite esipaneeli vahe on 16,5 cm; pealmise serva ja k\u00fclgseina vahe on 10,5 cm.<br \/>\n<strong>Kokkupanek:<\/strong> Osaliselt kokku pandud, ei vaja paigaldust. S\u00e4\u00e4stab aega ja vaeva.<\/p>\n<p>&nbsp;<\/p>\n","protected":false},"excerpt":{"rendered":"<p>Merano ME042 aktsentlaud magamistuppa. See elegantne helepruun kapp, millel on kaunilt kaardus jalad, lisab teie magamistoale soojust ja isikup\u00e4ra. Valmistatud Paulownia puidust ja MDF-ist, on see m\u00f6\u00f6bliese nii vastupidav kui ka stiilne. Kapi harjatud ja pleegitatud viimistlus koos kulumisj\u00e4lgede, nikerduste ja dekoratiivsete metallist k\u00e4epidemetega loob ainulaadse ja v\u00f5luva ilme. Aktsentlaual on \u00fcks riiul, mis pakub [&hellip;]<\/p>\n","protected":false},"featured_media":93367,"comment_status":"open","ping_status":"open","template":"","meta":[],"product_brand":[],"product_cat":[92],"product_tag":[],"class_list":{"0":"post-93366","1":"product","2":"type-product","3":"status-publish","4":"has-post-thumbnail","6":"product_cat-ookapid","7":"product_shipping_class-livin-hill","8":"pa_kaepidemed-metall","9":"pa_kollektsioon-merano","10":"pa_materjal-paulowniapuit","11":"pa_riiulite-arv-99","12":"pa_sahtlite-arv-95","13":"pa_varv-helepruun","15":"first","16":"outofstock","17":"taxable","18":"shipping-taxable","19":"purchasable","20":"product-type-simple"},"_links":{"self":[{"href":"https:\/\/blankpage.ee\/_ruumist-ruumi\/wp-json\/wp\/v2\/product\/93366","targetHints":{"allow":["GET"]}}],"collection":[{"href":"https:\/\/blankpage.ee\/_ruumist-ruumi\/wp-json\/wp\/v2\/product"}],"about":[{"href":"https:\/\/blankpage.ee\/_ruumist-ruumi\/wp-json\/wp\/v2\/types\/product"}],"replies":[{"embeddable":true,"href":"https:\/\/blankpage.ee\/_ruumist-ruumi\/wp-json\/wp\/v2\/comments?post=93366"}],"wp:featuredmedia":[{"embeddable":true,"href":"https:\/\/blankpage.ee\/_ruumist-ruumi\/wp-json\/wp\/v2\/media\/93367"}],"wp:attachment":[{"href":"https:\/\/blankpage.ee\/_ruumist-ruumi\/wp-json\/wp\/v2\/media?parent=93366"}],"wp:term":[{"taxonomy":"product_brand","embeddable":true,"href":"https:\/\/blankpage.ee\/_ruumist-ruumi\/wp-json\/wp\/v2\/product_brand?post=93366"},{"taxonomy":"product_cat","embeddable":true,"href":"https:\/\/blankpage.ee\/_ruumist-ruumi\/wp-json\/wp\/v2\/product_cat?post=93366"},{"taxonomy":"product_tag","embeddable":true,"href":"https:\/\/blankpage.ee\/_ruumist-ruumi\/wp-json\/wp\/v2\/product_tag?post=93366"}],"curies":[{"name":"wp","href":"https:\/\/api.w.org\/{rel}","templated":true}]}}