{"id":93382,"date":"2025-01-21T09:16:17","date_gmt":"2025-01-21T09:16:17","guid":{"rendered":"https:\/\/ruumistruumi.ee\/pood\/beez-konsoollaud-rimini-ri017-paulownia-puidust\/"},"modified":"2025-07-15T18:41:18","modified_gmt":"2025-07-15T18:41:18","slug":"beez-konsoollaud-rimini-ri017-paulownia-puidust","status":"publish","type":"product","link":"https:\/\/blankpage.ee\/_ruumist-ruumi\/pood\/beez-konsoollaud-rimini-ri017-paulownia-puidust\/","title":{"rendered":"Bee\u017e konsoollaud Rimini RI017, Paulownia puidust"},"content":{"rendered":"<p>Rimini RI017 konsoollaud esikusse. See elegantne konsoollaud toob esikusse Provencal stiili v\u00f5lu, \u00fchendades kreemika viimistluse ja heleda pruuni lauaplaadi. Konsoollaua metallist karbikujulised k\u00e4epidemed ja kaardus jalad lisavad sellele unikaalset iseloomu.<\/p>\n<p>Rimini kollektsiooni kuuluv konsoollaud on valmistatud kvaliteetsest Paulownia puidust ja MDF-ist, tagades vastupidavuse ja pikaealisuse. Kreemjas toon koos heleda pruuni lauaplaadiga loob sooja ja kutsuva atmosf\u00e4\u00e4ri. Konsoollaud pakub praktilist lahendust esiku korrastamiseks, olles samas ka stiilne sisustuselement.<\/p>\n<p>Omadused:<br \/>\n<strong>Materjal:<\/strong> Paulownia puit ja MDF.<br \/>\n<strong>V\u00e4rv:<\/strong> Kreemjas viimistlus heleda pruuni lauaplaadiga.<br \/>\n<strong>M\u00f5\u00f5tmed:<\/strong> Laius 110 cm, s\u00fcgavus 40 cm, k\u00f5rgus 78 cm.<br \/>\n<strong>T\u00e4iendavad detailid:<\/strong> Metallist k\u00e4epidemed ja kaardus jalad.<br \/>\n<strong>Kokkupanek:<\/strong> Osaliselt kokku pandud, ei vaja paigaldust. S\u00e4\u00e4stab aega ja vaeva.<\/p>\n<p>&nbsp;<\/p>\n","protected":false},"excerpt":{"rendered":"<p>Rimini RI017 konsoollaud esikusse. See elegantne konsoollaud toob esikusse Provencal stiili v\u00f5lu, \u00fchendades kreemika viimistluse ja heleda pruuni lauaplaadi. Konsoollaua metallist karbikujulised k\u00e4epidemed ja kaardus jalad lisavad sellele unikaalset iseloomu. Rimini kollektsiooni kuuluv konsoollaud on valmistatud kvaliteetsest Paulownia puidust ja MDF-ist, tagades vastupidavuse ja pikaealisuse. Kreemjas toon koos heleda pruuni lauaplaadiga loob sooja ja kutsuva [&hellip;]<\/p>\n","protected":false},"featured_media":4643,"comment_status":"open","ping_status":"open","template":"","meta":[],"product_brand":[],"product_cat":[83],"product_tag":[],"class_list":{"0":"post-93382","1":"product","2":"type-product","3":"status-publish","4":"has-post-thumbnail","6":"product_cat-konsoollauad","7":"product_shipping_class-livin-hill","8":"pa_kaepidemed-metall","9":"pa_kollektsioon-rimini","10":"pa_materjal-paulownia","11":"pa_sahtlite-arv-95","12":"pa_varv-beez","14":"first","15":"outofstock","16":"taxable","17":"shipping-taxable","18":"purchasable","19":"product-type-simple"},"_links":{"self":[{"href":"https:\/\/blankpage.ee\/_ruumist-ruumi\/wp-json\/wp\/v2\/product\/93382","targetHints":{"allow":["GET"]}}],"collection":[{"href":"https:\/\/blankpage.ee\/_ruumist-ruumi\/wp-json\/wp\/v2\/product"}],"about":[{"href":"https:\/\/blankpage.ee\/_ruumist-ruumi\/wp-json\/wp\/v2\/types\/product"}],"replies":[{"embeddable":true,"href":"https:\/\/blankpage.ee\/_ruumist-ruumi\/wp-json\/wp\/v2\/comments?post=93382"}],"wp:featuredmedia":[{"embeddable":true,"href":"https:\/\/blankpage.ee\/_ruumist-ruumi\/wp-json\/wp\/v2\/media\/4643"}],"wp:attachment":[{"href":"https:\/\/blankpage.ee\/_ruumist-ruumi\/wp-json\/wp\/v2\/media?parent=93382"}],"wp:term":[{"taxonomy":"product_brand","embeddable":true,"href":"https:\/\/blankpage.ee\/_ruumist-ruumi\/wp-json\/wp\/v2\/product_brand?post=93382"},{"taxonomy":"product_cat","embeddable":true,"href":"https:\/\/blankpage.ee\/_ruumist-ruumi\/wp-json\/wp\/v2\/product_cat?post=93382"},{"taxonomy":"product_tag","embeddable":true,"href":"https:\/\/blankpage.ee\/_ruumist-ruumi\/wp-json\/wp\/v2\/product_tag?post=93382"}],"curies":[{"name":"wp","href":"https:\/\/api.w.org\/{rel}","templated":true}]}}