{"id":93384,"date":"2025-01-21T09:28:23","date_gmt":"2025-01-21T09:28:23","guid":{"rendered":"https:\/\/ruumistruumi.ee\/pood\/helepruun-ookapp-merano-me019-paulownia-puidust\/"},"modified":"2025-06-17T08:56:31","modified_gmt":"2025-06-17T08:56:31","slug":"helepruun-ookapp-merano-me019-paulownia-puidust","status":"publish","type":"product","link":"https:\/\/blankpage.ee\/_ruumist-ruumi\/pood\/helepruun-ookapp-merano-me019-paulownia-puidust\/","title":{"rendered":"Helepruun \u00f6\u00f6kapp Merano ME019, Paulownia puidust"},"content":{"rendered":"<p>Merano ME019 \u00f6\u00f6kapp magamistuppa. See elegantne \u00f6\u00f6kapp kuulub Merano kollektsiooni ja lisab teie magamistoale rafineeritust. Valmistatud Paulownia puidust ja MDF-ist, pakub see m\u00f6\u00f6bliese vastupidavust ja ajatut stiili. Hele pruun kapp seisab kaunilt kaardus jalgadel, mis lisavad sellele \u00f5hulisust ja kergust.<\/p>\n<p>Kapi pind on harjatud ja pleegitatud, tuues esile puidu loomuliku ilu. Dekoratiivsed metallist k\u00e4epidemed ja peened nikerdused annavad sellele ainulaadse iseloomu. \u00dcks riiul pakub praktilist hoiuruumi, et hoida teie \u00f6\u00f6kapil vajalikud esemed k\u00e4ep\u00e4rast.<\/p>\n<p>Omadused:<br \/>\n<strong>Materjal:<\/strong> Paulownia puit ja MDF.<br \/>\n<strong>V\u00e4rv:<\/strong> Hele pruun, pealis-\/\u00e4\u00e4risv\u00e4rv.<br \/>\n<strong>M\u00f5\u00f5tmed:<\/strong> Laius 47 cm, s\u00fcgavus 36 cm, k\u00f5rgus 70 cm.<br \/>\n<strong>T\u00e4iendavad detailid:<\/strong> Kokkupandud, ei vaja paigaldust. S\u00e4\u00e4stab aega ja vaeva.<br \/>\n<strong>K\u00e4epidemed:<\/strong> Metallist.<\/p>\n<p>Merano ME019 \u00f6\u00f6kapp on ideaalne valik neile, kes hindavad kvaliteeti ja stiili oma magamistoas.<\/p>\n<p>&nbsp;<\/p>\n","protected":false},"excerpt":{"rendered":"<p>Merano ME019 \u00f6\u00f6kapp magamistuppa. See elegantne \u00f6\u00f6kapp kuulub Merano kollektsiooni ja lisab teie magamistoale rafineeritust. Valmistatud Paulownia puidust ja MDF-ist, pakub see m\u00f6\u00f6bliese vastupidavust ja ajatut stiili. Hele pruun kapp seisab kaunilt kaardus jalgadel, mis lisavad sellele \u00f5hulisust ja kergust. Kapi pind on harjatud ja pleegitatud, tuues esile puidu loomuliku ilu. Dekoratiivsed metallist k\u00e4epidemed ja [&hellip;]<\/p>\n","protected":false},"featured_media":93385,"comment_status":"open","ping_status":"open","template":"","meta":[],"product_brand":[],"product_cat":[92],"product_tag":[],"class_list":{"0":"post-93384","1":"product","2":"type-product","3":"status-publish","4":"has-post-thumbnail","6":"product_cat-ookapid","7":"product_shipping_class-livin-hill","8":"pa_kaepidemed-metall","9":"pa_kollektsioon-merano","10":"pa_materjal-paulowniapuit","11":"pa_riiulite-arv-99","12":"pa_sahtlite-arv-87","13":"pa_varv-helepruun","15":"first","16":"instock","17":"taxable","18":"shipping-taxable","19":"purchasable","20":"product-type-simple"},"_links":{"self":[{"href":"https:\/\/blankpage.ee\/_ruumist-ruumi\/wp-json\/wp\/v2\/product\/93384","targetHints":{"allow":["GET"]}}],"collection":[{"href":"https:\/\/blankpage.ee\/_ruumist-ruumi\/wp-json\/wp\/v2\/product"}],"about":[{"href":"https:\/\/blankpage.ee\/_ruumist-ruumi\/wp-json\/wp\/v2\/types\/product"}],"replies":[{"embeddable":true,"href":"https:\/\/blankpage.ee\/_ruumist-ruumi\/wp-json\/wp\/v2\/comments?post=93384"}],"wp:featuredmedia":[{"embeddable":true,"href":"https:\/\/blankpage.ee\/_ruumist-ruumi\/wp-json\/wp\/v2\/media\/93385"}],"wp:attachment":[{"href":"https:\/\/blankpage.ee\/_ruumist-ruumi\/wp-json\/wp\/v2\/media?parent=93384"}],"wp:term":[{"taxonomy":"product_brand","embeddable":true,"href":"https:\/\/blankpage.ee\/_ruumist-ruumi\/wp-json\/wp\/v2\/product_brand?post=93384"},{"taxonomy":"product_cat","embeddable":true,"href":"https:\/\/blankpage.ee\/_ruumist-ruumi\/wp-json\/wp\/v2\/product_cat?post=93384"},{"taxonomy":"product_tag","embeddable":true,"href":"https:\/\/blankpage.ee\/_ruumist-ruumi\/wp-json\/wp\/v2\/product_tag?post=93384"}],"curies":[{"name":"wp","href":"https:\/\/api.w.org\/{rel}","templated":true}]}}