{"id":93394,"date":"2025-01-21T09:28:23","date_gmt":"2025-01-21T09:28:23","guid":{"rendered":"https:\/\/ruumistruumi.ee\/pood\/beez-ookapp-rimini-ri019-paulownia-puidust\/"},"modified":"2025-06-17T08:56:32","modified_gmt":"2025-06-17T08:56:32","slug":"beez-ookapp-rimini-ri019-paulownia-puidust","status":"publish","type":"product","link":"https:\/\/blankpage.ee\/_ruumist-ruumi\/pood\/beez-ookapp-rimini-ri019-paulownia-puidust\/","title":{"rendered":"Bee\u017e \u00f6\u00f6kapp Rimini RI019, Paulownia puidust"},"content":{"rendered":"<p>Rimini RI019 \u00f6\u00f6kapp magamistuppa. See Provence&#8217;i stiilis kapp on kaunistatud kreemikarva nikerdustega ja sellel on p\u00fchitud helepruun pealispind. Kapi metallist karbikujulised k\u00e4epidemed ja kumerad jalad lisavad sellele elegantsi ja ajatut v\u00f5lu. <\/p>\n<p>Rimini kollektsiooni \u00f6\u00f6kapp on valmistatud kvaliteetsest Paulownia puidust ja MDF-ist, mis tagavad vastupidavuse ja pikaealisuse. Kapi \u00fcks riiul pakub praktilist hoiuruumi, et hoida k\u00f5ik vajalik k\u00e4eulatuses. Kokkupandud, ei vaja paigaldust. S\u00e4\u00e4stab aega ja vaeva. <\/p>\n<p>Omadused:<br \/>\n<strong>Materjal:<\/strong> Paulownia puit ja MDF.<br \/>\n<strong>V\u00e4rv:<\/strong> Kreem, helepruun pealispind.<br \/>\n<strong>M\u00f5\u00f5tmed:<\/strong> Laius 47 cm, s\u00fcgavus 36 cm, k\u00f5rgus 70 cm.<br \/>\n<strong>T\u00e4iendavad detailid:<\/strong> \u00dcks riiul, metallist k\u00e4epidemed.<br \/>\n<strong>Kokkupanek:<\/strong> Kokkupandud, ei vaja paigaldust. S\u00e4\u00e4stab aega ja vaeva.<\/p>\n<p>&nbsp;<\/p>\n","protected":false},"excerpt":{"rendered":"<p>Rimini RI019 \u00f6\u00f6kapp magamistuppa. See Provence&#8217;i stiilis kapp on kaunistatud kreemikarva nikerdustega ja sellel on p\u00fchitud helepruun pealispind. Kapi metallist karbikujulised k\u00e4epidemed ja kumerad jalad lisavad sellele elegantsi ja ajatut v\u00f5lu. Rimini kollektsiooni \u00f6\u00f6kapp on valmistatud kvaliteetsest Paulownia puidust ja MDF-ist, mis tagavad vastupidavuse ja pikaealisuse. Kapi \u00fcks riiul pakub praktilist hoiuruumi, et hoida k\u00f5ik [&hellip;]<\/p>\n","protected":false},"featured_media":93395,"comment_status":"open","ping_status":"open","template":"","meta":[],"product_brand":[],"product_cat":[92],"product_tag":[],"class_list":{"0":"post-93394","1":"product","2":"type-product","3":"status-publish","4":"has-post-thumbnail","6":"product_cat-ookapid","7":"product_shipping_class-livin-hill","8":"pa_kaepidemed-metall","9":"pa_kollektsioon-rimini","10":"pa_materjal-paulowniapuit","11":"pa_riiulite-arv-99","12":"pa_sahtlite-arv-87","13":"pa_varv-beez","15":"first","16":"instock","17":"taxable","18":"shipping-taxable","19":"purchasable","20":"product-type-simple"},"_links":{"self":[{"href":"https:\/\/blankpage.ee\/_ruumist-ruumi\/wp-json\/wp\/v2\/product\/93394","targetHints":{"allow":["GET"]}}],"collection":[{"href":"https:\/\/blankpage.ee\/_ruumist-ruumi\/wp-json\/wp\/v2\/product"}],"about":[{"href":"https:\/\/blankpage.ee\/_ruumist-ruumi\/wp-json\/wp\/v2\/types\/product"}],"replies":[{"embeddable":true,"href":"https:\/\/blankpage.ee\/_ruumist-ruumi\/wp-json\/wp\/v2\/comments?post=93394"}],"wp:featuredmedia":[{"embeddable":true,"href":"https:\/\/blankpage.ee\/_ruumist-ruumi\/wp-json\/wp\/v2\/media\/93395"}],"wp:attachment":[{"href":"https:\/\/blankpage.ee\/_ruumist-ruumi\/wp-json\/wp\/v2\/media?parent=93394"}],"wp:term":[{"taxonomy":"product_brand","embeddable":true,"href":"https:\/\/blankpage.ee\/_ruumist-ruumi\/wp-json\/wp\/v2\/product_brand?post=93394"},{"taxonomy":"product_cat","embeddable":true,"href":"https:\/\/blankpage.ee\/_ruumist-ruumi\/wp-json\/wp\/v2\/product_cat?post=93394"},{"taxonomy":"product_tag","embeddable":true,"href":"https:\/\/blankpage.ee\/_ruumist-ruumi\/wp-json\/wp\/v2\/product_tag?post=93394"}],"curies":[{"name":"wp","href":"https:\/\/api.w.org\/{rel}","templated":true}]}}