{"id":93397,"date":"2025-01-21T09:52:00","date_gmt":"2025-01-21T09:52:00","guid":{"rendered":"https:\/\/ruumistruumi.ee\/pood\/beez-aktsentlaud-rimini-ri115-paulownia-puidust\/"},"modified":"2025-07-22T17:46:36","modified_gmt":"2025-07-22T17:46:36","slug":"beez-aktsentlaud-rimini-ri115-lehtpuu-puidust","status":"publish","type":"product","link":"https:\/\/blankpage.ee\/_ruumist-ruumi\/pood\/beez-aktsentlaud-rimini-ri115-lehtpuu-puidust\/","title":{"rendered":"Bee\u017e aktsentlaud Rimini RI115, lehtpuu puidust"},"content":{"rendered":"<p>Rimini RI115 aktsentlaud magamistuppa. See elegantne Provencal stiilis kapp on ideaalne lisand teie magamistoa sisustusse. Kreemikad nikerdused ja p\u00fchitud helepruun pealispind annavad sellele m\u00f6\u00f6bliesemele ajatu ilme. Metallist karbikujulised k\u00e4epidemed ja kaardus jalad lisavad sellele ainulaadset iseloomu ja stiili.<\/p>\n<p>Rimini RI115 aktsentlaud on valmistatud kvaliteetsest Paulownia puidust ja MDF-ist, mis tagavad vastupidavuse ja pikaealisuse. Kapi sees on kaks riiulit, pakkudes piisavalt ruumi vajalike esemete hoiustamiseks. T\u00e4nu oma kompaktsetele m\u00f5\u00f5tmetele \u2013 laius 49 cm, s\u00fcgavus 36 cm ja k\u00f5rgus 94 cm \u2013 sobib see suurep\u00e4raselt ka v\u00e4iksematesse ruumidesse, pakkudes samas funktsionaalsust ja elegantsi.<\/p>\n<p>Olulised omadused:<br \/>\n<strong>Materjal:<\/strong> Lehtpuu puit, MDF<br \/>\n<strong>V\u00e4rv:<\/strong> Kreem, helepruun pealis<br \/>\n<strong>M\u00f5\u00f5tmed:<\/strong> Laius 49 cm, s\u00fcgavus 36 cm, k\u00f5rgus 94 cm<br \/>\n<strong>T\u00e4iendavad detailid:<\/strong> Kaks riiulit, metallist k\u00e4epidemed<br \/>\n<strong>Kokkupanek:<\/strong> Kokkupandud, ei vaja paigaldust. S\u00e4\u00e4stab aega ja vaeva.<\/p>\n<p>&nbsp;<\/p>\n","protected":false},"excerpt":{"rendered":"<p>Rimini RI115 aktsentlaud magamistuppa. See elegantne Provencal stiilis kapp on ideaalne lisand teie magamistoa sisustusse. Kreemikad nikerdused ja p\u00fchitud helepruun pealispind annavad sellele m\u00f6\u00f6bliesemele ajatu ilme. Metallist karbikujulised k\u00e4epidemed ja kaardus jalad lisavad sellele ainulaadset iseloomu ja stiili. Rimini RI115 aktsentlaud on valmistatud kvaliteetsest Paulownia puidust ja MDF-ist, mis tagavad vastupidavuse ja pikaealisuse. Kapi sees [&hellip;]<\/p>\n","protected":false},"featured_media":93398,"comment_status":"open","ping_status":"closed","template":"","meta":[],"product_brand":[],"product_cat":[92],"product_tag":[],"class_list":{"0":"post-93397","1":"product","2":"type-product","3":"status-publish","4":"has-post-thumbnail","6":"product_cat-ookapid","7":"product_shipping_class-livin-hill","8":"pa_kaepidemed-metall","9":"pa_kollektsioon-rimini","10":"pa_materjal-paulownia-puu","11":"pa_riiulite-arv-76","12":"pa_sahtlite-arv-87","13":"pa_varv-beez","15":"first","16":"outofstock","17":"taxable","18":"shipping-taxable","19":"purchasable","20":"product-type-simple"},"_links":{"self":[{"href":"https:\/\/blankpage.ee\/_ruumist-ruumi\/wp-json\/wp\/v2\/product\/93397","targetHints":{"allow":["GET"]}}],"collection":[{"href":"https:\/\/blankpage.ee\/_ruumist-ruumi\/wp-json\/wp\/v2\/product"}],"about":[{"href":"https:\/\/blankpage.ee\/_ruumist-ruumi\/wp-json\/wp\/v2\/types\/product"}],"replies":[{"embeddable":true,"href":"https:\/\/blankpage.ee\/_ruumist-ruumi\/wp-json\/wp\/v2\/comments?post=93397"}],"wp:featuredmedia":[{"embeddable":true,"href":"https:\/\/blankpage.ee\/_ruumist-ruumi\/wp-json\/wp\/v2\/media\/93398"}],"wp:attachment":[{"href":"https:\/\/blankpage.ee\/_ruumist-ruumi\/wp-json\/wp\/v2\/media?parent=93397"}],"wp:term":[{"taxonomy":"product_brand","embeddable":true,"href":"https:\/\/blankpage.ee\/_ruumist-ruumi\/wp-json\/wp\/v2\/product_brand?post=93397"},{"taxonomy":"product_cat","embeddable":true,"href":"https:\/\/blankpage.ee\/_ruumist-ruumi\/wp-json\/wp\/v2\/product_cat?post=93397"},{"taxonomy":"product_tag","embeddable":true,"href":"https:\/\/blankpage.ee\/_ruumist-ruumi\/wp-json\/wp\/v2\/product_tag?post=93397"}],"curies":[{"name":"wp","href":"https:\/\/api.w.org\/{rel}","templated":true}]}}