{"id":93402,"date":"2025-01-21T10:17:41","date_gmt":"2025-01-21T10:17:41","guid":{"rendered":"https:\/\/ruumistruumi.ee\/pood\/valge-konsoollaud-rimini-riw017-paulownia-puidust\/"},"modified":"2025-06-17T08:56:59","modified_gmt":"2025-06-17T08:56:59","slug":"valge-konsoollaud-rimini-riw017-paulownia-puidust","status":"publish","type":"product","link":"https:\/\/blankpage.ee\/_ruumist-ruumi\/pood\/valge-konsoollaud-rimini-riw017-paulownia-puidust\/","title":{"rendered":"Valge konsoollaud Rimini RIW017, Paulownia puidust"},"content":{"rendered":"<p>Rimini White RIW017 konsoollaud esikusse. See elegantne Provencal stiilis konsoollaud lisab teie esikusse klassikalist v\u00f5lu, \u00fchendades valged nikerdused ja tumedama pruuni t\u00f6\u00f6pinna. Metallist k\u00e4epidemed ja kaardus jalad annavad sellele m\u00f6\u00f6bliesemele ainulaadse iseloomu.<\/p>\n<p>Konsoollaud on valmistatud kvaliteetsest Paulownia puidust ja MDF-ist, mis tagab vastupidavuse ja pikaealisuse. Valge viimistlus koos tumeda pruuni t\u00f6\u00f6pinnaga loob harmoonilise kontrasti, mis sobib h\u00e4sti erinevate sisekujundusstiilidega. Laua naturaalsed, pleegitatud spoonid ja n\u00e4htavad oksakohad lisavad isikup\u00e4ra ja soojust.<\/p>\n<p>Omadused:<br \/>\n<strong>Materjal:<\/strong> Paulownia puit ja MDF.<br \/>\n<strong>V\u00e4rv:<\/strong> Valge, tumepruun t\u00f6\u00f6pind.<br \/>\n<strong>M\u00f5\u00f5tmed:<\/strong> Laius 110 cm, s\u00fcgavus 40 cm, k\u00f5rgus 78 cm.<br \/>\n<strong>T\u00e4iendavad detailid:<\/strong> Naturaalsed spoonid n\u00e4htavate oksakohtadega, metallist k\u00e4epidemed.<br \/>\n<strong>Kokkupanek:<\/strong> Osaliselt kokku pandud, ei vaja paigaldust. S\u00e4\u00e4stab aega ja vaeva.<\/p>\n<p>&nbsp;<\/p>\n","protected":false},"excerpt":{"rendered":"<p>Rimini White RIW017 konsoollaud esikusse. See elegantne Provencal stiilis konsoollaud lisab teie esikusse klassikalist v\u00f5lu, \u00fchendades valged nikerdused ja tumedama pruuni t\u00f6\u00f6pinna. Metallist k\u00e4epidemed ja kaardus jalad annavad sellele m\u00f6\u00f6bliesemele ainulaadse iseloomu. Konsoollaud on valmistatud kvaliteetsest Paulownia puidust ja MDF-ist, mis tagab vastupidavuse ja pikaealisuse. Valge viimistlus koos tumeda pruuni t\u00f6\u00f6pinnaga loob harmoonilise kontrasti, mis [&hellip;]<\/p>\n","protected":false},"featured_media":93403,"comment_status":"open","ping_status":"open","template":"","meta":[],"product_brand":[],"product_cat":[83],"product_tag":[],"class_list":{"0":"post-93402","1":"product","2":"type-product","3":"status-publish","4":"has-post-thumbnail","6":"product_cat-konsoollauad","7":"product_shipping_class-livin-hill","8":"pa_kaepidemed-metall","9":"pa_kollektsioon-rimini-white","10":"pa_materjal-paulowniapuit","11":"pa_sahtlite-arv-95","12":"pa_varv-valge","14":"first","15":"instock","16":"taxable","17":"shipping-taxable","18":"purchasable","19":"product-type-simple"},"_links":{"self":[{"href":"https:\/\/blankpage.ee\/_ruumist-ruumi\/wp-json\/wp\/v2\/product\/93402","targetHints":{"allow":["GET"]}}],"collection":[{"href":"https:\/\/blankpage.ee\/_ruumist-ruumi\/wp-json\/wp\/v2\/product"}],"about":[{"href":"https:\/\/blankpage.ee\/_ruumist-ruumi\/wp-json\/wp\/v2\/types\/product"}],"replies":[{"embeddable":true,"href":"https:\/\/blankpage.ee\/_ruumist-ruumi\/wp-json\/wp\/v2\/comments?post=93402"}],"wp:featuredmedia":[{"embeddable":true,"href":"https:\/\/blankpage.ee\/_ruumist-ruumi\/wp-json\/wp\/v2\/media\/93403"}],"wp:attachment":[{"href":"https:\/\/blankpage.ee\/_ruumist-ruumi\/wp-json\/wp\/v2\/media?parent=93402"}],"wp:term":[{"taxonomy":"product_brand","embeddable":true,"href":"https:\/\/blankpage.ee\/_ruumist-ruumi\/wp-json\/wp\/v2\/product_brand?post=93402"},{"taxonomy":"product_cat","embeddable":true,"href":"https:\/\/blankpage.ee\/_ruumist-ruumi\/wp-json\/wp\/v2\/product_cat?post=93402"},{"taxonomy":"product_tag","embeddable":true,"href":"https:\/\/blankpage.ee\/_ruumist-ruumi\/wp-json\/wp\/v2\/product_tag?post=93402"}],"curies":[{"name":"wp","href":"https:\/\/api.w.org\/{rel}","templated":true}]}}