{"id":93410,"date":"2025-01-21T10:17:41","date_gmt":"2025-01-21T10:17:41","guid":{"rendered":"https:\/\/ruumistruumi.ee\/pood\/valge-soogilaud-rimini-riw026-paulownia-puidust\/"},"modified":"2025-07-15T18:41:38","modified_gmt":"2025-07-15T18:41:38","slug":"valge-soogilaud-rimini-riw026-paulownia-puidust","status":"publish","type":"product","link":"https:\/\/blankpage.ee\/_ruumist-ruumi\/pood\/valge-soogilaud-rimini-riw026-paulownia-puidust\/","title":{"rendered":"Valge s\u00f6\u00f6gilaud Rimini RIW026, Paulownia puidust"},"content":{"rendered":"<p>Rimini White RIW026 s\u00f6\u00f6gilaud s\u00f6\u00f6gituppa. See elegantne Provencali stiilis laud toob teie s\u00f6\u00f6gituppa ajatu elegantsi ja v\u00f5lu. Laua valged nikerdused ning tumedaks p\u00fchitud pruun pealispind loovad harmoonilise koosluse, mis sobib nii traditsioonilisse kui ka kaasaegsesse interj\u00f6\u00f6ri. Kergelt kaardus jalad lisavad lauale erilise iseloomu ja stabiilsuse.<\/p>\n<p>Omadused:<br \/>\n<strong>Materjal:<\/strong> Paulownia puit ja MDF, mis tagavad vastupidavuse ja kauni viimistluse.<br \/>\n<strong>V\u00e4rv:<\/strong> Valge koos tumedapruuni pealispinnaga.<br \/>\n<strong>M\u00f5\u00f5tmed:<\/strong> Laius 160 cm, s\u00fcgavus 80 cm, k\u00f5rgus 78 cm.<br \/>\n<strong>T\u00e4iendavad detailid:<\/strong> Naturaalne, pleegitatud spoon, millel on n\u00e4htavad oksakohad, lisab lauale unikaalsust.<br \/>\n<strong>Kokkupanek:<\/strong> Osaliselt kokku pandud, ei vaja paigaldust. S\u00e4\u00e4stab aega ja vaeva.<\/p>\n<p>Rimini White kollektsiooni kuuluv s\u00f6\u00f6gilaud on ideaalne valik neile, kes hindavad kvaliteeti ja stiili.<\/p>\n<p>&nbsp;<\/p>\n","protected":false},"excerpt":{"rendered":"<p>Rimini White RIW026 s\u00f6\u00f6gilaud s\u00f6\u00f6gituppa. See elegantne Provencali stiilis laud toob teie s\u00f6\u00f6gituppa ajatu elegantsi ja v\u00f5lu. Laua valged nikerdused ning tumedaks p\u00fchitud pruun pealispind loovad harmoonilise koosluse, mis sobib nii traditsioonilisse kui ka kaasaegsesse interj\u00f6\u00f6ri. Kergelt kaardus jalad lisavad lauale erilise iseloomu ja stabiilsuse. Omadused: Materjal: Paulownia puit ja MDF, mis tagavad vastupidavuse ja [&hellip;]<\/p>\n","protected":false},"featured_media":93411,"comment_status":"open","ping_status":"open","template":"","meta":[],"product_brand":[],"product_cat":[93],"product_tag":[],"class_list":{"0":"post-93410","1":"product","2":"type-product","3":"status-publish","4":"has-post-thumbnail","6":"product_cat-soogilauad","7":"product_shipping_class-livin-hill","8":"pa_kollektsioon-rimini-white","9":"pa_materjal-paulowniapuit","10":"pa_varv-valge","12":"first","13":"outofstock","14":"taxable","15":"shipping-taxable","16":"purchasable","17":"product-type-simple"},"_links":{"self":[{"href":"https:\/\/blankpage.ee\/_ruumist-ruumi\/wp-json\/wp\/v2\/product\/93410","targetHints":{"allow":["GET"]}}],"collection":[{"href":"https:\/\/blankpage.ee\/_ruumist-ruumi\/wp-json\/wp\/v2\/product"}],"about":[{"href":"https:\/\/blankpage.ee\/_ruumist-ruumi\/wp-json\/wp\/v2\/types\/product"}],"replies":[{"embeddable":true,"href":"https:\/\/blankpage.ee\/_ruumist-ruumi\/wp-json\/wp\/v2\/comments?post=93410"}],"wp:featuredmedia":[{"embeddable":true,"href":"https:\/\/blankpage.ee\/_ruumist-ruumi\/wp-json\/wp\/v2\/media\/93411"}],"wp:attachment":[{"href":"https:\/\/blankpage.ee\/_ruumist-ruumi\/wp-json\/wp\/v2\/media?parent=93410"}],"wp:term":[{"taxonomy":"product_brand","embeddable":true,"href":"https:\/\/blankpage.ee\/_ruumist-ruumi\/wp-json\/wp\/v2\/product_brand?post=93410"},{"taxonomy":"product_cat","embeddable":true,"href":"https:\/\/blankpage.ee\/_ruumist-ruumi\/wp-json\/wp\/v2\/product_cat?post=93410"},{"taxonomy":"product_tag","embeddable":true,"href":"https:\/\/blankpage.ee\/_ruumist-ruumi\/wp-json\/wp\/v2\/product_tag?post=93410"}],"curies":[{"name":"wp","href":"https:\/\/api.w.org\/{rel}","templated":true}]}}