{"id":9343,"date":"2024-11-01T16:32:43","date_gmt":"2024-11-01T16:32:43","guid":{"rendered":"https:\/\/ruumistruumi.ee\/pood\/valge-kummut-avola-av2251-86-akatsiapuust-mdf-st\/"},"modified":"2025-04-10T11:58:47","modified_gmt":"2025-04-10T11:58:47","slug":"valge-kummut-avola-av2251-86-akaatsiapuidust","status":"publish","type":"product","link":"https:\/\/blankpage.ee\/_ruumist-ruumi\/pood\/valge-kummut-avola-av2251-86-akaatsiapuidust\/","title":{"rendered":"Valge kummut Avola AV2251-86, akaatsiapuidust"},"content":{"rendered":"<p>Avola AV2251-86 kummut elutuppa. See elegantne valge kummut on varustatud peegeldustega ustega, mida kaunistavad dekoratiivsed liistud. M\u00f6\u00f6bel on valmistatud akaatsiapuidust, millel on sile pind, pakkudes ruumile stiilset ja ajatut ilmet.<\/p>\n<p>Kummuti viie ukse taga peituvad kolm reguleeritavat riiulit, mis v\u00f5imaldavad paindlikku hoiustamist. Peegeldustega uksed lisavad valguse m\u00e4ngu ja avarust, samas kui metallist k\u00e4epidemed annavad modernse viimistluse. Kummuti m\u00f5\u00f5tmed on 218,5 cm lai, 48,5 cm s\u00fcgav ja 81,5 cm k\u00f5rge, pakkudes piisavalt ruumi nii praktiliseks kasutuseks kui ka dekoratiivsete esemete esitlemiseks.<\/p>\n<p>Omadused:<br \/>\n<strong>Materjal:<\/strong> Akaatsiapuit ja MDF.<br \/>\n<strong>V\u00e4rv:<\/strong> Valge.<br \/>\n<strong>M\u00f5\u00f5tmed:<\/strong> Laius 218,5 cm, s\u00fcgavus 48,5 cm, k\u00f5rgus 81,5 cm.<br \/>\n<strong>T\u00e4iendavad detailid:<\/strong> Reguleeritav sisemine riiul; peegeldustega uksed; dekoratiivsed liistud.<br \/>\n<strong>Kokkupanek:<\/strong> Kokkupandud, ei vaja paigaldust. S\u00e4\u00e4stab aega ja vaeva.<\/p>\n<p>&nbsp;<\/p>\n","protected":false},"excerpt":{"rendered":"<p>Avola AV2251-86 kummut elutuppa. See elegantne valge kummut on varustatud peegeldustega ustega, mida kaunistavad dekoratiivsed liistud. M\u00f6\u00f6bel on valmistatud akaatsiapuidust, millel on sile pind, pakkudes ruumile stiilset ja ajatut ilmet. Kummuti viie ukse taga peituvad kolm reguleeritavat riiulit, mis v\u00f5imaldavad paindlikku hoiustamist. Peegeldustega uksed lisavad valguse m\u00e4ngu ja avarust, samas kui metallist k\u00e4epidemed annavad modernse [&hellip;]<\/p>\n","protected":false},"featured_media":9344,"comment_status":"open","ping_status":"closed","template":"","meta":[],"product_brand":[],"product_cat":[81],"product_tag":[],"class_list":{"0":"post-9343","1":"product","2":"type-product","3":"status-publish","4":"has-post-thumbnail","6":"product_cat-kapid-riiulid-ja-kummutid","7":"product_shipping_class-livin-hill","8":"pa_kaepidemed-metall","9":"pa_kollektsioon-avola","10":"pa_materjal-akaatsiapuit","11":"pa_riiulite-arv-89","12":"pa_uste-arv-441","13":"pa_varv-valge","15":"first","16":"outofstock","17":"sale","18":"taxable","19":"shipping-taxable","20":"purchasable","21":"product-type-simple"},"_links":{"self":[{"href":"https:\/\/blankpage.ee\/_ruumist-ruumi\/wp-json\/wp\/v2\/product\/9343","targetHints":{"allow":["GET"]}}],"collection":[{"href":"https:\/\/blankpage.ee\/_ruumist-ruumi\/wp-json\/wp\/v2\/product"}],"about":[{"href":"https:\/\/blankpage.ee\/_ruumist-ruumi\/wp-json\/wp\/v2\/types\/product"}],"replies":[{"embeddable":true,"href":"https:\/\/blankpage.ee\/_ruumist-ruumi\/wp-json\/wp\/v2\/comments?post=9343"}],"wp:featuredmedia":[{"embeddable":true,"href":"https:\/\/blankpage.ee\/_ruumist-ruumi\/wp-json\/wp\/v2\/media\/9344"}],"wp:attachment":[{"href":"https:\/\/blankpage.ee\/_ruumist-ruumi\/wp-json\/wp\/v2\/media?parent=9343"}],"wp:term":[{"taxonomy":"product_brand","embeddable":true,"href":"https:\/\/blankpage.ee\/_ruumist-ruumi\/wp-json\/wp\/v2\/product_brand?post=9343"},{"taxonomy":"product_cat","embeddable":true,"href":"https:\/\/blankpage.ee\/_ruumist-ruumi\/wp-json\/wp\/v2\/product_cat?post=9343"},{"taxonomy":"product_tag","embeddable":true,"href":"https:\/\/blankpage.ee\/_ruumist-ruumi\/wp-json\/wp\/v2\/product_tag?post=9343"}],"curies":[{"name":"wp","href":"https:\/\/api.w.org\/{rel}","templated":true}]}}