{"id":93437,"date":"2025-01-21T10:53:51","date_gmt":"2025-01-21T10:53:51","guid":{"rendered":"https:\/\/ruumistruumi.ee\/pood\/antiik-mahogani-konsoollaud-avola-av1632-60-kummipuidust\/"},"modified":"2025-07-15T18:41:48","modified_gmt":"2025-07-15T18:41:48","slug":"tumepruun-antiikne-konsoollaud-avola-av1632-60-kummipuidust","status":"publish","type":"product","link":"https:\/\/blankpage.ee\/_ruumist-ruumi\/pood\/tumepruun-antiikne-konsoollaud-avola-av1632-60-kummipuidust\/","title":{"rendered":"Tumepruun antiikne konsoollaud Avola AV1632-60, kummipuidust"},"content":{"rendered":"<p>Avola AV1632-60 konsoollaud esikusse. See elegantne Hamptoni stiilis konsoollaud, millel on keeratud jalad, lisab teie esikule ajatut v\u00f5lu. Laual on praktilised sahtlid lihtsate k\u00e4epidemetega ja \u00fcks riiul, mis pakub lisaruumi. Laua pealispind, riiul ja esiosa on kaunistatud iseloomuliku vanutusega, mis sisaldab koore\u00fcraskite j\u00e4lgi, andes sellele ainulaadse ilme.<\/p>\n<p>Konsoollaud on valmistatud vastupidavast kummipuust, mis tagab pikaajalise kasutuse. Antiikse mahagoniv\u00e4rvi viimistlus lisab soojust ja elegantsi. Laua m\u00f5\u00f5tmed on 152,5 cm lai, 35,5 cm s\u00fcgav ja 86,5 cm k\u00f5rge, mist\u00f5ttu sobib see suurep\u00e4raselt kitsamatesse ruumidesse. Keskmine sahtel m\u00f5\u00f5tmetega 64 x 22,5 x 12,5 cm ja k\u00fclgmised sahtlid m\u00f5\u00f5tmetega 33 x 22,5 x 12,5 cm pakuvad piisavalt hoiuruumi v\u00e4iksemate esemete jaoks. Laua jalad on 8 cm k\u00f5rged, lisades sellele stabiilsust ja klassikalist stiili.<\/p>\n<p>Omadused:<br \/>\n<strong>Materjal:<\/strong> Kummipuu<br \/>\n<strong>V\u00e4rv:<\/strong> Antiikne mahagon<br \/>\n<strong>M\u00f5\u00f5tmed:<\/strong> Laius 152,5 cm, s\u00fcgavus 35,5 cm, k\u00f5rgus 86,5 cm<br \/>\n<strong>T\u00e4iendavad detailid:<\/strong> Puidu vanutus, metallist k\u00e4epidemed<br \/>\n<strong>Kokkupanek:<\/strong> Osaliselt kokku pandud, s\u00e4\u00e4stab aega ja vaeva.<\/p>\n<p>&nbsp;<\/p>\n","protected":false},"excerpt":{"rendered":"<p>Avola AV1632-60 konsoollaud esikusse. See elegantne Hamptoni stiilis konsoollaud, millel on keeratud jalad, lisab teie esikule ajatut v\u00f5lu. Laual on praktilised sahtlid lihtsate k\u00e4epidemetega ja \u00fcks riiul, mis pakub lisaruumi. Laua pealispind, riiul ja esiosa on kaunistatud iseloomuliku vanutusega, mis sisaldab koore\u00fcraskite j\u00e4lgi, andes sellele ainulaadse ilme. Konsoollaud on valmistatud vastupidavast kummipuust, mis tagab pikaajalise [&hellip;]<\/p>\n","protected":false},"featured_media":93438,"comment_status":"open","ping_status":"closed","template":"","meta":[],"product_brand":[],"product_cat":[83],"product_tag":[],"class_list":{"0":"post-93437","1":"product","2":"type-product","3":"status-publish","4":"has-post-thumbnail","6":"product_cat-konsoollauad","7":"product_shipping_class-livin-hill","8":"pa_kaepidemed-metall","9":"pa_kollektsioon-avola","10":"pa_materjal-kautsukipuit","11":"pa_riiulite-arv-99","12":"pa_sahtlite-arv-95","13":"pa_varv-tumepruun","15":"first","16":"outofstock","17":"taxable","18":"shipping-taxable","19":"purchasable","20":"product-type-simple"},"_links":{"self":[{"href":"https:\/\/blankpage.ee\/_ruumist-ruumi\/wp-json\/wp\/v2\/product\/93437","targetHints":{"allow":["GET"]}}],"collection":[{"href":"https:\/\/blankpage.ee\/_ruumist-ruumi\/wp-json\/wp\/v2\/product"}],"about":[{"href":"https:\/\/blankpage.ee\/_ruumist-ruumi\/wp-json\/wp\/v2\/types\/product"}],"replies":[{"embeddable":true,"href":"https:\/\/blankpage.ee\/_ruumist-ruumi\/wp-json\/wp\/v2\/comments?post=93437"}],"wp:featuredmedia":[{"embeddable":true,"href":"https:\/\/blankpage.ee\/_ruumist-ruumi\/wp-json\/wp\/v2\/media\/93438"}],"wp:attachment":[{"href":"https:\/\/blankpage.ee\/_ruumist-ruumi\/wp-json\/wp\/v2\/media?parent=93437"}],"wp:term":[{"taxonomy":"product_brand","embeddable":true,"href":"https:\/\/blankpage.ee\/_ruumist-ruumi\/wp-json\/wp\/v2\/product_brand?post=93437"},{"taxonomy":"product_cat","embeddable":true,"href":"https:\/\/blankpage.ee\/_ruumist-ruumi\/wp-json\/wp\/v2\/product_cat?post=93437"},{"taxonomy":"product_tag","embeddable":true,"href":"https:\/\/blankpage.ee\/_ruumist-ruumi\/wp-json\/wp\/v2\/product_tag?post=93437"}],"curies":[{"name":"wp","href":"https:\/\/api.w.org\/{rel}","templated":true}]}}