{"id":93475,"date":"2025-01-21T10:53:51","date_gmt":"2025-01-21T10:53:51","guid":{"rendered":"https:\/\/ruumistruumi.ee\/pood\/helebeez-avola-av1998-86-kummut-akaatsiapuidust\/"},"modified":"2025-07-22T17:46:51","modified_gmt":"2025-07-22T17:46:51","slug":"helebeez-avola-av1998-86-kummut-akaatsiapuidust","status":"publish","type":"product","link":"https:\/\/blankpage.ee\/_ruumist-ruumi\/pood\/helebeez-avola-av1998-86-kummut-akaatsiapuidust\/","title":{"rendered":"Helebee\u017e Avola AV1998-86 kummut, akaatsiapuidust"},"content":{"rendered":"<p>Avola AV1998-86 kummut elutuppa. See elegantne hele kreemjas kummut koos helepruuni pealispinnaga lisab teie elutuppa \u00f5dusust ja stiili. Kuue klaasitud ukse ja kolme praktilise sahtliga kummut pakub rohkelt hoiuruumi, et hoida teie kodu korras ja organiseerituna.<\/p>\n<p>Kummuti kuus klaasitud ust on kaunistatud dekoratiivsete liistudega, mis annavad sellele klassikalise v\u00e4limuse. Kolm reguleeritavat riiulit v\u00f5imaldavad teil kohandada hoiuruumi vastavalt teie vajadustele. Sahtlid ja uksed on varustatud metallist k\u00e4epidemetega, mis lisavad kummutile modernset puudutust. Kummuti sisemised riiulid on valmistatud tugevast 4mm karastatud klaasist, tagades nii vastupidavuse kui ka ohutuse.<\/p>\n<p>Omadused:<br \/>\n<strong>Materjal:<\/strong> Akaatsiapuit ja vineer.<br \/>\n<strong>V\u00e4rv:<\/strong> Hele kreemjas kummut helepruuni pealispinnaga.<br \/>\n<strong>M\u00f5\u00f5tmed:<\/strong> Laius 219 cm, s\u00fcgavus 43 cm, k\u00f5rgus 89 cm.<br \/>\n<strong>T\u00e4iendavad detailid:<\/strong> Sahtli m\u00f5\u00f5dud &#8211; 59,5 x 33,5 x 11 cm; ukse m\u00f5\u00f5dud &#8211; 63,5 x 53,5 cm; riiuli m\u00f5\u00f5dud &#8211; 71 x 28 cm. Reguleeritav sisemine riiul ja dekoratiivsed liistud.<br \/>\n<strong>Kokkupanek:<\/strong> Osaliselt kokku pandud, s\u00e4\u00e4stes aega ja vaeva.<\/p>\n<p>&nbsp;<\/p>\n","protected":false},"excerpt":{"rendered":"<p>Avola AV1998-86 kummut elutuppa. See elegantne hele kreemjas kummut koos helepruuni pealispinnaga lisab teie elutuppa \u00f5dusust ja stiili. Kuue klaasitud ukse ja kolme praktilise sahtliga kummut pakub rohkelt hoiuruumi, et hoida teie kodu korras ja organiseerituna. Kummuti kuus klaasitud ust on kaunistatud dekoratiivsete liistudega, mis annavad sellele klassikalise v\u00e4limuse. Kolm reguleeritavat riiulit v\u00f5imaldavad teil kohandada [&hellip;]<\/p>\n","protected":false},"featured_media":93476,"comment_status":"open","ping_status":"open","template":"","meta":[],"product_brand":[],"product_cat":[81],"product_tag":[],"class_list":{"0":"post-93475","1":"product","2":"type-product","3":"status-publish","4":"has-post-thumbnail","6":"product_cat-kapid-riiulid-ja-kummutid","7":"product_shipping_class-livin-hill","8":"pa_kaepidemed-metall","9":"pa_kollektsioon-avola","10":"pa_materjal-akaatsiapuit","11":"pa_riiulite-arv-89","12":"pa_sahtlite-arv-95","13":"pa_uste-arv-241","14":"pa_varv-beez","16":"first","17":"outofstock","18":"taxable","19":"shipping-taxable","20":"purchasable","21":"product-type-simple"},"_links":{"self":[{"href":"https:\/\/blankpage.ee\/_ruumist-ruumi\/wp-json\/wp\/v2\/product\/93475","targetHints":{"allow":["GET"]}}],"collection":[{"href":"https:\/\/blankpage.ee\/_ruumist-ruumi\/wp-json\/wp\/v2\/product"}],"about":[{"href":"https:\/\/blankpage.ee\/_ruumist-ruumi\/wp-json\/wp\/v2\/types\/product"}],"replies":[{"embeddable":true,"href":"https:\/\/blankpage.ee\/_ruumist-ruumi\/wp-json\/wp\/v2\/comments?post=93475"}],"wp:featuredmedia":[{"embeddable":true,"href":"https:\/\/blankpage.ee\/_ruumist-ruumi\/wp-json\/wp\/v2\/media\/93476"}],"wp:attachment":[{"href":"https:\/\/blankpage.ee\/_ruumist-ruumi\/wp-json\/wp\/v2\/media?parent=93475"}],"wp:term":[{"taxonomy":"product_brand","embeddable":true,"href":"https:\/\/blankpage.ee\/_ruumist-ruumi\/wp-json\/wp\/v2\/product_brand?post=93475"},{"taxonomy":"product_cat","embeddable":true,"href":"https:\/\/blankpage.ee\/_ruumist-ruumi\/wp-json\/wp\/v2\/product_cat?post=93475"},{"taxonomy":"product_tag","embeddable":true,"href":"https:\/\/blankpage.ee\/_ruumist-ruumi\/wp-json\/wp\/v2\/product_tag?post=93475"}],"curies":[{"name":"wp","href":"https:\/\/api.w.org\/{rel}","templated":true}]}}