{"id":93485,"date":"2025-01-21T10:53:51","date_gmt":"2025-01-21T10:53:51","guid":{"rendered":"https:\/\/ruumistruumi.ee\/pood\/antique-blue-avola-av175-32-vitriinkapp-akaatsiapuidust\/"},"modified":"2025-07-15T18:41:53","modified_gmt":"2025-07-15T18:41:53","slug":"antiiksinine-avola-av175-32-vitriinkapp-akaatsiapuidust","status":"publish","type":"product","link":"https:\/\/blankpage.ee\/_ruumist-ruumi\/pood\/antiiksinine-avola-av175-32-vitriinkapp-akaatsiapuidust\/","title":{"rendered":"Antiiksinine Avola AV175-32 vitriinkapp, akaatsiapuidust"},"content":{"rendered":"<p>Avola AV175-32 kummut elutuppa. See elegantne Avola kollektsiooni kummut lisab teie eluruumile ajatut v\u00f5lu. Valmistatud kvaliteetsest akaatsiapuidust ja MDF-ist, on see m\u00f6\u00f6bliese nii vastupidav kui ka stiilne. Kummuti antiiksinine toon koos pealmise ja trimmiv\u00e4rviga loob harmoonilise ja pilkup\u00fc\u00fcdva ilme.<\/p>\n<p>Omadused:<br \/>\n<strong>Materjal:<\/strong> Akaatsiapuit ja MDF.<br \/>\n<strong>V\u00e4rv:<\/strong> Antiiksinine.<br \/>\n<strong>M\u00f5\u00f5tmed:<\/strong> Laius 82 cm, s\u00fcgavus 38 cm, k\u00f5rgus 82 cm.<br \/>\n<strong>T\u00e4iendavad detailid:<\/strong> Kaks ust ja \u00fcks riiul pakuvad piisavalt hoiuruumi.<br \/>\n<strong>Kokkupanek:<\/strong> Kokkupandud, ei vaja paigaldust. S\u00e4\u00e4stab aega ja vaeva.<\/p>\n<p>Avola AV175-32 kummut on ideaalne valik neile, kes hindavad kvaliteeti ja klassikalist disaini.<\/p>\n<p>&nbsp;<\/p>\n","protected":false},"excerpt":{"rendered":"<p>Avola AV175-32 kummut elutuppa. See elegantne Avola kollektsiooni kummut lisab teie eluruumile ajatut v\u00f5lu. Valmistatud kvaliteetsest akaatsiapuidust ja MDF-ist, on see m\u00f6\u00f6bliese nii vastupidav kui ka stiilne. Kummuti antiiksinine toon koos pealmise ja trimmiv\u00e4rviga loob harmoonilise ja pilkup\u00fc\u00fcdva ilme. Omadused: Materjal: Akaatsiapuit ja MDF. V\u00e4rv: Antiiksinine. M\u00f5\u00f5tmed: Laius 82 cm, s\u00fcgavus 38 cm, k\u00f5rgus 82 [&hellip;]<\/p>\n","protected":false},"featured_media":93486,"comment_status":"open","ping_status":"closed","template":"","meta":[],"product_brand":[],"product_cat":[81],"product_tag":[],"class_list":{"0":"post-93485","1":"product","2":"type-product","3":"status-publish","4":"has-post-thumbnail","6":"product_cat-kapid-riiulid-ja-kummutid","7":"product_shipping_class-livin-hill","8":"pa_kollektsioon-avola","9":"pa_materjal-akaatsiapuit","10":"pa_riiulite-arv-99","11":"pa_sahtlite-arv-87","12":"pa_uste-arv-94","13":"pa_varv-sinine","15":"first","16":"outofstock","17":"taxable","18":"shipping-taxable","19":"purchasable","20":"product-type-simple"},"_links":{"self":[{"href":"https:\/\/blankpage.ee\/_ruumist-ruumi\/wp-json\/wp\/v2\/product\/93485","targetHints":{"allow":["GET"]}}],"collection":[{"href":"https:\/\/blankpage.ee\/_ruumist-ruumi\/wp-json\/wp\/v2\/product"}],"about":[{"href":"https:\/\/blankpage.ee\/_ruumist-ruumi\/wp-json\/wp\/v2\/types\/product"}],"replies":[{"embeddable":true,"href":"https:\/\/blankpage.ee\/_ruumist-ruumi\/wp-json\/wp\/v2\/comments?post=93485"}],"wp:featuredmedia":[{"embeddable":true,"href":"https:\/\/blankpage.ee\/_ruumist-ruumi\/wp-json\/wp\/v2\/media\/93486"}],"wp:attachment":[{"href":"https:\/\/blankpage.ee\/_ruumist-ruumi\/wp-json\/wp\/v2\/media?parent=93485"}],"wp:term":[{"taxonomy":"product_brand","embeddable":true,"href":"https:\/\/blankpage.ee\/_ruumist-ruumi\/wp-json\/wp\/v2\/product_brand?post=93485"},{"taxonomy":"product_cat","embeddable":true,"href":"https:\/\/blankpage.ee\/_ruumist-ruumi\/wp-json\/wp\/v2\/product_cat?post=93485"},{"taxonomy":"product_tag","embeddable":true,"href":"https:\/\/blankpage.ee\/_ruumist-ruumi\/wp-json\/wp\/v2\/product_tag?post=93485"}],"curies":[{"name":"wp","href":"https:\/\/api.w.org\/{rel}","templated":true}]}}