{"id":93498,"date":"2025-01-21T10:53:51","date_gmt":"2025-01-21T10:53:51","guid":{"rendered":"https:\/\/ruumistruumi.ee\/pood\/looduslik-hele-puit-kohvilaud-avola-av1934-1-akaatsiapuidust\/"},"modified":"2025-04-10T11:57:28","modified_gmt":"2025-04-10T11:57:28","slug":"helepruun-kohvilaud-avola-av1934-1-akaatsiapuidust","status":"publish","type":"product","link":"https:\/\/blankpage.ee\/_ruumist-ruumi\/pood\/helepruun-kohvilaud-avola-av1934-1-akaatsiapuidust\/","title":{"rendered":"Helepruun kohvilaud Avola AV1934-1, akaatsiapuidust"},"content":{"rendered":"<p>Avola AV1934-1 kohvilaud elutuppa. See klassikalises Provencali stiilis kohvilaud toob teie elutuppa sooja ja kutsuva atmosf\u00e4\u00e4ri. Laud on valmistatud vastupidavast akaatsiapuidust ja viimistletud naturaalse heleda puidutooniga, mis r\u00f5hutab puidu loomulikku struktuuri. Tugevad, \u00fcmarad ristkujulised jalad lisavad lauale stabiilsust ja elegantsi.<\/p>\n<p>Laua massiivne pealispind on kaunistatud kalasabamustrilise intarsia disainiga, pakkudes visuaalset huvi ja ainulaadsust. See detailne t\u00f6\u00f6tlus muudab laua t\u00f5eliseks pilgup\u00fc\u00fcdjaks igas elutoas. Lisaks on laua pealispind osaliselt kokku pandud, mis lihtsustab selle paigaldamist.<\/p>\n<p>Omadused:<br \/>\n<strong>Materjal:<\/strong> Akaatsiapuit ja vineer.<br \/>\n<strong>V\u00e4rv:<\/strong> Naturaalne hele puit.<br \/>\n<strong>M\u00f5\u00f5tmed:<\/strong> Laius 127 cm, s\u00fcgavus 71 cm, k\u00f5rgus 47 cm.<br \/>\n<strong>T\u00e4iendavad detailid:<\/strong> Kalasabamustriline lauaplaadi disain ja intarsia pealispind.<br \/>\n<strong>Kokkupanek:<\/strong> Osaliselt kokku pandud, s\u00e4\u00e4stab aega ja vaeva.<\/p>\n<p>&nbsp;<\/p>\n","protected":false},"excerpt":{"rendered":"<p>Avola AV1934-1 kohvilaud elutuppa. See klassikalises Provencali stiilis kohvilaud toob teie elutuppa sooja ja kutsuva atmosf\u00e4\u00e4ri. Laud on valmistatud vastupidavast akaatsiapuidust ja viimistletud naturaalse heleda puidutooniga, mis r\u00f5hutab puidu loomulikku struktuuri. Tugevad, \u00fcmarad ristkujulised jalad lisavad lauale stabiilsust ja elegantsi. Laua massiivne pealispind on kaunistatud kalasabamustrilise intarsia disainiga, pakkudes visuaalset huvi ja ainulaadsust. See detailne [&hellip;]<\/p>\n","protected":false},"featured_media":93499,"comment_status":"open","ping_status":"closed","template":"","meta":[],"product_brand":[],"product_cat":[118],"product_tag":[],"class_list":{"0":"post-93498","1":"product","2":"type-product","3":"status-publish","4":"has-post-thumbnail","6":"product_cat-diivanilauad","7":"product_shipping_class-livin-hill","8":"pa_kollektsioon-avola","9":"pa_materjal-akaatsiapuit","10":"pa_varv-helepruun","12":"first","13":"instock","14":"taxable","15":"shipping-taxable","16":"purchasable","17":"product-type-simple"},"_links":{"self":[{"href":"https:\/\/blankpage.ee\/_ruumist-ruumi\/wp-json\/wp\/v2\/product\/93498","targetHints":{"allow":["GET"]}}],"collection":[{"href":"https:\/\/blankpage.ee\/_ruumist-ruumi\/wp-json\/wp\/v2\/product"}],"about":[{"href":"https:\/\/blankpage.ee\/_ruumist-ruumi\/wp-json\/wp\/v2\/types\/product"}],"replies":[{"embeddable":true,"href":"https:\/\/blankpage.ee\/_ruumist-ruumi\/wp-json\/wp\/v2\/comments?post=93498"}],"wp:featuredmedia":[{"embeddable":true,"href":"https:\/\/blankpage.ee\/_ruumist-ruumi\/wp-json\/wp\/v2\/media\/93499"}],"wp:attachment":[{"href":"https:\/\/blankpage.ee\/_ruumist-ruumi\/wp-json\/wp\/v2\/media?parent=93498"}],"wp:term":[{"taxonomy":"product_brand","embeddable":true,"href":"https:\/\/blankpage.ee\/_ruumist-ruumi\/wp-json\/wp\/v2\/product_brand?post=93498"},{"taxonomy":"product_cat","embeddable":true,"href":"https:\/\/blankpage.ee\/_ruumist-ruumi\/wp-json\/wp\/v2\/product_cat?post=93498"},{"taxonomy":"product_tag","embeddable":true,"href":"https:\/\/blankpage.ee\/_ruumist-ruumi\/wp-json\/wp\/v2\/product_tag?post=93498"}],"curies":[{"name":"wp","href":"https:\/\/api.w.org\/{rel}","templated":true}]}}