{"id":93504,"date":"2025-01-21T11:08:07","date_gmt":"2025-01-21T11:08:07","guid":{"rendered":"https:\/\/ruumistruumi.ee\/pood\/hele-puit-konsoollaud-avola-av1934-4-akaatsiapuidust\/"},"modified":"2025-07-15T18:41:57","modified_gmt":"2025-07-15T18:41:57","slug":"hele-puit-konsoollaud-avola-av1934-4-akaatsiapuidust","status":"publish","type":"product","link":"https:\/\/blankpage.ee\/_ruumist-ruumi\/pood\/hele-puit-konsoollaud-avola-av1934-4-akaatsiapuidust\/","title":{"rendered":"Helepruun konsoollaud Avola AV1934-4, akaatsiapuidust"},"content":{"rendered":"<p>Avola AV1934-4 konsoollaud esikusse. See elegantne puidust konsoollaud klassikalises Provencali stiilis lisab teie esikule ajatut v\u00f5lu. \u00dcmarate ristatud jalgade ja heleda tamme tooniga laud toob esile naturaalse puidu struktuuri, luues hubase ja kutsuva atmosf\u00e4\u00e4ri. Massiivne lauaplaat on kaunistatud kalasabamustrilise intarsiaga, mis lisab lauale ainulaadset iseloomu.<\/p>\n<p>Omadused:<br \/>\n<strong>Materjal:<\/strong> Akaatsiapuit ja vineer.<br \/>\n<strong>V\u00e4rv:<\/strong> Naturaalne hele puit.<br \/>\n<strong>M\u00f5\u00f5tmed:<\/strong> Laius 132 cm, s\u00fcgavus 46 cm, k\u00f5rgus 76 cm.<br \/>\n<strong>T\u00e4iendavad detailid:<\/strong> Kalasabamustriline lauaplaat ja intarsia.<br \/>\n<strong>Kokkupanek:<\/strong> Osaliselt kokku pandud, s\u00e4\u00e4stab aega ja vaeva.<\/p>\n<p>Avola kollektsiooni konsoollaud on ideaalne valik neile, kes hindavad kvaliteetset k\u00e4sit\u00f6\u00f6d ja klassikalist disaini. See konsoollaud t\u00e4iendab suurep\u00e4raselt igat esikut, pakkudes samas praktilist hoiuruumi ja dekoratiivset elementi.<\/p>\n<p>&nbsp;<\/p>\n","protected":false},"excerpt":{"rendered":"<p>Avola AV1934-4 konsoollaud esikusse. See elegantne puidust konsoollaud klassikalises Provencali stiilis lisab teie esikule ajatut v\u00f5lu. \u00dcmarate ristatud jalgade ja heleda tamme tooniga laud toob esile naturaalse puidu struktuuri, luues hubase ja kutsuva atmosf\u00e4\u00e4ri. Massiivne lauaplaat on kaunistatud kalasabamustrilise intarsiaga, mis lisab lauale ainulaadset iseloomu. Omadused: Materjal: Akaatsiapuit ja vineer. V\u00e4rv: Naturaalne hele puit. M\u00f5\u00f5tmed: [&hellip;]<\/p>\n","protected":false},"featured_media":93505,"comment_status":"open","ping_status":"closed","template":"","meta":[],"product_brand":[],"product_cat":[83],"product_tag":[],"class_list":{"0":"post-93504","1":"product","2":"type-product","3":"status-publish","4":"has-post-thumbnail","6":"product_cat-konsoollauad","7":"product_shipping_class-livin-hill","8":"pa_kollektsioon-avola","9":"pa_materjal-akaatsiapuit","10":"pa_varv-helepruun","12":"first","13":"outofstock","14":"taxable","15":"shipping-taxable","16":"purchasable","17":"product-type-simple"},"_links":{"self":[{"href":"https:\/\/blankpage.ee\/_ruumist-ruumi\/wp-json\/wp\/v2\/product\/93504","targetHints":{"allow":["GET"]}}],"collection":[{"href":"https:\/\/blankpage.ee\/_ruumist-ruumi\/wp-json\/wp\/v2\/product"}],"about":[{"href":"https:\/\/blankpage.ee\/_ruumist-ruumi\/wp-json\/wp\/v2\/types\/product"}],"replies":[{"embeddable":true,"href":"https:\/\/blankpage.ee\/_ruumist-ruumi\/wp-json\/wp\/v2\/comments?post=93504"}],"wp:featuredmedia":[{"embeddable":true,"href":"https:\/\/blankpage.ee\/_ruumist-ruumi\/wp-json\/wp\/v2\/media\/93505"}],"wp:attachment":[{"href":"https:\/\/blankpage.ee\/_ruumist-ruumi\/wp-json\/wp\/v2\/media?parent=93504"}],"wp:term":[{"taxonomy":"product_brand","embeddable":true,"href":"https:\/\/blankpage.ee\/_ruumist-ruumi\/wp-json\/wp\/v2\/product_brand?post=93504"},{"taxonomy":"product_cat","embeddable":true,"href":"https:\/\/blankpage.ee\/_ruumist-ruumi\/wp-json\/wp\/v2\/product_cat?post=93504"},{"taxonomy":"product_tag","embeddable":true,"href":"https:\/\/blankpage.ee\/_ruumist-ruumi\/wp-json\/wp\/v2\/product_tag?post=93504"}],"curies":[{"name":"wp","href":"https:\/\/api.w.org\/{rel}","templated":true}]}}