{"id":93511,"date":"2025-01-21T11:08:07","date_gmt":"2025-01-21T11:08:07","guid":{"rendered":"https:\/\/ruumistruumi.ee\/pood\/antique-blue-puhvetkapp-avola-av175-9-akaatsiapuidust\/"},"modified":"2025-06-17T08:57:29","modified_gmt":"2025-06-17T08:57:29","slug":"antiiksinine-puhvetkapp-avola-av175-9-akaatsiapuidust","status":"publish","type":"product","link":"https:\/\/blankpage.ee\/_ruumist-ruumi\/pood\/antiiksinine-puhvetkapp-avola-av175-9-akaatsiapuidust\/","title":{"rendered":"Antiiksinine puhvetkapp Avola AV175-9, akaatsiapuidust"},"content":{"rendered":"<p>Avola AV175-9 puhvetkapp elutuppa. See elegantne m\u00f6\u00f6bliese on osa Avola kollektsioonist, mis \u00fchendab klassikalise disaini kaasaegsete materjalidega. Puhvetkapp on valmistatud akaatsiapuust ja MDF-ist, mis tagab vastupidavuse ja ajatu ilu. Antiiksinine v\u00e4rv koos pealmise ja trimmiv\u00e4rviga lisab suursugusust igasse elutuppa.<\/p>\n<p>Avola AV175-9 puhvetkapp pakub praktilist ja stiilset lahendust teie elutoa hoiustamisvajadustele. Kapp on varustatud nelja ukse ja kahe riiuliga, pakkudes rohkelt ruumi erinevate esemete paigutamiseks. Kokkupandud, ei vaja paigaldust. S\u00e4\u00e4stab aega ja vaeva, v\u00f5imaldades teil keskenduda olulisele \u2013 oma kodu sisustamisele ja kaunistamisele.<\/p>\n<p>Omadused:<br \/>\n<strong>Materjal:<\/strong> Akaatsiapuit ja MDF.<br \/>\n<strong>V\u00e4rv:<\/strong> Antiiksinine.<br \/>\n<strong>M\u00f5\u00f5tmed:<\/strong> Laius 178 cm, s\u00fcgavus 49 cm, k\u00f5rgus 82 cm.<br \/>\n<strong>T\u00e4iendavad detailid:<\/strong> Neli ust ja kaks riiulit.<br \/>\n<strong>Kokkupanek:<\/strong> Kokkupandud, ei vaja paigaldust. S\u00e4\u00e4stab aega ja vaeva.<\/p>\n<p>&nbsp;<\/p>\n","protected":false},"excerpt":{"rendered":"<p>Avola AV175-9 puhvetkapp elutuppa. See elegantne m\u00f6\u00f6bliese on osa Avola kollektsioonist, mis \u00fchendab klassikalise disaini kaasaegsete materjalidega. Puhvetkapp on valmistatud akaatsiapuust ja MDF-ist, mis tagab vastupidavuse ja ajatu ilu. Antiiksinine v\u00e4rv koos pealmise ja trimmiv\u00e4rviga lisab suursugusust igasse elutuppa. Avola AV175-9 puhvetkapp pakub praktilist ja stiilset lahendust teie elutoa hoiustamisvajadustele. Kapp on varustatud nelja ukse [&hellip;]<\/p>\n","protected":false},"featured_media":93512,"comment_status":"open","ping_status":"closed","template":"","meta":[],"product_brand":[],"product_cat":[81],"product_tag":[],"class_list":{"0":"post-93511","1":"product","2":"type-product","3":"status-publish","4":"has-post-thumbnail","6":"product_cat-kapid-riiulid-ja-kummutid","7":"product_shipping_class-livin-hill","8":"pa_kollektsioon-avola","9":"pa_materjal-akaatsiapuit","10":"pa_riiulite-arv-76","11":"pa_sahtlite-arv-74","12":"pa_uste-arv-75","13":"pa_varv-sinine","15":"first","16":"instock","17":"taxable","18":"shipping-taxable","19":"purchasable","20":"product-type-simple"},"_links":{"self":[{"href":"https:\/\/blankpage.ee\/_ruumist-ruumi\/wp-json\/wp\/v2\/product\/93511","targetHints":{"allow":["GET"]}}],"collection":[{"href":"https:\/\/blankpage.ee\/_ruumist-ruumi\/wp-json\/wp\/v2\/product"}],"about":[{"href":"https:\/\/blankpage.ee\/_ruumist-ruumi\/wp-json\/wp\/v2\/types\/product"}],"replies":[{"embeddable":true,"href":"https:\/\/blankpage.ee\/_ruumist-ruumi\/wp-json\/wp\/v2\/comments?post=93511"}],"wp:featuredmedia":[{"embeddable":true,"href":"https:\/\/blankpage.ee\/_ruumist-ruumi\/wp-json\/wp\/v2\/media\/93512"}],"wp:attachment":[{"href":"https:\/\/blankpage.ee\/_ruumist-ruumi\/wp-json\/wp\/v2\/media?parent=93511"}],"wp:term":[{"taxonomy":"product_brand","embeddable":true,"href":"https:\/\/blankpage.ee\/_ruumist-ruumi\/wp-json\/wp\/v2\/product_brand?post=93511"},{"taxonomy":"product_cat","embeddable":true,"href":"https:\/\/blankpage.ee\/_ruumist-ruumi\/wp-json\/wp\/v2\/product_cat?post=93511"},{"taxonomy":"product_tag","embeddable":true,"href":"https:\/\/blankpage.ee\/_ruumist-ruumi\/wp-json\/wp\/v2\/product_tag?post=93511"}],"curies":[{"name":"wp","href":"https:\/\/api.w.org\/{rel}","templated":true}]}}