{"id":93538,"date":"2025-01-21T11:41:02","date_gmt":"2025-01-21T11:41:02","guid":{"rendered":"https:\/\/ruumistruumi.ee\/pood\/tumepruun-aktsentlaud-avola-av1730-58-taismangopuidust\/"},"modified":"2025-07-22T17:47:03","modified_gmt":"2025-07-22T17:47:03","slug":"tumepruun-aktsentlaud-avola-av1730-58-mangopuu","status":"publish","type":"product","link":"https:\/\/blankpage.ee\/_ruumist-ruumi\/pood\/tumepruun-aktsentlaud-avola-av1730-58-mangopuu\/","title":{"rendered":"Tumepruun aktsentlaud Avola AV1730-58, mangopuu"},"content":{"rendered":"<p>Avola AV1730-58 aktsentlaud elutuppa. See klassikaline t\u00e4ispuidust laud toob teie elutuppa ajatu elegantsi. \u00dcmar lauaplaat ja k\u00e4sitsi nikerdatud jalg, millel on spiraalmotiiv, loovad harmoonilise koosluse, mis sobib ideaalselt ruumi keskpunktiks. Laua pinnal on n\u00e4htav puidu struktuur ning spetsiaalne vanutatud viimistlus, mis lisab karakterit ja iseloomu.<\/p>\n<p>Avola kollektsiooni kuuluv aktsentlaud on valmistatud vastupidavast mangopuidust, mis tagab pikaajalise kasutuskindluse. Tumepruun toon lisab soojust ja s\u00fcgavust, sobitudes h\u00e4sti erinevate sisekujundusstiilidega. Laua m\u00f5\u00f5tmed on 76 cm lai, 76 cm s\u00fcgav ja 76 cm k\u00f5rge, muutes selle ideaalseks nii v\u00e4iksematesse kui ka avaramatesse elutubadesse.<\/p>\n<p>Omadused:<br \/>\n<strong>Materjal:<\/strong> Tugev mangopuit.<br \/>\n<strong>V\u00e4rv:<\/strong> Tumepruun.<br \/>\n<strong>M\u00f5\u00f5tmed:<\/strong> Laius 76 cm, s\u00fcgavus 76 cm, k\u00f5rgus 76 cm.<br \/>\n<strong>T\u00e4iendavad detailid:<\/strong> K\u00e4sitsi nikerdatud jalg ja vanutatud viimistlus.<br \/>\n<strong>Kokkupanek:<\/strong> Osaliselt kokku pandud, s\u00e4\u00e4stab aega ja vaeva.<\/p>\n<p>&nbsp;<\/p>\n","protected":false},"excerpt":{"rendered":"<p>Avola AV1730-58 aktsentlaud elutuppa. See klassikaline t\u00e4ispuidust laud toob teie elutuppa ajatu elegantsi. \u00dcmar lauaplaat ja k\u00e4sitsi nikerdatud jalg, millel on spiraalmotiiv, loovad harmoonilise koosluse, mis sobib ideaalselt ruumi keskpunktiks. Laua pinnal on n\u00e4htav puidu struktuur ning spetsiaalne vanutatud viimistlus, mis lisab karakterit ja iseloomu. Avola kollektsiooni kuuluv aktsentlaud on valmistatud vastupidavast mangopuidust, mis tagab [&hellip;]<\/p>\n","protected":false},"featured_media":93539,"comment_status":"open","ping_status":"closed","template":"","meta":[],"product_brand":[],"product_cat":[145],"product_tag":[],"class_list":{"0":"post-93538","1":"product","2":"type-product","3":"status-publish","4":"has-post-thumbnail","6":"product_cat-lisalauad","7":"product_shipping_class-livin-hill","8":"pa_kollektsioon-avola","9":"pa_materjal-mango","10":"pa_varv-tumepruun","12":"first","13":"outofstock","14":"taxable","15":"shipping-taxable","16":"purchasable","17":"product-type-simple"},"_links":{"self":[{"href":"https:\/\/blankpage.ee\/_ruumist-ruumi\/wp-json\/wp\/v2\/product\/93538","targetHints":{"allow":["GET"]}}],"collection":[{"href":"https:\/\/blankpage.ee\/_ruumist-ruumi\/wp-json\/wp\/v2\/product"}],"about":[{"href":"https:\/\/blankpage.ee\/_ruumist-ruumi\/wp-json\/wp\/v2\/types\/product"}],"replies":[{"embeddable":true,"href":"https:\/\/blankpage.ee\/_ruumist-ruumi\/wp-json\/wp\/v2\/comments?post=93538"}],"wp:featuredmedia":[{"embeddable":true,"href":"https:\/\/blankpage.ee\/_ruumist-ruumi\/wp-json\/wp\/v2\/media\/93539"}],"wp:attachment":[{"href":"https:\/\/blankpage.ee\/_ruumist-ruumi\/wp-json\/wp\/v2\/media?parent=93538"}],"wp:term":[{"taxonomy":"product_brand","embeddable":true,"href":"https:\/\/blankpage.ee\/_ruumist-ruumi\/wp-json\/wp\/v2\/product_brand?post=93538"},{"taxonomy":"product_cat","embeddable":true,"href":"https:\/\/blankpage.ee\/_ruumist-ruumi\/wp-json\/wp\/v2\/product_cat?post=93538"},{"taxonomy":"product_tag","embeddable":true,"href":"https:\/\/blankpage.ee\/_ruumist-ruumi\/wp-json\/wp\/v2\/product_tag?post=93538"}],"curies":[{"name":"wp","href":"https:\/\/api.w.org\/{rel}","templated":true}]}}