{"id":93550,"date":"2025-01-21T11:41:02","date_gmt":"2025-01-21T11:41:02","guid":{"rendered":"https:\/\/ruumistruumi.ee\/pood\/saddle-varvi-baaripukk-avola-av1730-192s-ehtsast-nahast\/"},"modified":"2025-06-17T08:57:41","modified_gmt":"2025-06-17T08:57:41","slug":"saddle-varvi-baaripukk-avola-av1730-192s-ehtsast-nahast","status":"publish","type":"product","link":"https:\/\/blankpage.ee\/_ruumist-ruumi\/pood\/saddle-varvi-baaripukk-avola-av1730-192s-ehtsast-nahast\/","title":{"rendered":"Saddle v\u00e4rvi baaripukk Avola AV1730-192S, ehtsast nahast"},"content":{"rendered":"<p>Avola AV1730-192S baaritool s\u00f6\u00f6gituppa. See tool on osa Avola kollektsioonist, tuues teie ruumi industriaalset stiili ja elegantsi. Tooli iste on kaetud naturaalse sadulav\u00e4rvi nahaga, mis on kaunistatud tepitud mustriga, pakkudes nii visuaalset kui ka f\u00fc\u00fcsilist mugavust. Mustad metallist jalad lisavad toolile vastupidavust ja modernset ilmet, samal ajal kui ruudukujuline alus ja X-kujulised k\u00fcljed pakuvad stabiilsust ja unikaalset disaini.<\/p>\n<p>Omadused:<br \/>\n<strong>Materjal:<\/strong> Naturaalsest nahast iste ja metallist jalad.<br \/>\n<strong>V\u00e4rv:<\/strong> Sadulav\u00e4rvi iste ja mustad jalad.<br \/>\n<strong>M\u00f5\u00f5tmed:<\/strong> Laius 38 cm, s\u00fcgavus 38 cm, k\u00f5rgus 74 cm.<br \/>\n<strong>T\u00e4iendavad detailid:<\/strong> Tepitud iste ja industriaalne disain.<br \/>\n<strong>Kokkupanek:<\/strong> Kokkupandud, ei vaja paigaldust. S\u00e4\u00e4stab aega ja vaeva.<\/p>\n<p>&nbsp;<\/p>\n","protected":false},"excerpt":{"rendered":"<p>Avola AV1730-192S baaritool s\u00f6\u00f6gituppa. See tool on osa Avola kollektsioonist, tuues teie ruumi industriaalset stiili ja elegantsi. Tooli iste on kaetud naturaalse sadulav\u00e4rvi nahaga, mis on kaunistatud tepitud mustriga, pakkudes nii visuaalset kui ka f\u00fc\u00fcsilist mugavust. Mustad metallist jalad lisavad toolile vastupidavust ja modernset ilmet, samal ajal kui ruudukujuline alus ja X-kujulised k\u00fcljed pakuvad stabiilsust [&hellip;]<\/p>\n","protected":false},"featured_media":93551,"comment_status":"open","ping_status":"closed","template":"","meta":[],"product_brand":[],"product_cat":[327],"product_tag":[],"class_list":{"0":"post-93550","1":"product","2":"type-product","3":"status-publish","4":"has-post-thumbnail","6":"product_cat-baaritoolid","7":"product_shipping_class-livin-hill","8":"pa_kollektsioon-avola","9":"pa_materjal-nahk","10":"pa_varv-pruun","12":"first","13":"instock","14":"taxable","15":"shipping-taxable","16":"purchasable","17":"product-type-simple"},"_links":{"self":[{"href":"https:\/\/blankpage.ee\/_ruumist-ruumi\/wp-json\/wp\/v2\/product\/93550","targetHints":{"allow":["GET"]}}],"collection":[{"href":"https:\/\/blankpage.ee\/_ruumist-ruumi\/wp-json\/wp\/v2\/product"}],"about":[{"href":"https:\/\/blankpage.ee\/_ruumist-ruumi\/wp-json\/wp\/v2\/types\/product"}],"replies":[{"embeddable":true,"href":"https:\/\/blankpage.ee\/_ruumist-ruumi\/wp-json\/wp\/v2\/comments?post=93550"}],"wp:featuredmedia":[{"embeddable":true,"href":"https:\/\/blankpage.ee\/_ruumist-ruumi\/wp-json\/wp\/v2\/media\/93551"}],"wp:attachment":[{"href":"https:\/\/blankpage.ee\/_ruumist-ruumi\/wp-json\/wp\/v2\/media?parent=93550"}],"wp:term":[{"taxonomy":"product_brand","embeddable":true,"href":"https:\/\/blankpage.ee\/_ruumist-ruumi\/wp-json\/wp\/v2\/product_brand?post=93550"},{"taxonomy":"product_cat","embeddable":true,"href":"https:\/\/blankpage.ee\/_ruumist-ruumi\/wp-json\/wp\/v2\/product_cat?post=93550"},{"taxonomy":"product_tag","embeddable":true,"href":"https:\/\/blankpage.ee\/_ruumist-ruumi\/wp-json\/wp\/v2\/product_tag?post=93550"}],"curies":[{"name":"wp","href":"https:\/\/api.w.org\/{rel}","templated":true}]}}