{"id":93578,"date":"2025-01-21T12:04:07","date_gmt":"2025-01-21T12:04:07","guid":{"rendered":"https:\/\/ruumistruumi.ee\/pood\/tsemendiroheline-kummut-rose-hill-rh02-korglaikega-mdf\/"},"modified":"2025-04-10T11:57:53","modified_gmt":"2025-04-10T11:57:53","slug":"tsemendiroheline-kummut-rose-hill-rh02-korglaikega-mdf","status":"publish","type":"product","link":"https:\/\/blankpage.ee\/_ruumist-ruumi\/pood\/tsemendiroheline-kummut-rose-hill-rh02-korglaikega-mdf\/","title":{"rendered":"Tsemendiroheline kummut Rose Hill RH02, k\u00f5rgl\u00e4ikega MDF"},"content":{"rendered":"<p>Rose Hill RH02 kummut elutuppa. See modernne klassikaline kummut on loodud t\u00e4iendama teie elutoa interj\u00f6\u00f6ri oma tsemendirohelise v\u00e4rviga, mida r\u00f5hutavad kontrastsed kuldse tooniga roostevabast terasest jalad. Korpuse k\u00f5rgl\u00e4ikega MDF-plaadid ja iseloomulikud 3D-esipaneelid loovad minimalistliku vormiga harmoonilise terviku.<\/p>\n<p>Kummuti Rose Hill RH02 toob teie elutuppa nii stiili kui ka funktsionaalsust. Selle pehme sulgemise mehhanism tagab sujuva ja vaikse kasutamise, samal ajal kui k\u00f5rgl\u00e4ikega viimistlus lisab elegantsi. Kuldsete jalgade vastupidavus ja kummutile omane modernne disain teevad sellest pilkup\u00fc\u00fcdva m\u00f6\u00f6blieseme igas kaasaegses interj\u00f6\u00f6ris.<\/p>\n<p>Omadused:<br \/>\n<strong>Materjal:<\/strong> K\u00f5rgl\u00e4ikega pulberv\u00e4rvitud MDF ja roostevabast terasest jalad.<br \/>\n<strong>V\u00e4rv:<\/strong> Tsemendiroheline k\u00f5rgl\u00e4ige, kuldsed jalad.<br \/>\n<strong>M\u00f5\u00f5tmed:<\/strong> Laius 119 cm, s\u00fcgavus 39,5 cm, k\u00f5rgus 75 cm.<br \/>\n<strong>T\u00e4iendavad detailid:<\/strong> Pehme sulgumise mehhanism.<br \/>\n<strong>Kokkupanek:<\/strong> T\u00e4ielikult kokkupandud, ei vaja paigaldust. S\u00e4\u00e4stab aega ja vaeva.<\/p>\n<p>&nbsp;<\/p>\n","protected":false},"excerpt":{"rendered":"<p>Rose Hill RH02 kummut elutuppa. See modernne klassikaline kummut on loodud t\u00e4iendama teie elutoa interj\u00f6\u00f6ri oma tsemendirohelise v\u00e4rviga, mida r\u00f5hutavad kontrastsed kuldse tooniga roostevabast terasest jalad. Korpuse k\u00f5rgl\u00e4ikega MDF-plaadid ja iseloomulikud 3D-esipaneelid loovad minimalistliku vormiga harmoonilise terviku. Kummuti Rose Hill RH02 toob teie elutuppa nii stiili kui ka funktsionaalsust. Selle pehme sulgemise mehhanism tagab sujuva [&hellip;]<\/p>\n","protected":false},"featured_media":93579,"comment_status":"open","ping_status":"open","template":"","meta":[],"product_brand":[],"product_cat":[81],"product_tag":[],"class_list":{"0":"post-93578","1":"product","2":"type-product","3":"status-publish","4":"has-post-thumbnail","6":"product_cat-kapid-riiulid-ja-kummutid","7":"product_shipping_class-livin-hill","8":"pa_kollektsioon-rose-hill","9":"pa_materjal-valge","10":"pa_sahtlite-arv-74","11":"pa_varv-roheline","13":"first","14":"outofstock","15":"taxable","16":"shipping-taxable","17":"purchasable","18":"product-type-simple"},"_links":{"self":[{"href":"https:\/\/blankpage.ee\/_ruumist-ruumi\/wp-json\/wp\/v2\/product\/93578","targetHints":{"allow":["GET"]}}],"collection":[{"href":"https:\/\/blankpage.ee\/_ruumist-ruumi\/wp-json\/wp\/v2\/product"}],"about":[{"href":"https:\/\/blankpage.ee\/_ruumist-ruumi\/wp-json\/wp\/v2\/types\/product"}],"replies":[{"embeddable":true,"href":"https:\/\/blankpage.ee\/_ruumist-ruumi\/wp-json\/wp\/v2\/comments?post=93578"}],"wp:featuredmedia":[{"embeddable":true,"href":"https:\/\/blankpage.ee\/_ruumist-ruumi\/wp-json\/wp\/v2\/media\/93579"}],"wp:attachment":[{"href":"https:\/\/blankpage.ee\/_ruumist-ruumi\/wp-json\/wp\/v2\/media?parent=93578"}],"wp:term":[{"taxonomy":"product_brand","embeddable":true,"href":"https:\/\/blankpage.ee\/_ruumist-ruumi\/wp-json\/wp\/v2\/product_brand?post=93578"},{"taxonomy":"product_cat","embeddable":true,"href":"https:\/\/blankpage.ee\/_ruumist-ruumi\/wp-json\/wp\/v2\/product_cat?post=93578"},{"taxonomy":"product_tag","embeddable":true,"href":"https:\/\/blankpage.ee\/_ruumist-ruumi\/wp-json\/wp\/v2\/product_tag?post=93578"}],"curies":[{"name":"wp","href":"https:\/\/api.w.org\/{rel}","templated":true}]}}