{"id":93583,"date":"2025-01-21T12:23:12","date_gmt":"2025-01-21T12:23:12","guid":{"rendered":"https:\/\/ruumistruumi.ee\/pood\/tumepruun-kummut-avola-av2190-54-akaatsiapuidust\/"},"modified":"2025-04-10T11:58:00","modified_gmt":"2025-04-10T11:58:00","slug":"tumepruun-kummut-avola-av2190-54-akaatsiapuidust","status":"publish","type":"product","link":"https:\/\/blankpage.ee\/_ruumist-ruumi\/pood\/tumepruun-kummut-avola-av2190-54-akaatsiapuidust\/","title":{"rendered":"Tumepruun kummut Avola AV2190-54, akaatsiapuidust"},"content":{"rendered":"<p>Avola AV2190-54 kummut elutuppa. See ovaalse boho stiiliga kummut on valmistatud akaatsiapuidust, millel on iseloomulikud vertikaalsed liistud, mis lisavad vormile kergust ja loovad teie ruumile originaalse ilme. See toode sobib ideaalselt ainulaadse aktsendina igasse interj\u00f6\u00f6ri.<\/p>\n<p>Omadused:<br \/>\n<strong>Materjal:<\/strong> Akaatsiapuit.<br \/>\n<strong>V\u00e4rv:<\/strong> Tumepruun.<br \/>\n<strong>M\u00f5\u00f5tmed:<\/strong> Laius 137 cm, s\u00fcgavus 46 cm, k\u00f5rgus 81 cm.<br \/>\n<strong>T\u00e4iendavad detailid:<\/strong> Ovaalne pealisplaat, dekoratiivsed vertikaalsed liistud. Kaks riiulit, esipaneeli avamine 40,5 cm; riiuli m\u00f5\u00f5tmed 131 x 38,5 x 31 cm; p\u00f5randast alumiseni 10 cm.<br \/>\n<strong>Kokkupanek:<\/strong> Kokkupandud, ei vaja paigaldust. S\u00e4\u00e4stab aega ja vaeva.<\/p>\n<p>&nbsp;<\/p>\n","protected":false},"excerpt":{"rendered":"<p>Avola AV2190-54 kummut elutuppa. See ovaalse boho stiiliga kummut on valmistatud akaatsiapuidust, millel on iseloomulikud vertikaalsed liistud, mis lisavad vormile kergust ja loovad teie ruumile originaalse ilme. See toode sobib ideaalselt ainulaadse aktsendina igasse interj\u00f6\u00f6ri. Omadused: Materjal: Akaatsiapuit. V\u00e4rv: Tumepruun. M\u00f5\u00f5tmed: Laius 137 cm, s\u00fcgavus 46 cm, k\u00f5rgus 81 cm. T\u00e4iendavad detailid: Ovaalne pealisplaat, dekoratiivsed [&hellip;]<\/p>\n","protected":false},"featured_media":93584,"comment_status":"open","ping_status":"open","template":"","meta":[],"product_brand":[],"product_cat":[81],"product_tag":[],"class_list":{"0":"post-93583","1":"product","2":"type-product","3":"status-publish","4":"has-post-thumbnail","6":"product_cat-kapid-riiulid-ja-kummutid","7":"product_shipping_class-livin-hill","8":"pa_kollektsioon-avola","9":"pa_materjal-akaatsiapuit","10":"pa_riiulite-arv-76","11":"pa_varv-tumepruun","13":"first","14":"outofstock","15":"taxable","16":"shipping-taxable","17":"purchasable","18":"product-type-simple"},"_links":{"self":[{"href":"https:\/\/blankpage.ee\/_ruumist-ruumi\/wp-json\/wp\/v2\/product\/93583","targetHints":{"allow":["GET"]}}],"collection":[{"href":"https:\/\/blankpage.ee\/_ruumist-ruumi\/wp-json\/wp\/v2\/product"}],"about":[{"href":"https:\/\/blankpage.ee\/_ruumist-ruumi\/wp-json\/wp\/v2\/types\/product"}],"replies":[{"embeddable":true,"href":"https:\/\/blankpage.ee\/_ruumist-ruumi\/wp-json\/wp\/v2\/comments?post=93583"}],"wp:featuredmedia":[{"embeddable":true,"href":"https:\/\/blankpage.ee\/_ruumist-ruumi\/wp-json\/wp\/v2\/media\/93584"}],"wp:attachment":[{"href":"https:\/\/blankpage.ee\/_ruumist-ruumi\/wp-json\/wp\/v2\/media?parent=93583"}],"wp:term":[{"taxonomy":"product_brand","embeddable":true,"href":"https:\/\/blankpage.ee\/_ruumist-ruumi\/wp-json\/wp\/v2\/product_brand?post=93583"},{"taxonomy":"product_cat","embeddable":true,"href":"https:\/\/blankpage.ee\/_ruumist-ruumi\/wp-json\/wp\/v2\/product_cat?post=93583"},{"taxonomy":"product_tag","embeddable":true,"href":"https:\/\/blankpage.ee\/_ruumist-ruumi\/wp-json\/wp\/v2\/product_tag?post=93583"}],"curies":[{"name":"wp","href":"https:\/\/api.w.org\/{rel}","templated":true}]}}