{"id":93593,"date":"2025-01-21T12:34:55","date_gmt":"2025-01-21T12:34:55","guid":{"rendered":"https:\/\/ruumistruumi.ee\/pood\/kivisinine-avola-av2252-54-kummut-akaatsiapuidust\/"},"modified":"2025-06-17T08:57:53","modified_gmt":"2025-06-17T08:57:53","slug":"kivisinine-avola-av2252-54-kummut-akaatsiapuidust","status":"publish","type":"product","link":"https:\/\/blankpage.ee\/_ruumist-ruumi\/pood\/kivisinine-avola-av2252-54-kummut-akaatsiapuidust\/","title":{"rendered":"Kivisinine Avola AV2252-54 kummut, akaatsiapuidust"},"content":{"rendered":"<p>Avola AV2252-54 kummut elutuppa. See elegantne kivisinine kummut on varustatud peegelustega, mida kaunistavad dekoratiivsed liistud. M\u00f6\u00f6bel on valmistatud akaatsiapuidust, millel on sile viimistlus, pakkudes nii visuaalset kui ka praktilist v\u00e4\u00e4rtust.<\/p>\n<p>Kummutil on kolm ust ja kaks riiulit, mis pakuvad mitmek\u00fclgset hoiustamisruumi. Riiulid on reguleeritavad, v\u00f5imaldades kohandada ruumi vastavalt vajadusele. Peegeluksed lisavad ruumile avarust ja valgust, samas kui metallist k\u00e4epidemed annavad modernse ilme. Kivisinine toon koos peene viimistlusega loob rahuliku ja stiilse atmosf\u00e4\u00e4ri igas elutoas.<\/p>\n<p>Omadused:<br \/>\n<strong>Materjal:<\/strong> Akaatsiapuit ja MDF.<br \/>\n<strong>V\u00e4rv:<\/strong> Kivisinine.<br \/>\n<strong>M\u00f5\u00f5tmed:<\/strong> Laius 137 cm, s\u00fcgavus 48,5 cm, k\u00f5rgus 81,5 cm.<br \/>\n<strong>T\u00e4iendavad detailid:<\/strong> Reguleeritav sisemine riiul; peegeluksed; dekoratiivsed liistud.<br \/>\n<strong>Kokkupanek:<\/strong> T\u00e4ielikuks kokkupanekuks.<\/p>\n<p>&nbsp;<\/p>\n","protected":false},"excerpt":{"rendered":"<p>Avola AV2252-54 kummut elutuppa. See elegantne kivisinine kummut on varustatud peegelustega, mida kaunistavad dekoratiivsed liistud. M\u00f6\u00f6bel on valmistatud akaatsiapuidust, millel on sile viimistlus, pakkudes nii visuaalset kui ka praktilist v\u00e4\u00e4rtust. Kummutil on kolm ust ja kaks riiulit, mis pakuvad mitmek\u00fclgset hoiustamisruumi. Riiulid on reguleeritavad, v\u00f5imaldades kohandada ruumi vastavalt vajadusele. Peegeluksed lisavad ruumile avarust ja valgust, [&hellip;]<\/p>\n","protected":false},"featured_media":93594,"comment_status":"open","ping_status":"open","template":"","meta":[],"product_brand":[],"product_cat":[81],"product_tag":[],"class_list":{"0":"post-93593","1":"product","2":"type-product","3":"status-publish","4":"has-post-thumbnail","6":"product_cat-kapid-riiulid-ja-kummutid","7":"product_shipping_class-livin-hill","8":"pa_kaepidemed-metall","9":"pa_kollektsioon-avola","10":"pa_materjal-akaatsiapuit","11":"pa_riiulite-arv-76","12":"pa_uste-arv-84","13":"pa_varv-sinine","15":"first","16":"instock","17":"taxable","18":"shipping-taxable","19":"purchasable","20":"product-type-simple"},"_links":{"self":[{"href":"https:\/\/blankpage.ee\/_ruumist-ruumi\/wp-json\/wp\/v2\/product\/93593","targetHints":{"allow":["GET"]}}],"collection":[{"href":"https:\/\/blankpage.ee\/_ruumist-ruumi\/wp-json\/wp\/v2\/product"}],"about":[{"href":"https:\/\/blankpage.ee\/_ruumist-ruumi\/wp-json\/wp\/v2\/types\/product"}],"replies":[{"embeddable":true,"href":"https:\/\/blankpage.ee\/_ruumist-ruumi\/wp-json\/wp\/v2\/comments?post=93593"}],"wp:featuredmedia":[{"embeddable":true,"href":"https:\/\/blankpage.ee\/_ruumist-ruumi\/wp-json\/wp\/v2\/media\/93594"}],"wp:attachment":[{"href":"https:\/\/blankpage.ee\/_ruumist-ruumi\/wp-json\/wp\/v2\/media?parent=93593"}],"wp:term":[{"taxonomy":"product_brand","embeddable":true,"href":"https:\/\/blankpage.ee\/_ruumist-ruumi\/wp-json\/wp\/v2\/product_brand?post=93593"},{"taxonomy":"product_cat","embeddable":true,"href":"https:\/\/blankpage.ee\/_ruumist-ruumi\/wp-json\/wp\/v2\/product_cat?post=93593"},{"taxonomy":"product_tag","embeddable":true,"href":"https:\/\/blankpage.ee\/_ruumist-ruumi\/wp-json\/wp\/v2\/product_tag?post=93593"}],"curies":[{"name":"wp","href":"https:\/\/api.w.org\/{rel}","templated":true}]}}