{"id":93606,"date":"2025-01-21T12:34:55","date_gmt":"2025-01-21T12:34:55","guid":{"rendered":"https:\/\/ruumistruumi.ee\/pood\/valge-avola-av2251-54-kummut-akaatsiapuidust\/"},"modified":"2025-04-10T11:58:05","modified_gmt":"2025-04-10T11:58:05","slug":"valge-avola-av2251-54-kummut-akaatsiapuidust","status":"publish","type":"product","link":"https:\/\/blankpage.ee\/_ruumist-ruumi\/pood\/valge-avola-av2251-54-kummut-akaatsiapuidust\/","title":{"rendered":"Valge Avola AV2251-54 kummut, akaatsiapuidust"},"content":{"rendered":"<p>Avola AV2251-54 kummut elutuppa. See elegantne valge kummut peegeldab klassikalist stiili, mille peegeldatud uksed on viimistletud dekoratiivsete liistudega. Valmistatud vastupidavast akaatsiapuidust ja MDF-ist, kummut pakub sujuvat ja hoolikalt viimistletud pinda, mis sobib suurep\u00e4raselt igasse elutuppa, lisades sellele rafineeritust ja elegantsi.<\/p>\n<p>Kummutil on kolm ust ja kaks reguleeritavat riiulit, pakkudes piisavalt ruumi erinevate esemete hoidmiseks. Peegeluksed koos dekoratiivsete liistudega annavad kummutile ainulaadse ja silmapaistva v\u00e4limuse. Metallist k\u00e4epidemed lisavad stiilset ja kaasaegset puudutust, samas kui kummuti sisemised riiulid on reguleeritavad, v\u00f5imaldades kohandada hoiuruumi vastavalt vajadusele.<\/p>\n<p>Omadused:<br \/>\n<strong>Materjal:<\/strong> Akaatsiapuit ja MDF.<br \/>\n<strong>V\u00e4rv:<\/strong> Valge, pealmise ja \u00e4\u00e4rise v\u00e4rv.<br \/>\n<strong>M\u00f5\u00f5tmed:<\/strong> Laius 137 cm, s\u00fcgavus 48,5 cm, k\u00f5rgus 81,5 cm.<br \/>\n<strong>T\u00e4iendavad detailid:<\/strong> Reguleeritav sisemine riiul; peegeluksed; dekoratiivsed liistud.<br \/>\n<strong>Kokkupanek:<\/strong> Kokkupandud, ei vaja paigaldust. S\u00e4\u00e4stab aega ja vaeva.<\/p>\n<p>&nbsp;<\/p>\n","protected":false},"excerpt":{"rendered":"<p>Avola AV2251-54 kummut elutuppa. See elegantne valge kummut peegeldab klassikalist stiili, mille peegeldatud uksed on viimistletud dekoratiivsete liistudega. Valmistatud vastupidavast akaatsiapuidust ja MDF-ist, kummut pakub sujuvat ja hoolikalt viimistletud pinda, mis sobib suurep\u00e4raselt igasse elutuppa, lisades sellele rafineeritust ja elegantsi. Kummutil on kolm ust ja kaks reguleeritavat riiulit, pakkudes piisavalt ruumi erinevate esemete hoidmiseks. Peegeluksed [&hellip;]<\/p>\n","protected":false},"featured_media":93607,"comment_status":"open","ping_status":"open","template":"","meta":[],"product_brand":[],"product_cat":[81],"product_tag":[],"class_list":{"0":"post-93606","1":"product","2":"type-product","3":"status-publish","4":"has-post-thumbnail","6":"product_cat-kapid-riiulid-ja-kummutid","7":"product_shipping_class-livin-hill","8":"pa_kaepidemed-metall","9":"pa_kollektsioon-avola","10":"pa_materjal-akaatsiapuit","11":"pa_riiulite-arv-76","12":"pa_uste-arv-84","13":"pa_varv-valge","15":"first","16":"outofstock","17":"taxable","18":"shipping-taxable","19":"purchasable","20":"product-type-simple"},"_links":{"self":[{"href":"https:\/\/blankpage.ee\/_ruumist-ruumi\/wp-json\/wp\/v2\/product\/93606","targetHints":{"allow":["GET"]}}],"collection":[{"href":"https:\/\/blankpage.ee\/_ruumist-ruumi\/wp-json\/wp\/v2\/product"}],"about":[{"href":"https:\/\/blankpage.ee\/_ruumist-ruumi\/wp-json\/wp\/v2\/types\/product"}],"replies":[{"embeddable":true,"href":"https:\/\/blankpage.ee\/_ruumist-ruumi\/wp-json\/wp\/v2\/comments?post=93606"}],"wp:featuredmedia":[{"embeddable":true,"href":"https:\/\/blankpage.ee\/_ruumist-ruumi\/wp-json\/wp\/v2\/media\/93607"}],"wp:attachment":[{"href":"https:\/\/blankpage.ee\/_ruumist-ruumi\/wp-json\/wp\/v2\/media?parent=93606"}],"wp:term":[{"taxonomy":"product_brand","embeddable":true,"href":"https:\/\/blankpage.ee\/_ruumist-ruumi\/wp-json\/wp\/v2\/product_brand?post=93606"},{"taxonomy":"product_cat","embeddable":true,"href":"https:\/\/blankpage.ee\/_ruumist-ruumi\/wp-json\/wp\/v2\/product_cat?post=93606"},{"taxonomy":"product_tag","embeddable":true,"href":"https:\/\/blankpage.ee\/_ruumist-ruumi\/wp-json\/wp\/v2\/product_tag?post=93606"}],"curies":[{"name":"wp","href":"https:\/\/api.w.org\/{rel}","templated":true}]}}