{"id":93629,"date":"2025-01-21T12:34:55","date_gmt":"2025-01-21T12:34:55","guid":{"rendered":"https:\/\/ruumistruumi.ee\/pood\/antikvalge-kummut-avola-av1706-taaskasutatud-mannipuidust\/"},"modified":"2025-06-17T08:57:55","modified_gmt":"2025-06-17T08:57:55","slug":"antikvalge-kummut-avola-av1706-taaskasutatud-mannipuidust","status":"publish","type":"product","link":"https:\/\/blankpage.ee\/_ruumist-ruumi\/pood\/antikvalge-kummut-avola-av1706-taaskasutatud-mannipuidust\/","title":{"rendered":"Antikvalge kummut Avola AV1706, taaskasutatud m\u00e4nnipuidust"},"content":{"rendered":"<p>Avola AV1706 vitriinkapp s\u00f6\u00f6gituppa. See rustikaalne vitriinkapp on valmistatud taaskasutatud m\u00e4nnipuidust, mis lisab teie s\u00f6\u00f6gituppa soojust ja iseloomu. Kapi antiikvalge viimistlus koos pruuni pealispinnaga loob harmoonilise ja ajatu ilme. Stiilsed metallist detailid ja liuguksed annavad sellele m\u00f6\u00f6bliesemele unikaalse ja maal\u00e4hedase iseloomu.<\/p>\n<p>Vitriinkapp pakub rohkelt hoiuruumi, t\u00e4nu kahele uksele ja kolmele riiulile. Liuguksed v\u00f5imaldavad h\u00f5lpsat ligip\u00e4\u00e4su ning reguleeritav sisemine riiul v\u00f5imaldab kohandada ruumi vastavalt vajadusele. Puidust ja freesitud k\u00e4epidemed lisavad peeneid detaile, mis r\u00f5hutavad kapi k\u00e4sit\u00f6\u00f6nduslikku kvaliteeti.<\/p>\n<p>Omadused:<br \/>\n<strong>Materjal:<\/strong> Taaskasutatud m\u00e4nnipuit.<br \/>\n<strong>V\u00e4rv:<\/strong> Antiikvalge, pruun pealispind.<br \/>\n<strong>M\u00f5\u00f5tmed:<\/strong> Laius 178 cm, s\u00fcgavus 46 cm, k\u00f5rgus 209 cm.<br \/>\n<strong>T\u00e4iendavad detailid:<\/strong> Sahtli m\u00f5\u00f5tmed 35,5 x 34,5 x 14 cm; riiuli m\u00f5\u00f5tmed 71 x 38 cm; \u00fclemise riiuli m\u00f5\u00f5tmed 163,5 x 29,5 x 24,5\/29,5 cm.<br \/>\n<strong>Kokkupanek:<\/strong> Osaliselt kokku pandud, ei vaja paigaldust. S\u00e4\u00e4stab aega ja vaeva.<\/p>\n<p>&nbsp;<\/p>\n","protected":false},"excerpt":{"rendered":"<p>Avola AV1706 vitriinkapp s\u00f6\u00f6gituppa. See rustikaalne vitriinkapp on valmistatud taaskasutatud m\u00e4nnipuidust, mis lisab teie s\u00f6\u00f6gituppa soojust ja iseloomu. Kapi antiikvalge viimistlus koos pruuni pealispinnaga loob harmoonilise ja ajatu ilme. Stiilsed metallist detailid ja liuguksed annavad sellele m\u00f6\u00f6bliesemele unikaalse ja maal\u00e4hedase iseloomu. Vitriinkapp pakub rohkelt hoiuruumi, t\u00e4nu kahele uksele ja kolmele riiulile. Liuguksed v\u00f5imaldavad h\u00f5lpsat ligip\u00e4\u00e4su [&hellip;]<\/p>\n","protected":false},"featured_media":93630,"comment_status":"open","ping_status":"open","template":"","meta":[],"product_brand":[],"product_cat":[73],"product_tag":[],"class_list":{"0":"post-93629","1":"product","2":"type-product","3":"status-publish","4":"has-post-thumbnail","6":"product_cat-vitriinkapid","7":"product_shipping_class-livin-hill","8":"pa_kaepidemed-puidust-freesitud-kaepidemed","9":"pa_kollektsioon-avola","10":"pa_materjal-taaskasutatud-mannipuit","11":"pa_riiulite-arv-89","12":"pa_sahtlite-arv-100","13":"pa_uste-arv-94","14":"pa_varv-valge","16":"first","17":"outofstock","18":"taxable","19":"shipping-taxable","20":"purchasable","21":"product-type-simple"},"_links":{"self":[{"href":"https:\/\/blankpage.ee\/_ruumist-ruumi\/wp-json\/wp\/v2\/product\/93629","targetHints":{"allow":["GET"]}}],"collection":[{"href":"https:\/\/blankpage.ee\/_ruumist-ruumi\/wp-json\/wp\/v2\/product"}],"about":[{"href":"https:\/\/blankpage.ee\/_ruumist-ruumi\/wp-json\/wp\/v2\/types\/product"}],"replies":[{"embeddable":true,"href":"https:\/\/blankpage.ee\/_ruumist-ruumi\/wp-json\/wp\/v2\/comments?post=93629"}],"wp:featuredmedia":[{"embeddable":true,"href":"https:\/\/blankpage.ee\/_ruumist-ruumi\/wp-json\/wp\/v2\/media\/93630"}],"wp:attachment":[{"href":"https:\/\/blankpage.ee\/_ruumist-ruumi\/wp-json\/wp\/v2\/media?parent=93629"}],"wp:term":[{"taxonomy":"product_brand","embeddable":true,"href":"https:\/\/blankpage.ee\/_ruumist-ruumi\/wp-json\/wp\/v2\/product_brand?post=93629"},{"taxonomy":"product_cat","embeddable":true,"href":"https:\/\/blankpage.ee\/_ruumist-ruumi\/wp-json\/wp\/v2\/product_cat?post=93629"},{"taxonomy":"product_tag","embeddable":true,"href":"https:\/\/blankpage.ee\/_ruumist-ruumi\/wp-json\/wp\/v2\/product_tag?post=93629"}],"curies":[{"name":"wp","href":"https:\/\/api.w.org\/{rel}","templated":true}]}}